{"id":4810,"date":"2020-06-17T13:39:39","date_gmt":"2020-06-17T11:39:39","guid":{"rendered":"http:\/\/violmax.pl\/?post_type=product&#038;p=4810"},"modified":"2025-12-02T13:25:27","modified_gmt":"2025-12-02T12:25:27","slug":"szklarska-poreba-szklanka-do-piwa-stopka-05-litra-szrenica-szron","status":"publish","type":"product","link":"https:\/\/violmax.pl\/index.php\/produkt\/szklarska-poreba-szklanka-do-piwa-stopka-05-litra-szrenica-szron\/","title":{"rendered":"SZKLARSKA POR\u0118BA, SZKLANKA DO PIWA &#8220;MA\u0141GOSIA&#8221; 0,5 LITRA, SZRENICA SZRON"},"content":{"rendered":"<p><img loading=\"lazy\" class=\"alignnone size-medium wp-image-5265\" src=\"http:\/\/violmax.pl\/wp-content\/uploads\/2020\/10\/Szklarska_Poreba_szklanka_do_piwa_Stopka_500_ml_Szrenica_wilk_szron-240x300.png\" alt=\"\" width=\"240\" height=\"300\" srcset=\"https:\/\/violmax.pl\/wp-content\/uploads\/2020\/10\/Szklarska_Poreba_szklanka_do_piwa_Stopka_500_ml_Szrenica_wilk_szron-240x300.png 240w, https:\/\/violmax.pl\/wp-content\/uploads\/2020\/10\/Szklarska_Poreba_szklanka_do_piwa_Stopka_500_ml_Szrenica_wilk_szron-680x850.png 680w, https:\/\/violmax.pl\/wp-content\/uploads\/2020\/10\/Szklarska_Poreba_szklanka_do_piwa_Stopka_500_ml_Szrenica_wilk_szron.png 720w\" sizes=\"(max-width: 240px) 100vw, 240px\" \/><\/p>\n<p>Szklanka do piwa stopka &#8220;MA\u0141GOSIA&#8221; o pojemno\u015bci 0,5 litra z wypiaskowanym motywem charakterystycznym Szklarskiej Por\u0119by &#8211; &#8220;Szrenic\u0105&#8221; oraz jest do po\u0142owy w szronie. Na szklance widnieje napis \u201dSzklarska Por\u0119ba\u201d . Szklanka dzi\u0119ki precyzyjnemu piaskowaniu nabra\u0142a oryginalno\u015bci. Idealna pami\u0105tka z g\u00f3r. Nadaje si\u0119 do mycia w zmywarce.<\/p>\n","protected":false},"excerpt":{"rendered":"<p><img loading=\"lazy\" class=\"alignnone size-medium wp-image-3660\" src=\"http:\/\/violmax.pl\/wp-content\/uploads\/2020\/05\/VIOLMAX_POLSKA-2-300x28.jpg\" alt=\"\" width=\"300\" height=\"28\" \/><\/p>\n<p>&nbsp;<\/p>\n<p>Szklanka do piwa stopka &#8220;MA\u0141GOSIA&#8221; o pojemno\u015bci 0,5 litra z wypiaskowanym motywem charakterystycznym Szklarskiej Por\u0119by &#8211; &#8220;Szrenic\u0105&#8221; oraz jest do po\u0142owy w szronie. Na szklance widnieje napis \u201dSzklarska Por\u0119ba\u201d . Szklanka dzi\u0119ki precyzyjnemu piaskowaniu nabra\u0142a oryginalno\u015bci. Idealna pami\u0105tka z g\u00f3r. Nadaje si\u0119 do mycia w zmywarce.<\/p>\n<p><strong><em>Minimalna ilo\u015b\u0107 zam\u00f3wienia &#8211; 6 sztuk (1 opakowanie)<\/em><br \/>\n<\/strong><\/p>\n<p><strong><em>Towar sprzedawany na opakowania<\/em><\/strong><\/p>\n<h3><span style=\"color: #ff0000;\">PRZY DODAWANIU DO KOSZYKA, NALE\u017bY DODAWA\u0106 KROTNO\u015a\u0106\u00a0 LICZBY 6 &#8211; (1 opak)\u00a0 np: 6 ; 12 ; 18 itd<\/span><\/h3>\n<h3><strong>CENA ZA SZTUK\u0118.<\/strong><\/h3>\n<h2><strong>\u00a0<\/strong><\/h2>\n","protected":false},"featured_media":5265,"comment_status":"open","ping_status":"closed","template":"","meta":[],"_links":{"self":[{"href":"https:\/\/violmax.pl\/index.php\/wp-json\/wp\/v2\/product\/4810"}],"collection":[{"href":"https:\/\/violmax.pl\/index.php\/wp-json\/wp\/v2\/product"}],"about":[{"href":"https:\/\/violmax.pl\/index.php\/wp-json\/wp\/v2\/types\/product"}],"replies":[{"embeddable":true,"href":"https:\/\/violmax.pl\/index.php\/wp-json\/wp\/v2\/comments?post=4810"}],"wp:featuredmedia":[{"embeddable":true,"href":"https:\/\/violmax.pl\/index.php\/wp-json\/wp\/v2\/media\/5265"}],"wp:attachment":[{"href":"https:\/\/violmax.pl\/index.php\/wp-json\/wp\/v2\/media?parent=4810"}],"curies":[{"name":"wp","href":"https:\/\/api.w.org\/{rel}","templated":true}]}}