{"id":4793,"date":"2020-06-17T13:15:56","date_gmt":"2020-06-17T11:15:56","guid":{"rendered":"http:\/\/violmax.pl\/?post_type=product&#038;p=4793"},"modified":"2025-12-02T13:25:29","modified_gmt":"2025-12-02T12:25:29","slug":"szklarska-poreba-szklanka-do-whisky-x-290-ml-szrenica-szron","status":"publish","type":"product","link":"https:\/\/violmax.pl\/index.php\/produkt\/szklarska-poreba-szklanka-do-whisky-x-290-ml-szrenica-szron\/","title":{"rendered":"SZKLARSKA POR\u0118BA, SZKLANKA DO WHISKY &#8220;X 290&#8221; ML, SZRENICA SZRON"},"content":{"rendered":"<p><img loading=\"lazy\" class=\"alignnone size-medium wp-image-4771\" src=\"http:\/\/violmax.pl\/wp-content\/uploads\/2020\/06\/SZKLARSKA_POREBA_SZKLANKA_DO_WHISKY_290_ML_SZRENICA_SZKLARKI_SZRON-300x200.jpg\" alt=\"\" width=\"300\" height=\"200\" srcset=\"https:\/\/violmax.pl\/wp-content\/uploads\/2020\/06\/SZKLARSKA_POREBA_SZKLANKA_DO_WHISKY_290_ML_SZRENICA_SZKLARKI_SZRON-300x200.jpg 300w, https:\/\/violmax.pl\/wp-content\/uploads\/2020\/06\/SZKLARSKA_POREBA_SZKLANKA_DO_WHISKY_290_ML_SZRENICA_SZKLARKI_SZRON-768x512.jpg 768w, https:\/\/violmax.pl\/wp-content\/uploads\/2020\/06\/SZKLARSKA_POREBA_SZKLANKA_DO_WHISKY_290_ML_SZRENICA_SZKLARKI_SZRON-680x454.jpg 680w, https:\/\/violmax.pl\/wp-content\/uploads\/2020\/06\/SZKLARSKA_POREBA_SZKLANKA_DO_WHISKY_290_ML_SZRENICA_SZKLARKI_SZRON.jpg 1000w\" sizes=\"(max-width: 300px) 100vw, 300px\" \/><\/p>\n<p>Szklanka do whisky o pojemno\u015bci 290 ml w oryginalnym kszta\u0142cie X . Szklanka wypiaskowana jest ca\u0142a w motyw typowy dla Szklarskiej Por\u0119by &#8211; &#8220;Szrenica&#8221;. Ka\u017cdy detal jest zachowany. Dzi\u0119ki pe\u0142nemu piaskowaniu, szklanka trzyma si\u0119 pewnie w d\u0142oni. Idealna pami\u0105tka ze Szklarskiej Por\u0119by. Nadaje si\u0119 do mycia w zmywarce.<\/p>\n","protected":false},"excerpt":{"rendered":"<p><img loading=\"lazy\" class=\"alignnone size-medium wp-image-4666\" src=\"http:\/\/violmax.pl\/wp-content\/uploads\/2020\/06\/VIOLMAX_POLSKA-5-300x28.jpg\" alt=\"\" width=\"300\" height=\"28\" \/><\/p>\n<p>&nbsp;<\/p>\n<p>Szklanka do whisky o pojemno\u015bci 290 ml w oryginalnym kszta\u0142cie X . Szklanka wypiaskowana jest ca\u0142a w motyw typowy dla Szklarskiej Por\u0119by &#8211; &#8220;Szrenica&#8221;. Ka\u017cdy detal jest zachowany. Dzi\u0119ki pe\u0142nemu piaskowaniu, szklanka trzyma si\u0119 pewnie w d\u0142oni. Idealna pami\u0105tka ze Szklarskiej Por\u0119by. Nadaje si\u0119 do mycia w zmywarce.<\/p>\n<p><strong><em>Minimalne zam\u00f3wienie &#8211; 6 sztuk (1 opakowanie)<\/em><br \/>\n<\/strong><\/p>\n<p><strong><em>Towar sprzedawany na opakowania<\/em><\/strong><\/p>\n<h3><span style=\"color: #ff0000;\">PRZY DODAWANIU DO KOSZYKA, NALE\u017bY DODAWA\u0106 KROTNO\u015a\u0106\u00a0 LICZBY 6 &#8211; (1 opak)\u00a0 np: 6 ; 12 ; 18 itd<\/span><\/h3>\n<h3><strong>CENA ZA SZTUK\u0118.<\/strong><\/h3>\n<h2><strong>\u00a0<\/strong><\/h2>\n","protected":false},"featured_media":4771,"comment_status":"open","ping_status":"closed","template":"","meta":[],"_links":{"self":[{"href":"https:\/\/violmax.pl\/index.php\/wp-json\/wp\/v2\/product\/4793"}],"collection":[{"href":"https:\/\/violmax.pl\/index.php\/wp-json\/wp\/v2\/product"}],"about":[{"href":"https:\/\/violmax.pl\/index.php\/wp-json\/wp\/v2\/types\/product"}],"replies":[{"embeddable":true,"href":"https:\/\/violmax.pl\/index.php\/wp-json\/wp\/v2\/comments?post=4793"}],"wp:featuredmedia":[{"embeddable":true,"href":"https:\/\/violmax.pl\/index.php\/wp-json\/wp\/v2\/media\/4771"}],"wp:attachment":[{"href":"https:\/\/violmax.pl\/index.php\/wp-json\/wp\/v2\/media?parent=4793"}],"curies":[{"name":"wp","href":"https:\/\/api.w.org\/{rel}","templated":true}]}}