{"id":4778,"date":"2020-06-17T12:54:15","date_gmt":"2020-06-17T10:54:15","guid":{"rendered":"http:\/\/violmax.pl\/?post_type=product&#038;p=4778"},"modified":"2025-12-02T13:25:30","modified_gmt":"2025-12-02T12:25:30","slug":"szklarska-poreba-szklanka-long-drink-x-300-ml-wodospad-szklarki-szron","status":"publish","type":"product","link":"https:\/\/violmax.pl\/index.php\/produkt\/szklarska-poreba-szklanka-long-drink-x-300-ml-wodospad-szklarki-szron\/","title":{"rendered":"SZKLARSKA POR\u0118BA, SZKLANKA LONG DRINK &#8220;X 300&#8221; ML, WODOSPAD SZKLARKI SZRON"},"content":{"rendered":"<p><img loading=\"lazy\" class=\"alignnone size-medium wp-image-5275\" src=\"http:\/\/violmax.pl\/wp-content\/uploads\/2020\/10\/Szklarska_Poreba_szklanka_long_drink_X_300_ml_wodospad_Szklarki_szron-300x300.png\" alt=\"\" width=\"300\" height=\"300\" srcset=\"https:\/\/violmax.pl\/wp-content\/uploads\/2020\/10\/Szklarska_Poreba_szklanka_long_drink_X_300_ml_wodospad_Szklarki_szron-300x300.png 300w, https:\/\/violmax.pl\/wp-content\/uploads\/2020\/10\/Szklarska_Poreba_szklanka_long_drink_X_300_ml_wodospad_Szklarki_szron-150x150.png 150w, https:\/\/violmax.pl\/wp-content\/uploads\/2020\/10\/Szklarska_Poreba_szklanka_long_drink_X_300_ml_wodospad_Szklarki_szron-768x768.png 768w, https:\/\/violmax.pl\/wp-content\/uploads\/2020\/10\/Szklarska_Poreba_szklanka_long_drink_X_300_ml_wodospad_Szklarki_szron-680x680.png 680w, https:\/\/violmax.pl\/wp-content\/uploads\/2020\/10\/Szklarska_Poreba_szklanka_long_drink_X_300_ml_wodospad_Szklarki_szron-100x100.png 100w, https:\/\/violmax.pl\/wp-content\/uploads\/2020\/10\/Szklarska_Poreba_szklanka_long_drink_X_300_ml_wodospad_Szklarki_szron.png 900w\" sizes=\"(max-width: 300px) 100vw, 300px\" \/><\/p>\n<p>Szklanka do drink\u00f3w\/ napoj\u00f3w zimnych o pojemno\u015bci 300 ml w oryginalnym kszta\u0142cie \u201dX\u201d. Szklanka wypiaskowana jest ca\u0142a w motyw typowy dla Szklarskiej Por\u0119by &#8211; &#8220;Wodospad Szklarki&#8221;. Ka\u017cdy detal jest zachowany. Dzi\u0119ki pe\u0142nemu piaskowaniu do po\u0142owy, szklanka trzyma si\u0119 pewnie w d\u0142oni. Idealna pami\u0105tka ze Szklarskiej Por\u0119by. Nadaje si\u0119 do mycia w zmywarce.<\/p>\n","protected":false},"excerpt":{"rendered":"<p><img loading=\"lazy\" class=\"alignnone size-medium wp-image-4666\" src=\"http:\/\/violmax.pl\/wp-content\/uploads\/2020\/06\/VIOLMAX_POLSKA-5-300x28.jpg\" alt=\"\" width=\"300\" height=\"28\" \/><\/p>\n<p>&nbsp;<\/p>\n<p>Szklanka do drink\u00f3w\/ napoj\u00f3w zimnych o pojemno\u015bci 300 ml w oryginalnym kszta\u0142cie \u201dX\u201d. Szklanka wypiaskowana jest ca\u0142a w motyw typowy dla Szklarskiej Por\u0119by &#8211; &#8220;Wodospad Szklarki&#8221;. Ka\u017cdy detal jest zachowany. Dzi\u0119ki pe\u0142nemu piaskowaniu do po\u0142owy, szklanka trzyma si\u0119 pewnie w d\u0142oni. Idealna pami\u0105tka ze Szklarskiej Por\u0119by. Nadaje si\u0119 do mycia w zmywarce.<\/p>\n<p><strong><em>Minimalne zam\u00f3wienie &#8211; 6 sztuk (1 opakowanie)<\/em><br \/>\n<\/strong><\/p>\n<p><strong><em>Towar sprzedawany na opakowania<\/em><\/strong><\/p>\n<h3><span style=\"color: #ff0000;\">PRZY DODAWANIU DO KOSZYKA, NALE\u017bY DODAWA\u0106 KROTNO\u015a\u0106\u00a0 LICZBY 6 &#8211; (1 opak)\u00a0 np: 6 ; 12 ; 18 itd<\/span><\/h3>\n<h3><strong>CENA ZA SZTUK\u0118.<\/strong><\/h3>\n<h2><strong>\u00a0<\/strong><\/h2>\n","protected":false},"featured_media":5275,"comment_status":"open","ping_status":"closed","template":"","meta":[],"_links":{"self":[{"href":"https:\/\/violmax.pl\/index.php\/wp-json\/wp\/v2\/product\/4778"}],"collection":[{"href":"https:\/\/violmax.pl\/index.php\/wp-json\/wp\/v2\/product"}],"about":[{"href":"https:\/\/violmax.pl\/index.php\/wp-json\/wp\/v2\/types\/product"}],"replies":[{"embeddable":true,"href":"https:\/\/violmax.pl\/index.php\/wp-json\/wp\/v2\/comments?post=4778"}],"wp:featuredmedia":[{"embeddable":true,"href":"https:\/\/violmax.pl\/index.php\/wp-json\/wp\/v2\/media\/5275"}],"wp:attachment":[{"href":"https:\/\/violmax.pl\/index.php\/wp-json\/wp\/v2\/media?parent=4778"}],"curies":[{"name":"wp","href":"https:\/\/api.w.org\/{rel}","templated":true}]}}