{"id":477,"date":"2019-08-30T13:24:56","date_gmt":"2019-08-30T11:24:56","guid":{"rendered":"http:\/\/violmax.wroclaw.pl\/?post_type=product&#038;p=477"},"modified":"2025-12-02T13:30:12","modified_gmt":"2025-12-02T12:30:12","slug":"krakow-szklanka-do-whisky-250-ml-kwadrat-szron-dorozka-krakowska","status":"publish","type":"product","link":"https:\/\/violmax.pl\/index.php\/produkt\/krakow-szklanka-do-whisky-250-ml-kwadrat-szron-dorozka-krakowska\/","title":{"rendered":"KRAK\u00d3W, SZKLANKA DO WHISKY &#8220;KWADRAT&#8221; 250 ML, SZRON DORO\u017bKA KRAKOWSKA"},"content":{"rendered":"<p><img loading=\"lazy\" class=\"alignnone size-medium wp-image-6428\" src=\"http:\/\/violmax.pl\/wp-content\/uploads\/2020\/12\/krakow_szklanka_do_whisky_kwadrat_250_ml_dorozka_szron-300x240.png\" alt=\"\" width=\"300\" height=\"240\" srcset=\"https:\/\/violmax.pl\/wp-content\/uploads\/2020\/12\/krakow_szklanka_do_whisky_kwadrat_250_ml_dorozka_szron-300x240.png 300w, https:\/\/violmax.pl\/wp-content\/uploads\/2020\/12\/krakow_szklanka_do_whisky_kwadrat_250_ml_dorozka_szron-768x614.png 768w, https:\/\/violmax.pl\/wp-content\/uploads\/2020\/12\/krakow_szklanka_do_whisky_kwadrat_250_ml_dorozka_szron-320x256.png 320w, https:\/\/violmax.pl\/wp-content\/uploads\/2020\/12\/krakow_szklanka_do_whisky_kwadrat_250_ml_dorozka_szron-680x544.png 680w, https:\/\/violmax.pl\/wp-content\/uploads\/2020\/12\/krakow_szklanka_do_whisky_kwadrat_250_ml_dorozka_szron.png 900w\" sizes=\"(max-width: 300px) 100vw, 300px\" \/><\/p>\n<p>Szklanka do Whisky o pojemno\u015bci 250 ml. Porz\u0105dne szk\u0142o. Na szklance wypiaskowany zosta\u0142 motyw doro\u017cki krakowskiej oraz nazwa miejscowo\u015bci \u2013 Krak\u00f3w. Pami\u0105tka dla ka\u017cdego, idealny prezent. Sprawdzi si\u0119 jako szk\u0142o do u\u017cytku codziennego oraz jako ozdoba np w salonie \u2013 w barku.Idealna pami\u0105tka z Krakowa.<\/p>\n","protected":false},"excerpt":{"rendered":"<p><img loading=\"lazy\" class=\"alignnone size-medium wp-image-4074\" src=\"http:\/\/violmax.pl\/wp-content\/uploads\/2020\/05\/VIOLMAX_POLSKA-11-300x28.jpg\" alt=\"\" width=\"300\" height=\"28\" \/><\/p>\n<p>&nbsp;<\/p>\n<p>Szklanka do Whisky o pojemno\u015bci 250 ml. Porz\u0105dne szk\u0142o. Na szklance wypiaskowany zosta\u0142 motyw doro\u017cki krakowskiej oraz nazwa miejscowo\u015bci \u2013 Krak\u00f3w. Pami\u0105tka dla ka\u017cdego, idealny prezent. Sprawdzi si\u0119 jako szk\u0142o do u\u017cytku codziennego oraz jako ozdoba np w salonie \u2013 w barku.Idealna pami\u0105tka z Krakowa.<\/p>\n<p><strong><em>Minimalna ilo\u015b\u0107 zam\u00f3wienia &#8211; 6 sztuk (1 opakowanie)<\/em><br \/>\n<\/strong><\/p>\n<p><strong><em>Towar sprzedawany na opakowania<\/em><\/strong><\/p>\n<h3><span style=\"color: #ff0000;\">PRZY DODAWANIU DO KOSZYKA, NALE\u017bY DODAWA\u0106 KROTNO\u015a\u0106\u00a0 LICZBY 6 &#8211; (1 opak)\u00a0 np: 6 ; 12 ; 18 itd<\/span><\/h3>\n<h3><strong>CENA ZA SZTUK\u0118.<\/strong><\/h3>\n","protected":false},"featured_media":6428,"comment_status":"open","ping_status":"closed","template":"","meta":[],"_links":{"self":[{"href":"https:\/\/violmax.pl\/index.php\/wp-json\/wp\/v2\/product\/477"}],"collection":[{"href":"https:\/\/violmax.pl\/index.php\/wp-json\/wp\/v2\/product"}],"about":[{"href":"https:\/\/violmax.pl\/index.php\/wp-json\/wp\/v2\/types\/product"}],"replies":[{"embeddable":true,"href":"https:\/\/violmax.pl\/index.php\/wp-json\/wp\/v2\/comments?post=477"}],"wp:featuredmedia":[{"embeddable":true,"href":"https:\/\/violmax.pl\/index.php\/wp-json\/wp\/v2\/media\/6428"}],"wp:attachment":[{"href":"https:\/\/violmax.pl\/index.php\/wp-json\/wp\/v2\/media?parent=477"}],"curies":[{"name":"wp","href":"https:\/\/api.w.org\/{rel}","templated":true}]}}