{"id":475,"date":"2019-08-30T13:20:04","date_gmt":"2019-08-30T11:20:04","guid":{"rendered":"http:\/\/violmax.wroclaw.pl\/?post_type=product&#038;p=475"},"modified":"2025-12-02T13:30:33","modified_gmt":"2025-12-02T12:30:33","slug":"krakow-kufel-do-piwa-miodzio-500-ml-odlew-wawel-kolor","status":"publish","type":"product","link":"https:\/\/violmax.pl\/index.php\/produkt\/krakow-kufel-do-piwa-miodzio-500-ml-odlew-wawel-kolor\/","title":{"rendered":"KRAK\u00d3W, KUFEL DO PIWA &#8220;MIODZIO 2&#8221; 0,5 LITRA, ZAMEK KR\u00d3LEWSKI NA WAWELU ODLEW KOLOR"},"content":{"rendered":"<p><img loading=\"lazy\" class=\"alignnone size-medium wp-image-6383\" src=\"http:\/\/violmax.pl\/wp-content\/uploads\/2020\/12\/krakow_kufel_do_piwa_miodzio_500_ml_wawel_odlew_kolor-300x300.png\" alt=\"\" width=\"300\" height=\"300\" srcset=\"https:\/\/violmax.pl\/wp-content\/uploads\/2020\/12\/krakow_kufel_do_piwa_miodzio_500_ml_wawel_odlew_kolor-300x300.png 300w, https:\/\/violmax.pl\/wp-content\/uploads\/2020\/12\/krakow_kufel_do_piwa_miodzio_500_ml_wawel_odlew_kolor-150x150.png 150w, https:\/\/violmax.pl\/wp-content\/uploads\/2020\/12\/krakow_kufel_do_piwa_miodzio_500_ml_wawel_odlew_kolor-768x768.png 768w, https:\/\/violmax.pl\/wp-content\/uploads\/2020\/12\/krakow_kufel_do_piwa_miodzio_500_ml_wawel_odlew_kolor-680x680.png 680w, https:\/\/violmax.pl\/wp-content\/uploads\/2020\/12\/krakow_kufel_do_piwa_miodzio_500_ml_wawel_odlew_kolor-100x100.png 100w, https:\/\/violmax.pl\/wp-content\/uploads\/2020\/12\/krakow_kufel_do_piwa_miodzio_500_ml_wawel_odlew_kolor.png 900w\" sizes=\"(max-width: 300px) 100vw, 300px\" \/><\/p>\n<p>Kufel do piwa \u201dMiodzio\u201d o litra\u017cu 0,5 litra. Na kuflu s\u0105 wy\u017c\u0142obione charakterystyczne dla \u201dmiodzia\u201d p\u0142aty w szkle. Na \u015brodku kufla widzimy metalowy odlew w kolorze &#8211;\u00a0 Zamek Kr\u00f3lewski na Wawelu. Klasyczny, wygodny kufel, kt\u00f3ry sprawdzi si\u0119 u ka\u017cdego. Idealna pami\u0105tka z Krakowa.<\/p>\n","protected":false},"excerpt":{"rendered":"<div class=\"woocommerce-product-details__short-description\">\n<p><img loading=\"lazy\" class=\"alignnone size-medium wp-image-4074\" src=\"http:\/\/violmax.pl\/wp-content\/uploads\/2020\/05\/VIOLMAX_POLSKA-11-300x28.jpg\" alt=\"\" width=\"300\" height=\"28\" \/><\/p>\n<p>&nbsp;<\/p>\n<p>Kufel do piwa \u201dMiodzio\u201d o litra\u017cu 0,5 litra. Na kuflu s\u0105 wy\u017c\u0142obione charakterystyczne dla \u201dmiodzia\u201d p\u0142aty w szkle. Na \u015brodku kufla widzimy metalowy odlew w kolorze &#8211;\u00a0 Zamek Kr\u00f3lewski na Wawelu. Klasyczny, wygodny kufel, kt\u00f3ry sprawdzi si\u0119 u ka\u017cdego. Idealna pami\u0105tka z Krakowa.<\/p>\n<\/div>\n<p><strong><em>Minimalna ilo\u015b\u0107 zam\u00f3wienia &#8211; 6 sztuk (1 opakowanie)<\/em><br \/>\n<\/strong><\/p>\n<p><strong><em>Towar sprzedawany na opakowania<\/em><\/strong><\/p>\n<h3><span style=\"color: #ff0000;\">PRZY DODAWANIU DO KOSZYKA, NALE\u017bY DODAWA\u0106 KROTNO\u015a\u0106\u00a0 LICZBY 6 &#8211; (1 opak)\u00a0 np: 6 ; 12 ; 18 itd<\/span><\/h3>\n<h3><strong>CENA ZA SZTUK\u0118.<\/strong><\/h3>\n","protected":false},"featured_media":6383,"comment_status":"open","ping_status":"closed","template":"","meta":[],"_links":{"self":[{"href":"https:\/\/violmax.pl\/index.php\/wp-json\/wp\/v2\/product\/475"}],"collection":[{"href":"https:\/\/violmax.pl\/index.php\/wp-json\/wp\/v2\/product"}],"about":[{"href":"https:\/\/violmax.pl\/index.php\/wp-json\/wp\/v2\/types\/product"}],"replies":[{"embeddable":true,"href":"https:\/\/violmax.pl\/index.php\/wp-json\/wp\/v2\/comments?post=475"}],"wp:featuredmedia":[{"embeddable":true,"href":"https:\/\/violmax.pl\/index.php\/wp-json\/wp\/v2\/media\/6383"}],"wp:attachment":[{"href":"https:\/\/violmax.pl\/index.php\/wp-json\/wp\/v2\/media?parent=475"}],"curies":[{"name":"wp","href":"https:\/\/api.w.org\/{rel}","templated":true}]}}