{"id":473,"date":"2019-08-30T13:16:06","date_gmt":"2019-08-30T11:16:06","guid":{"rendered":"http:\/\/violmax.wroclaw.pl\/?post_type=product&#038;p=473"},"modified":"2025-12-02T13:30:34","modified_gmt":"2025-12-02T12:30:34","slug":"krakow-kufel-do-piwa-berna-500-ml-owal-metal-dorozka","status":"publish","type":"product","link":"https:\/\/violmax.pl\/index.php\/produkt\/krakow-kufel-do-piwa-berna-500-ml-owal-metal-dorozka\/","title":{"rendered":"KRAK\u00d3W, KUFEL DO PIWA &#8220;BERNA&#8221; 500 ML, OWAL DORO\u017bKA KRAKOWSKA"},"content":{"rendered":"<p><img loading=\"lazy\" class=\"alignnone size-medium wp-image-4674\" src=\"http:\/\/violmax.pl\/wp-content\/uploads\/2020\/06\/KRAKOW_KUFEL_DO_PIWA_BREMA_500_ML_WAWEL_DOROZKA_OWAL-250x300.jpg\" alt=\"\" width=\"250\" height=\"300\" srcset=\"https:\/\/violmax.pl\/wp-content\/uploads\/2020\/06\/KRAKOW_KUFEL_DO_PIWA_BREMA_500_ML_WAWEL_DOROZKA_OWAL-250x300.jpg 250w, https:\/\/violmax.pl\/wp-content\/uploads\/2020\/06\/KRAKOW_KUFEL_DO_PIWA_BREMA_500_ML_WAWEL_DOROZKA_OWAL-680x816.jpg 680w, https:\/\/violmax.pl\/wp-content\/uploads\/2020\/06\/KRAKOW_KUFEL_DO_PIWA_BREMA_500_ML_WAWEL_DOROZKA_OWAL.jpg 750w\" sizes=\"(max-width: 250px) 100vw, 250px\" \/><\/p>\n<p>Kufel do piwa \u201dBERNA\u201d o litra\u017cu 0,5 litra z okaza\u0142\u0105 metalow\u0105,owaln\u0105 blach\u0105.Na metalowej ozdobie wida\u0107 rynek krakowski oraz doro\u017ck\u0119.Ca\u0142o\u015b\u0107 metalowego motywu jest w kolorze starego z\u0142ota. Bardzo okaza\u0142y kufel. \u015awietna pami\u0105tka dla lubuj\u0105cych si\u0119 w piwie, szczeg\u00f3lnie dla m\u0119skiej r\u0119ki. To ci\u0119\u017cki, porz\u0105dny kufel, kt\u00f3ry zawsze przypomni o pobycie w Krakowie.Idealna pami\u0105tka.<\/p>\n","protected":false},"excerpt":{"rendered":"<p><img loading=\"lazy\" class=\"alignnone size-medium wp-image-4074\" src=\"http:\/\/violmax.pl\/wp-content\/uploads\/2020\/05\/VIOLMAX_POLSKA-11-300x28.jpg\" alt=\"\" width=\"300\" height=\"28\" \/><\/p>\n<p>&nbsp;<\/p>\n<p>Kufel do piwa \u201dBERNA\u201d o litra\u017cu 0,5 litra z okaza\u0142\u0105 metalow\u0105,owaln\u0105 blach\u0105.Na metalowej ozdobie wida\u0107 rynek krakowski oraz doro\u017ck\u0119.Ca\u0142o\u015b\u0107 metalowego motywu jest w kolorze starego z\u0142ota. Bardzo okaza\u0142y kufel. \u015awietna pami\u0105tka dla lubuj\u0105cych si\u0119 w piwie, szczeg\u00f3lnie dla m\u0119skiej r\u0119ki. To ci\u0119\u017cki, porz\u0105dny kufel, kt\u00f3ry zawsze przypomni o pobycie w Krakowie.Idealna pami\u0105tka.<\/p>\n<p><strong><em>Minimalna ilo\u015b\u0107 zam\u00f3wienia &#8211; 6 sztuk (1 opakowanie)<\/em><br \/>\n<\/strong><\/p>\n<p><strong><em>Towar sprzedawany na opakowania<\/em><\/strong><\/p>\n<h3><span style=\"color: #ff0000;\">PRZY DODAWANIU DO KOSZYKA, NALE\u017bY DODAWA\u0106 KROTNO\u015a\u0106\u00a0 LICZBY 6 &#8211; (1 opak)\u00a0 np: 6 ; 12 ; 18 itd<\/span><\/h3>\n<h3><strong>CENA ZA SZTUK\u0118.<\/strong><\/h3>\n","protected":false},"featured_media":4674,"comment_status":"open","ping_status":"closed","template":"","meta":[],"_links":{"self":[{"href":"https:\/\/violmax.pl\/index.php\/wp-json\/wp\/v2\/product\/473"}],"collection":[{"href":"https:\/\/violmax.pl\/index.php\/wp-json\/wp\/v2\/product"}],"about":[{"href":"https:\/\/violmax.pl\/index.php\/wp-json\/wp\/v2\/types\/product"}],"replies":[{"embeddable":true,"href":"https:\/\/violmax.pl\/index.php\/wp-json\/wp\/v2\/comments?post=473"}],"wp:featuredmedia":[{"embeddable":true,"href":"https:\/\/violmax.pl\/index.php\/wp-json\/wp\/v2\/media\/4674"}],"wp:attachment":[{"href":"https:\/\/violmax.pl\/index.php\/wp-json\/wp\/v2\/media?parent=473"}],"curies":[{"name":"wp","href":"https:\/\/api.w.org\/{rel}","templated":true}]}}