{"id":4663,"date":"2020-06-12T20:08:23","date_gmt":"2020-06-12T18:08:23","guid":{"rendered":"http:\/\/violmax.pl\/?post_type=product&#038;p=4663"},"modified":"2025-12-02T13:25:33","modified_gmt":"2025-12-02T12:25:33","slug":"swidnica-kieliszek-do-wodki-mixology-40-ml-herb-blaszka","status":"publish","type":"product","link":"https:\/\/violmax.pl\/index.php\/produkt\/swidnica-kieliszek-do-wodki-mixology-40-ml-herb-blaszka\/","title":{"rendered":"\u015aWIDNICA, KIELISZEK DO W\u00d3DKI &#8220;MIXOLOGY&#8221; 40 ml, HERB BLASZKA"},"content":{"rendered":"<p><img loading=\"lazy\" class=\"alignnone size-medium wp-image-4650\" src=\"http:\/\/violmax.pl\/wp-content\/uploads\/2020\/06\/SWIDNICA_KIELISZEK_DO_WODKI_MIXOLOGY_40_ML_HERB_BLASZKA-300x200.jpg\" alt=\"\" width=\"300\" height=\"200\" srcset=\"https:\/\/violmax.pl\/wp-content\/uploads\/2020\/06\/SWIDNICA_KIELISZEK_DO_WODKI_MIXOLOGY_40_ML_HERB_BLASZKA-300x200.jpg 300w, https:\/\/violmax.pl\/wp-content\/uploads\/2020\/06\/SWIDNICA_KIELISZEK_DO_WODKI_MIXOLOGY_40_ML_HERB_BLASZKA-768x511.jpg 768w, https:\/\/violmax.pl\/wp-content\/uploads\/2020\/06\/SWIDNICA_KIELISZEK_DO_WODKI_MIXOLOGY_40_ML_HERB_BLASZKA-680x453.jpg 680w, https:\/\/violmax.pl\/wp-content\/uploads\/2020\/06\/SWIDNICA_KIELISZEK_DO_WODKI_MIXOLOGY_40_ML_HERB_BLASZKA.jpg 1000w\" sizes=\"(max-width: 300px) 100vw, 300px\" \/><\/p>\n<p>Kieliszek do w\u00f3dki MIXOLOGY 40 ml. Jest na nim odlew herbu \u015awidnicy. Znakomicie sprawdzi si\u0119 jako kieliszek do codziennego u\u017cytku lub jako \u015bwietna pami\u0105tka ze \u015awidnicy. Idealny na prezent dla lubuj\u0105cych si\u0119 kolekcjoner\u00f3w kieliszk\u00f3w z r\u00f3\u017cnych miejscowo\u015bci, kt\u00f3re ceni\u0105 sobie pami\u0105tki ze smakiem. Ozdobi ka\u017cde wn\u0119trze i zachwyci go\u015bci. \u015awietna pami\u0105tka ze \u015awidnicy.<\/p>\n<p>&nbsp;<\/p>\n<p>&nbsp;<\/p>\n","protected":false},"excerpt":{"rendered":"<div class=\"woocommerce-product-details__short-description\">\n<div class=\"woocommerce-product-details__short-description\">\n<div class=\"woocommerce-product-details__short-description\">\n<p><img loading=\"lazy\" class=\"alignnone size-medium wp-image-3492\" src=\"http:\/\/violmax.pl\/wp-content\/uploads\/2020\/05\/VIOLMAX_POLSKA-300x28.jpg\" alt=\"\" width=\"300\" height=\"28\" \/><\/p>\n<p>&nbsp;<\/p>\n<p>Kieliszek do w\u00f3dki MIXOLOGY 40 ml. Jest na nim odlew herbu \u015awidnicy. Znakomicie sprawdzi si\u0119 jako kieliszek do codziennego u\u017cytku lub jako \u015bwietna pami\u0105tka ze \u015awidnicy. Idealny na prezent dla lubuj\u0105cych si\u0119 kolekcjoner\u00f3w kieliszk\u00f3w z r\u00f3\u017cnych miejscowo\u015bci, kt\u00f3re ceni\u0105 sobie pami\u0105tki ze smakiem. Ozdobi ka\u017cde wn\u0119trze i zachwyci go\u015bci. \u015awietna pami\u0105tka ze \u015awidnicy.<\/p>\n<p><strong><em>Minimalna ilo\u015b\u0107 zam\u00f3wienia \u2013 6 sztuk (1 opakowanie)<\/em><br \/>\n<\/strong><\/p>\n<p><strong><em>Towar sprzedawany na opakowania<\/em><\/strong><\/p>\n<h3><span style=\"color: #ff0000;\">PRZY DODAWANIU DO KOSZYKA, NALE\u017bY DODAWA\u0106 KROTNO\u015a\u0106\u00a0 LICZBY 6 &#8211; (1 opak)\u00a0 np: 6 ; 12 ; 18 itd<\/span><\/h3>\n<h3><strong>CENA ZA SZTUK\u0118.<\/strong><\/h3>\n<h2><strong>\u00a0<\/strong><\/h2>\n<h2><strong>\u00a0<\/strong><\/h2>\n<\/div>\n<\/div>\n<\/div>\n","protected":false},"featured_media":4650,"comment_status":"open","ping_status":"closed","template":"","meta":[],"_links":{"self":[{"href":"https:\/\/violmax.pl\/index.php\/wp-json\/wp\/v2\/product\/4663"}],"collection":[{"href":"https:\/\/violmax.pl\/index.php\/wp-json\/wp\/v2\/product"}],"about":[{"href":"https:\/\/violmax.pl\/index.php\/wp-json\/wp\/v2\/types\/product"}],"replies":[{"embeddable":true,"href":"https:\/\/violmax.pl\/index.php\/wp-json\/wp\/v2\/comments?post=4663"}],"wp:featuredmedia":[{"embeddable":true,"href":"https:\/\/violmax.pl\/index.php\/wp-json\/wp\/v2\/media\/4650"}],"wp:attachment":[{"href":"https:\/\/violmax.pl\/index.php\/wp-json\/wp\/v2\/media?parent=4663"}],"curies":[{"name":"wp","href":"https:\/\/api.w.org\/{rel}","templated":true}]}}