{"id":466,"date":"2019-08-30T13:06:15","date_gmt":"2019-08-30T11:06:15","guid":{"rendered":"http:\/\/violmax.wroclaw.pl\/?post_type=product&#038;p=466"},"modified":"2026-01-10T08:29:26","modified_gmt":"2026-01-10T07:29:26","slug":"krakow-kieliszek-do-wodki-shot-50-ml-szron-wawel","status":"publish","type":"product","link":"https:\/\/violmax.pl\/index.php\/produkt\/krakow-kieliszek-do-wodki-shot-50-ml-szron-wawel\/","title":{"rendered":"KRAK\u00d3W, KIELISZEK DO W\u00d3DKI &#8220;SHOT 50&#8221; ML, ZAMEK KR\u00d3LEWSKI NA WAWELU SZRON"},"content":{"rendered":"<p>&nbsp;<\/p>\n<p><img loading=\"lazy\" class=\"alignnone size-medium wp-image-4670\" src=\"http:\/\/violmax.pl\/wp-content\/uploads\/2020\/06\/KRAKOW_KIELISZEK_DO_WODKI_SHOT_50_ML_WAWEL_SZRON-300x300.jpg\" alt=\"\" width=\"300\" height=\"300\" srcset=\"https:\/\/violmax.pl\/wp-content\/uploads\/2020\/06\/KRAKOW_KIELISZEK_DO_WODKI_SHOT_50_ML_WAWEL_SZRON-300x300.jpg 300w, https:\/\/violmax.pl\/wp-content\/uploads\/2020\/06\/KRAKOW_KIELISZEK_DO_WODKI_SHOT_50_ML_WAWEL_SZRON-150x150.jpg 150w, https:\/\/violmax.pl\/wp-content\/uploads\/2020\/06\/KRAKOW_KIELISZEK_DO_WODKI_SHOT_50_ML_WAWEL_SZRON-768x768.jpg 768w, https:\/\/violmax.pl\/wp-content\/uploads\/2020\/06\/KRAKOW_KIELISZEK_DO_WODKI_SHOT_50_ML_WAWEL_SZRON-680x680.jpg 680w, https:\/\/violmax.pl\/wp-content\/uploads\/2020\/06\/KRAKOW_KIELISZEK_DO_WODKI_SHOT_50_ML_WAWEL_SZRON-100x100.jpg 100w, https:\/\/violmax.pl\/wp-content\/uploads\/2020\/06\/KRAKOW_KIELISZEK_DO_WODKI_SHOT_50_ML_WAWEL_SZRON.jpg 900w\" sizes=\"(max-width: 300px) 100vw, 300px\" \/><\/p>\n<p>Kieliszek do w\u00f3dki o pojemno\u015bci 50 ml. Ca\u0142y kieliszek zosta\u0142 wypiaskowany.Widzimy na nim Zamek Kr\u00f3lewski na Wawelu,oraz wypiaskowan\u0105 nazw\u0119 miasta &#8221;Krak\u00f3w&#8221;. Kieliszek pomimo ma\u0142ego rozmiaru robi ogromne wra\u017cenie.Po\u0142\u0105czenie praktycznej rzeczy z oryginaln\u0105 pami\u0105tk\u0105 i ozdob\u0105 np w kuchennej szafce czy eleganckim barku, w salonie.Idealna pami\u0105tka z Krakowa. Nadaje si\u0119 do mycia w zmywarce.<\/p>\n","protected":false},"excerpt":{"rendered":"<p><img loading=\"lazy\" class=\"alignnone size-medium wp-image-4074\" src=\"http:\/\/violmax.pl\/wp-content\/uploads\/2020\/05\/VIOLMAX_POLSKA-11-300x28.jpg\" alt=\"\" width=\"300\" height=\"28\" \/><\/p>\n<p>&nbsp;<\/p>\n<p>Kieliszek do w\u00f3dki o pojemno\u015bci 50 ml. Ca\u0142y kieliszek zosta\u0142 wypiaskowany.Widzimy na nim Zamek Kr\u00f3lewski na Wawelu,oraz wypiaskowan\u0105 nazw\u0119 miasta &#8221;Krak\u00f3w&#8221;. Kieliszek pomimo ma\u0142ego rozmiaru robi ogromne wra\u017cenie.Po\u0142\u0105czenie praktycznej rzeczy z oryginaln\u0105 pami\u0105tk\u0105 i ozdob\u0105 np w kuchennej szafce czy eleganckim barku, w salonie.Idealna pami\u0105tka z Krakowa. Nadaje si\u0119 do mycia w zmywarce.<\/p>\n<p><strong><em>Minimalna ilo\u015b\u0107 zam\u00f3wienia &#8211; 6 sztuk (1 opakowanie)<\/em><br \/>\n<\/strong><\/p>\n<p><strong><em>Towar sprzedawany na opakowania<\/em><\/strong><\/p>\n<h3><span style=\"color: #ff0000;\">PRZY DODAWANIU DO KOSZYKA, NALE\u017bY DODAWA\u0106 KROTNO\u015a\u0106\u00a0 LICZBY 6 &#8211; (1 opak)\u00a0 np: 6 ; 12 ; 18 itd<\/span><\/h3>\n<h3><strong>CENA ZA SZTUK\u0118.<\/strong><\/h3>\n","protected":false},"featured_media":4670,"comment_status":"open","ping_status":"closed","template":"","meta":[],"_links":{"self":[{"href":"https:\/\/violmax.pl\/index.php\/wp-json\/wp\/v2\/product\/466"}],"collection":[{"href":"https:\/\/violmax.pl\/index.php\/wp-json\/wp\/v2\/product"}],"about":[{"href":"https:\/\/violmax.pl\/index.php\/wp-json\/wp\/v2\/types\/product"}],"replies":[{"embeddable":true,"href":"https:\/\/violmax.pl\/index.php\/wp-json\/wp\/v2\/comments?post=466"}],"wp:featuredmedia":[{"embeddable":true,"href":"https:\/\/violmax.pl\/index.php\/wp-json\/wp\/v2\/media\/4670"}],"wp:attachment":[{"href":"https:\/\/violmax.pl\/index.php\/wp-json\/wp\/v2\/media?parent=466"}],"curies":[{"name":"wp","href":"https:\/\/api.w.org\/{rel}","templated":true}]}}