{"id":4643,"date":"2020-06-12T19:26:59","date_gmt":"2020-06-12T17:26:59","guid":{"rendered":"http:\/\/violmax.pl\/?post_type=product&#038;p=4643"},"modified":"2025-12-02T13:25:34","modified_gmt":"2025-12-02T12:25:34","slug":"wladyslawowo-kufel-do-piwa-bremen-067-litra-blacha-dom-rybaka-kuter","status":"publish","type":"product","link":"https:\/\/violmax.pl\/index.php\/produkt\/wladyslawowo-kufel-do-piwa-bremen-067-litra-blacha-dom-rybaka-kuter\/","title":{"rendered":"W\u0141ADYS\u0141AWOWO, KUFEL DO PIWA &#8220;BREMEN&#8221; 0,67 LITRA, SZRON + BLACHA DOM RYBAKA-KUTER"},"content":{"rendered":"<p><img loading=\"lazy\" class=\"alignnone size-medium wp-image-4632\" src=\"http:\/\/violmax.pl\/wp-content\/uploads\/2020\/06\/WLADYSLAWOWO_KUFEL_DO_PIWA_BREMEN_670_ML_KUTER_BLACHA_SZRON-300x300.jpg\" alt=\"\" width=\"300\" height=\"300\" srcset=\"https:\/\/violmax.pl\/wp-content\/uploads\/2020\/06\/WLADYSLAWOWO_KUFEL_DO_PIWA_BREMEN_670_ML_KUTER_BLACHA_SZRON-300x300.jpg 300w, https:\/\/violmax.pl\/wp-content\/uploads\/2020\/06\/WLADYSLAWOWO_KUFEL_DO_PIWA_BREMEN_670_ML_KUTER_BLACHA_SZRON-150x150.jpg 150w, https:\/\/violmax.pl\/wp-content\/uploads\/2020\/06\/WLADYSLAWOWO_KUFEL_DO_PIWA_BREMEN_670_ML_KUTER_BLACHA_SZRON-768x768.jpg 768w, https:\/\/violmax.pl\/wp-content\/uploads\/2020\/06\/WLADYSLAWOWO_KUFEL_DO_PIWA_BREMEN_670_ML_KUTER_BLACHA_SZRON-680x680.jpg 680w, https:\/\/violmax.pl\/wp-content\/uploads\/2020\/06\/WLADYSLAWOWO_KUFEL_DO_PIWA_BREMEN_670_ML_KUTER_BLACHA_SZRON-100x100.jpg 100w, https:\/\/violmax.pl\/wp-content\/uploads\/2020\/06\/WLADYSLAWOWO_KUFEL_DO_PIWA_BREMEN_670_ML_KUTER_BLACHA_SZRON.jpg 900w\" sizes=\"(max-width: 300px) 100vw, 300px\" \/><\/p>\n<p>Kufel do piwa \u201dBremen\u201d o litra\u017cu 0,67 litra. Kufel jest wypiaskowany do po\u0142owy wysoko\u015bci. Na \u015brodku umieszczona jest blacha z metalu, z motywem Domu Rybaka oraz kutra. Na pami\u0105tce zosta\u0142a umieszczona tak\u017ce szarfa z metalu, z nazw\u0105 miejscowo\u015bci &#8221;W\u0142adys\u0142awowo&#8221;. Bardzo wygodny, klasyczny kufel do piwa, kt\u00f3ry dzi\u0119ki takiemu okaza\u0142emu zdobieniu nabra\u0142 oryginalno\u015bci. Idealna pami\u0105tka z W\u0142adys\u0142awowa.<\/p>\n<p>&nbsp;<\/p>\n","protected":false},"excerpt":{"rendered":"<p><img loading=\"lazy\" class=\"alignnone size-medium wp-image-3660\" src=\"http:\/\/violmax.pl\/wp-content\/uploads\/2020\/05\/VIOLMAX_POLSKA-2-300x28.jpg\" alt=\"\" width=\"300\" height=\"28\" \/><\/p>\n<p>&nbsp;<\/p>\n<p>Kufel do piwa \u201dBremen\u201d o litra\u017cu 0,67 litra. Kufel jest wypiaskowany do po\u0142owy wysoko\u015bci. Na \u015brodku umieszczona jest blacha z metalu, z motywem Domu Rybaka oraz kutra. Na pami\u0105tce zosta\u0142a umieszczona tak\u017ce szarfa z metalu, z nazw\u0105 miejscowo\u015bci &#8221;W\u0142adys\u0142awowo&#8221;. Bardzo wygodny, klasyczny kufel do piwa, kt\u00f3ry dzi\u0119ki takiemu okaza\u0142emu zdobieniu nabra\u0142 oryginalno\u015bci. Idealna pami\u0105tka z W\u0142adys\u0142awowa.<\/p>\n<p><strong><em>Minimalna ilo\u015b\u0107 zam\u00f3wienia &#8211; 6 sztuk (1 opakowanie)<\/em><br \/>\n<\/strong><\/p>\n<p><strong><em>Towar sprzedawany na opakowania<\/em><\/strong><\/p>\n<h3><span style=\"color: #ff0000;\">PRZY DODAWANIU DO KOSZYKA, NALE\u017bY DODAWA\u0106 KROTNO\u015a\u0106\u00a0 LICZBY 6 &#8211; (1 opak)\u00a0 np: 6 ; 12 ; 18 itd<\/span><\/h3>\n<h3><strong>CENA ZA SZTUK\u0118.<\/strong><\/h3>\n<h2><strong>\u00a0<\/strong><\/h2>\n","protected":false},"featured_media":4632,"comment_status":"open","ping_status":"closed","template":"","meta":[],"_links":{"self":[{"href":"https:\/\/violmax.pl\/index.php\/wp-json\/wp\/v2\/product\/4643"}],"collection":[{"href":"https:\/\/violmax.pl\/index.php\/wp-json\/wp\/v2\/product"}],"about":[{"href":"https:\/\/violmax.pl\/index.php\/wp-json\/wp\/v2\/types\/product"}],"replies":[{"embeddable":true,"href":"https:\/\/violmax.pl\/index.php\/wp-json\/wp\/v2\/comments?post=4643"}],"wp:featuredmedia":[{"embeddable":true,"href":"https:\/\/violmax.pl\/index.php\/wp-json\/wp\/v2\/media\/4632"}],"wp:attachment":[{"href":"https:\/\/violmax.pl\/index.php\/wp-json\/wp\/v2\/media?parent=4643"}],"curies":[{"name":"wp","href":"https:\/\/api.w.org\/{rel}","templated":true}]}}