{"id":445,"date":"2019-08-30T11:57:03","date_gmt":"2019-08-30T09:57:03","guid":{"rendered":"http:\/\/violmax.wroclaw.pl\/?post_type=product&#038;p=445"},"modified":"2025-12-02T13:30:35","modified_gmt":"2025-12-02T12:30:35","slug":"wroclaw-szklanka-do-whisky-290-ml-krosno_szron_ratusz","status":"publish","type":"product","link":"https:\/\/violmax.pl\/index.php\/produkt\/wroclaw-szklanka-do-whisky-290-ml-krosno_szron_ratusz\/","title":{"rendered":"WROC\u0141AW, SZKLANKA DO WHISKY &#8220;X 290&#8221; ML, KROSNO SZRON RATUSZ"},"content":{"rendered":"<p><img loading=\"lazy\" class=\"alignnone size-medium wp-image-3079\" src=\"http:\/\/violmax.pl\/wp-content\/uploads\/2020\/04\/WROCLAW_SZKLANKA_DO_WHISKY_KROSNO_X_290_ML_SZRON_RATUSZ_2SZT_SWIATLO_DO_GORY-300x200.jpg\" alt=\"\" width=\"300\" height=\"200\" srcset=\"https:\/\/violmax.pl\/wp-content\/uploads\/2020\/04\/WROCLAW_SZKLANKA_DO_WHISKY_KROSNO_X_290_ML_SZRON_RATUSZ_2SZT_SWIATLO_DO_GORY-300x200.jpg 300w, https:\/\/violmax.pl\/wp-content\/uploads\/2020\/04\/WROCLAW_SZKLANKA_DO_WHISKY_KROSNO_X_290_ML_SZRON_RATUSZ_2SZT_SWIATLO_DO_GORY-768x512.jpg 768w, https:\/\/violmax.pl\/wp-content\/uploads\/2020\/04\/WROCLAW_SZKLANKA_DO_WHISKY_KROSNO_X_290_ML_SZRON_RATUSZ_2SZT_SWIATLO_DO_GORY-680x454.jpg 680w, https:\/\/violmax.pl\/wp-content\/uploads\/2020\/04\/WROCLAW_SZKLANKA_DO_WHISKY_KROSNO_X_290_ML_SZRON_RATUSZ_2SZT_SWIATLO_DO_GORY.jpg 1000w\" sizes=\"(max-width: 300px) 100vw, 300px\" \/><\/p>\n<p>Szklanka do whisky o pojemno\u015bci 290 ml. Bardzo ciekawy i niecodzienny kszta\u0142t czyni szklank\u0119 oryginaln\u0105. Ozdobiona jest w szronie motywem wroc\u0142awskiego ratusza, krasnala i nazw\u0105 miasta. Ciekawa pami\u0105tka z pi\u0119knymi zdobieniami. Idealna pami\u0105tka ze stolicy Dolnego \u015al\u0105ska &#8211; Wroc\u0142awia. Nadaje si\u0119 do mycia w zmywarce.<\/p>\n","protected":false},"excerpt":{"rendered":"<p><img loading=\"lazy\" class=\"alignnone size-full wp-image-5364\" src=\"http:\/\/violmax.pl\/wp-content\/uploads\/2020\/10\/VIOLMAX_POLSKA-3.jpg\" alt=\"\" width=\"300\" height=\"28\" \/><\/p>\n<p>&nbsp;<\/p>\n<p>Szklanka do whisky o pojemno\u015bci 290 ml. Bardzo ciekawy i niecodzienny kszta\u0142t czyni szklank\u0119 oryginaln\u0105. Ozdobiona jest w szronie motywem wroc\u0142awskiego ratusza, krasnala i nazw\u0105 miasta. Ciekawa pami\u0105tka z pi\u0119knymi zdobieniami. Idealna pami\u0105tka ze stolicy Dolnego \u015al\u0105ska &#8211; Wroc\u0142awia. Nadaje si\u0119 do mycia w zmywarce.<\/p>\n<p><strong><em>Minimalna ilo\u015b\u0107 zam\u00f3wienia &#8211; 6 sztuk (1 opakowanie)<\/em><br \/>\n<\/strong><\/p>\n<p><strong><em>Towar sprzedawany na opakowania<\/em><\/strong><\/p>\n<h3><span style=\"color: #ff0000;\">PRZY DODAWANIU DO KOSZYKA, NALE\u017bY DODAWA\u0106 KROTNO\u015a\u0106\u00a0 LICZBY 6 &#8211; (1 opak)\u00a0 np: 6 ; 12 ; 18 itd<\/span><\/h3>\n<h3><strong>CENA ZA SZTUK\u0118.<\/strong><\/h3>\n","protected":false},"featured_media":3079,"comment_status":"open","ping_status":"closed","template":"","meta":[],"_links":{"self":[{"href":"https:\/\/violmax.pl\/index.php\/wp-json\/wp\/v2\/product\/445"}],"collection":[{"href":"https:\/\/violmax.pl\/index.php\/wp-json\/wp\/v2\/product"}],"about":[{"href":"https:\/\/violmax.pl\/index.php\/wp-json\/wp\/v2\/types\/product"}],"replies":[{"embeddable":true,"href":"https:\/\/violmax.pl\/index.php\/wp-json\/wp\/v2\/comments?post=445"}],"wp:featuredmedia":[{"embeddable":true,"href":"https:\/\/violmax.pl\/index.php\/wp-json\/wp\/v2\/media\/3079"}],"wp:attachment":[{"href":"https:\/\/violmax.pl\/index.php\/wp-json\/wp\/v2\/media?parent=445"}],"curies":[{"name":"wp","href":"https:\/\/api.w.org\/{rel}","templated":true}]}}