{"id":4425,"date":"2020-06-03T18:02:18","date_gmt":"2020-06-03T16:02:18","guid":{"rendered":"http:\/\/violmax.pl\/?post_type=product&#038;p=4425"},"modified":"2025-12-02T13:25:43","modified_gmt":"2025-12-02T12:25:43","slug":"dziwnow-kufel-do-piwa-bremen-067-litra-blacha-zaglowiec","status":"publish","type":"product","link":"https:\/\/violmax.pl\/index.php\/produkt\/dziwnow-kufel-do-piwa-bremen-067-litra-blacha-zaglowiec\/","title":{"rendered":"DZIWN\u00d3W, KUFEL DO PIWA &#8220;BREMEN&#8221; 0,67 LITRA, BLACHA \u017bAGLOWIEC"},"content":{"rendered":"<p><img loading=\"lazy\" class=\"alignnone size-medium wp-image-4421\" src=\"http:\/\/violmax.pl\/wp-content\/uploads\/2020\/06\/DZIWNOW_KUFEL_DO_PIWA_BREMEN_670_ML_BLACHA-300x300.jpg\" alt=\"\" width=\"300\" height=\"300\" srcset=\"https:\/\/violmax.pl\/wp-content\/uploads\/2020\/06\/DZIWNOW_KUFEL_DO_PIWA_BREMEN_670_ML_BLACHA-300x300.jpg 300w, https:\/\/violmax.pl\/wp-content\/uploads\/2020\/06\/DZIWNOW_KUFEL_DO_PIWA_BREMEN_670_ML_BLACHA-150x150.jpg 150w, https:\/\/violmax.pl\/wp-content\/uploads\/2020\/06\/DZIWNOW_KUFEL_DO_PIWA_BREMEN_670_ML_BLACHA-768x768.jpg 768w, https:\/\/violmax.pl\/wp-content\/uploads\/2020\/06\/DZIWNOW_KUFEL_DO_PIWA_BREMEN_670_ML_BLACHA-680x680.jpg 680w, https:\/\/violmax.pl\/wp-content\/uploads\/2020\/06\/DZIWNOW_KUFEL_DO_PIWA_BREMEN_670_ML_BLACHA-100x100.jpg 100w, https:\/\/violmax.pl\/wp-content\/uploads\/2020\/06\/DZIWNOW_KUFEL_DO_PIWA_BREMEN_670_ML_BLACHA.jpg 900w\" sizes=\"(max-width: 300px) 100vw, 300px\" \/><\/p>\n<p>Kufel do piwa \u201eBremen\u201d o litra\u017cu 0,67 . Ozdobiony jest metalowym odlewem \u017caglowca i latarni morskiej. Produkt jest wyprodukowany z wysokiej jako\u015bci szk\u0142a. Znakomicie sprawdzi si\u0119 jako kufel do codziennego u\u017cytku lub jako \u015bwietna pami\u0105tka znad morza. Idealny na prezent dla lubuj\u0105cych si\u0119 w piwie lub os\u00f3b, kt\u00f3re ceni\u0105 sobie pami\u0105tki ze smakiem. Ozdobi ka\u017cde wn\u0119trze i zachwyci go\u015bci. \u015awietna pami\u0105tka z Dziwnowa.<\/p>\n","protected":false},"excerpt":{"rendered":"<div class=\"woocommerce-product-details__short-description\">\n<div class=\"woocommerce-product-details__short-description\">\n<div class=\"woocommerce-product-details__short-description\">\n<div class=\"woocommerce-product-details__short-description\">\n<div class=\"woocommerce-product-details__short-description\">\n<div class=\"woocommerce-product-details__short-description\">\n<div class=\"woocommerce-product-details__short-description\">\n<p><img loading=\"lazy\" class=\"alignnone size-medium wp-image-3492\" src=\"http:\/\/violmax.pl\/wp-content\/uploads\/2020\/05\/VIOLMAX_POLSKA-300x28.jpg\" alt=\"\" width=\"300\" height=\"28\" \/><\/p>\n<p>&nbsp;<\/p>\n<p>Kufel do piwa \u201eBremen\u201d o litra\u017cu 0,67 . Ozdobiony jest metalowym odlewem \u017caglowca i latarni morskiej. Produkt jest wyprodukowany z wysokiej jako\u015bci szk\u0142a. Znakomicie sprawdzi si\u0119 jako kufel do codziennego u\u017cytku lub jako \u015bwietna pami\u0105tka znad morza. Idealny na prezent dla lubuj\u0105cych si\u0119 w piwie lub os\u00f3b, kt\u00f3re ceni\u0105 sobie pami\u0105tki ze smakiem. Ozdobi ka\u017cde wn\u0119trze i zachwyci go\u015bci. \u015awietna pami\u0105tka z Dziwnowa.<\/p>\n<p><strong><em>Minimalna ilo\u015b\u0107 zam\u00f3wienia \u2013 6 sztuk (1 opakowanie)<\/em><br \/>\n<\/strong><\/p>\n<p><strong><em>Towar sprzedawany na opakowania<\/em><\/strong><\/p>\n<h3><span style=\"color: #ff0000;\">PRZY DODAWANIU DO KOSZYKA, NALE\u017bY DODAWA\u0106 KROTNO\u015a\u0106\u00a0 6 SZT &#8211; 1 OPAKOWANIE<\/span><\/h3>\n<h3><strong>CENA ZA SZTUK\u0118.<\/strong><\/h3>\n<\/div>\n<\/div>\n<\/div>\n<\/div>\n<\/div>\n<\/div>\n<\/div>\n","protected":false},"featured_media":4421,"comment_status":"open","ping_status":"closed","template":"","meta":[],"_links":{"self":[{"href":"https:\/\/violmax.pl\/index.php\/wp-json\/wp\/v2\/product\/4425"}],"collection":[{"href":"https:\/\/violmax.pl\/index.php\/wp-json\/wp\/v2\/product"}],"about":[{"href":"https:\/\/violmax.pl\/index.php\/wp-json\/wp\/v2\/types\/product"}],"replies":[{"embeddable":true,"href":"https:\/\/violmax.pl\/index.php\/wp-json\/wp\/v2\/comments?post=4425"}],"wp:featuredmedia":[{"embeddable":true,"href":"https:\/\/violmax.pl\/index.php\/wp-json\/wp\/v2\/media\/4421"}],"wp:attachment":[{"href":"https:\/\/violmax.pl\/index.php\/wp-json\/wp\/v2\/media?parent=4425"}],"curies":[{"name":"wp","href":"https:\/\/api.w.org\/{rel}","templated":true}]}}