{"id":434,"date":"2019-08-30T11:13:54","date_gmt":"2019-08-30T09:13:54","guid":{"rendered":"http:\/\/violmax.wroclaw.pl\/?post_type=product&#038;p=434"},"modified":"2025-12-02T13:30:35","modified_gmt":"2025-12-02T12:30:35","slug":"wroclaw-pin-metalowy-ratusz","status":"publish","type":"product","link":"https:\/\/violmax.pl\/index.php\/produkt\/wroclaw-pin-metalowy-ratusz\/","title":{"rendered":"WROC\u0141AW, PIN METALOWY RATUSZ"},"content":{"rendered":"<p><img loading=\"lazy\" class=\"alignnone size-medium wp-image-435\" src=\"http:\/\/violmax.pl\/wp-content\/uploads\/2019\/08\/PINS-METAL-DOCELOWY--300x221.jpg\" alt=\"\" width=\"300\" height=\"221\" \/><\/p>\n<p>&nbsp;<\/p>\n<p>Metalowe Piny. Ka\u017cdy pin wykonany jest z metalu. Na pinach wygrawerowany zosta\u0142 motyw wroc\u0142awskiego Ratusza. Znaczki mo\u017cna zamocowa\u0107 do r\u00f3\u017cnego rodzaju materia\u0142u (ubranie,plecak,torebka) za pomoc\u0105 zapi\u0119cia tzw. \u201dmotylka\u201d, kt\u00f3ry jest na sta\u0142e przymocowany do znaczka. Genialna pami\u0105tka z Wroc\u0142awia, kt\u00f3ra zawsze znajdzie swoje miejsce.Idealna pami\u0105tka ze stolicy Dolnego \u015al\u0105ska.<\/p>\n","protected":false},"excerpt":{"rendered":"<p><img loading=\"lazy\" class=\"alignnone size-full wp-image-5364\" src=\"http:\/\/violmax.pl\/wp-content\/uploads\/2020\/10\/VIOLMAX_POLSKA-3.jpg\" alt=\"\" width=\"300\" height=\"28\" \/><\/p>\n<p>&nbsp;<\/p>\n<p>Metalowe Piny. Ka\u017cdy pin wykonany jest z metalu. Na pinach wygrawerowany zosta\u0142 motyw wroc\u0142awskiego Ratusza. Znaczki mo\u017cna zamocowa\u0107 do r\u00f3\u017cnego rodzaju materia\u0142u (ubranie,plecak,torebka) za pomoc\u0105 zapi\u0119cia tzw. \u201dmotylka\u201d, kt\u00f3ry jest na sta\u0142e przymocowany do znaczka. Genialna pami\u0105tka z Wroc\u0142awia, kt\u00f3ra zawsze znajdzie swoje miejsce.Idealna pami\u0105tka ze stolicy Dolnego \u015al\u0105ska.<\/p>\n<p><strong><em>Minimalna ilo\u015b\u0107 zam\u00f3wienia &#8211; 20 sztuk (1 opakowanie)<\/em><br \/>\n<\/strong><\/p>\n<p><strong><em>Towar sprzedawany na opakowania<\/em><\/strong><\/p>\n<h3><span style=\"color: #ff0000;\">PRZY DODAWANIU DO KOSZYKA, NALE\u017bY DODAWA\u0106 KROTNO\u015a\u0106\u00a0 LICZBY 6 &#8211; (1 opak)\u00a0 np: 20 ; 40 ; 60 itd<\/span><\/h3>\n<h3><strong>CENA ZA SZTUK\u0118.<\/strong><\/h3>\n","protected":false},"featured_media":435,"comment_status":"open","ping_status":"closed","template":"","meta":[],"_links":{"self":[{"href":"https:\/\/violmax.pl\/index.php\/wp-json\/wp\/v2\/product\/434"}],"collection":[{"href":"https:\/\/violmax.pl\/index.php\/wp-json\/wp\/v2\/product"}],"about":[{"href":"https:\/\/violmax.pl\/index.php\/wp-json\/wp\/v2\/types\/product"}],"replies":[{"embeddable":true,"href":"https:\/\/violmax.pl\/index.php\/wp-json\/wp\/v2\/comments?post=434"}],"wp:featuredmedia":[{"embeddable":true,"href":"https:\/\/violmax.pl\/index.php\/wp-json\/wp\/v2\/media\/435"}],"wp:attachment":[{"href":"https:\/\/violmax.pl\/index.php\/wp-json\/wp\/v2\/media?parent=434"}],"curies":[{"name":"wp","href":"https:\/\/api.w.org\/{rel}","templated":true}]}}