{"id":4308,"date":"2020-05-30T15:33:04","date_gmt":"2020-05-30T13:33:04","guid":{"rendered":"http:\/\/violmax.pl\/?post_type=product&#038;p=4308"},"modified":"2025-12-02T13:25:47","modified_gmt":"2025-12-02T12:25:47","slug":"zakopane-popielniczka_fi_105-giewont-szron","status":"publish","type":"product","link":"https:\/\/violmax.pl\/index.php\/produkt\/zakopane-popielniczka_fi_105-giewont-szron\/","title":{"rendered":"ZAKOPANE, POPIELNICZKA FI 105 mm, GIEWONT SZRON"},"content":{"rendered":"<p><img loading=\"lazy\" class=\"alignnone size-medium wp-image-4300\" src=\"http:\/\/violmax.pl\/wp-content\/uploads\/2020\/05\/ZAKOPANE_POPIELNICZKA_105_CM_GIEWONT_SZRON-300x200.jpg\" alt=\"\" width=\"300\" height=\"200\" srcset=\"https:\/\/violmax.pl\/wp-content\/uploads\/2020\/05\/ZAKOPANE_POPIELNICZKA_105_CM_GIEWONT_SZRON-300x200.jpg 300w, https:\/\/violmax.pl\/wp-content\/uploads\/2020\/05\/ZAKOPANE_POPIELNICZKA_105_CM_GIEWONT_SZRON-768x512.jpg 768w, https:\/\/violmax.pl\/wp-content\/uploads\/2020\/05\/ZAKOPANE_POPIELNICZKA_105_CM_GIEWONT_SZRON-680x454.jpg 680w, https:\/\/violmax.pl\/wp-content\/uploads\/2020\/05\/ZAKOPANE_POPIELNICZKA_105_CM_GIEWONT_SZRON.jpg 1000w\" sizes=\"(max-width: 300px) 100vw, 300px\" \/><\/p>\n<p>Popielniczka o \u015br. 105 mm, z wypiaskowanym motywem Giewontu oraz na boku nazw\u0105 miejscowo\u015bci &#8220;Zakopane&#8221;. Wz\u00f3r jest wypiaskowany po zewn\u0119trznej stronie popielniczki, co sprawia \u017ce popielniczka jest \u0142atwa w utrzymaniu czysto\u015bci. Nadaje si\u0119 do mycia w zmywarce.<\/p>\n<p>&nbsp;<\/p>\n","protected":false},"excerpt":{"rendered":"<div class=\"woocommerce-product-details__short-description\">\n<div class=\"woocommerce-product-details__short-description\">\n<div class=\"woocommerce-product-details__short-description\">\n<p><img loading=\"lazy\" class=\"alignnone size-medium wp-image-4222\" src=\"http:\/\/violmax.pl\/wp-content\/uploads\/2020\/05\/VIOLMAX_POLSKA-5-300x28.jpg\" alt=\"\" width=\"300\" height=\"28\" \/><\/p>\n<div class=\"woocommerce-product-details__short-description\">\n<div class=\"woocommerce-product-details__short-description\">\n<p>&nbsp;<\/p>\n<p>&nbsp;<\/p>\n<p>Popielniczka o \u015br. 105 mm, z wypiaskowanym motywem Giewontu oraz na boku nazw\u0105 miejscowo\u015bci &#8220;Zakopane&#8221;. Wz\u00f3r jest wypiaskowany po zewn\u0119trznej stronie popielniczki, co sprawia \u017ce popielniczka jest \u0142atwa w utrzymaniu czysto\u015bci. Nadaje si\u0119 do mycia w zmywarce.<\/p>\n<p><strong><em>Minimalna ilo\u015b\u0107 zam\u00f3wienia \u2013 1 sztuka<\/em><br \/>\n<\/strong><\/p>\n<p><strong><em>\u00a0<\/em><\/strong><\/p>\n<h3><strong>CENA ZA SZTUK\u0118.<\/strong><\/h3>\n<\/div>\n<\/div>\n<\/div>\n<\/div>\n<\/div>\n","protected":false},"featured_media":4300,"comment_status":"open","ping_status":"closed","template":"","meta":[],"_links":{"self":[{"href":"https:\/\/violmax.pl\/index.php\/wp-json\/wp\/v2\/product\/4308"}],"collection":[{"href":"https:\/\/violmax.pl\/index.php\/wp-json\/wp\/v2\/product"}],"about":[{"href":"https:\/\/violmax.pl\/index.php\/wp-json\/wp\/v2\/types\/product"}],"replies":[{"embeddable":true,"href":"https:\/\/violmax.pl\/index.php\/wp-json\/wp\/v2\/comments?post=4308"}],"wp:featuredmedia":[{"embeddable":true,"href":"https:\/\/violmax.pl\/index.php\/wp-json\/wp\/v2\/media\/4300"}],"wp:attachment":[{"href":"https:\/\/violmax.pl\/index.php\/wp-json\/wp\/v2\/media?parent=4308"}],"curies":[{"name":"wp","href":"https:\/\/api.w.org\/{rel}","templated":true}]}}