{"id":430,"date":"2019-08-30T11:05:33","date_gmt":"2019-08-30T09:05:33","guid":{"rendered":"http:\/\/violmax.wroclaw.pl\/?post_type=product&#038;p=430"},"modified":"2025-12-02T13:30:36","modified_gmt":"2025-12-02T12:30:36","slug":"wroclaw-kufel-do-piwa-miodzio-05-litra-metal-ratusz-blacha","status":"publish","type":"product","link":"https:\/\/violmax.pl\/index.php\/produkt\/wroclaw-kufel-do-piwa-miodzio-05-litra-metal-ratusz-blacha\/","title":{"rendered":"WROC\u0141AW, KUFEL DO PIWA &#8220;MIODZIO 2&#8221; 0,5 LITRA, METAL RATUSZ BLACHA"},"content":{"rendered":"<p><img loading=\"lazy\" class=\"alignnone size-medium wp-image-431\" src=\"http:\/\/violmax.pl\/wp-content\/uploads\/2019\/08\/MIODZIO-BLACHA-DOCELOWY--300x283.jpg\" alt=\"\" width=\"300\" height=\"283\" \/><\/p>\n<p>&nbsp;<\/p>\n<p>Kufel do piwa \u201dMiodzio\u201d o litra\u017cu 0,5 litra. Na kuflu s\u0105 wy\u017c\u0142obione charakterystyczne dla \u201dmiodzia\u201d p\u0142aty w szkle. Na \u015brodku umieszczona jest blacha z metalu, z motywem wroc\u0142awskiego Ratusza. Ponadto ka\u017cda pami\u0105tka z tego modelu ma szarf\u0119 metalow\u0105 z napisem \u201dWroc\u0142aw\u201d. To niezapomniana pami\u0105tka i bardzo wygodny, praktyczny kufel do codziennego u\u017cytku.Idealna pami\u0105tka ze stolicy Dolnego \u015al\u0105ska.<\/p>\n<p>&nbsp;<\/p>\n","protected":false},"excerpt":{"rendered":"<p><img loading=\"lazy\" class=\"alignnone size-full wp-image-5364\" src=\"http:\/\/violmax.pl\/wp-content\/uploads\/2020\/10\/VIOLMAX_POLSKA-3.jpg\" alt=\"\" width=\"300\" height=\"28\" \/><\/p>\n<p>&nbsp;<\/p>\n<p>Kufel do piwa \u201dMiodzio\u201d o litra\u017cu 0,5 litra. Na kuflu s\u0105 wy\u017c\u0142obione charakterystyczne dla \u201dmiodzia\u201d p\u0142aty w szkle. Na \u015brodku umieszczona jest blacha z metalu, z motywem wroc\u0142awskiego Ratusza. Ponadto ka\u017cda pami\u0105tka z tego modelu ma szarf\u0119 metalow\u0105 z napisem \u201dWroc\u0142aw\u201d. To niezapomniana pami\u0105tka i bardzo wygodny, praktyczny kufel do codziennego u\u017cytku.Idealna pami\u0105tka ze stolicy Dolnego \u015al\u0105ska.<\/p>\n<p><strong><em>Minimalna ilo\u015b\u0107 zam\u00f3wienia &#8211; 6 sztuk (1 opakowanie)<\/em><br \/>\n<\/strong><\/p>\n<p><strong><em>Towar sprzedawany na opakowania<\/em><\/strong><\/p>\n<h3><span style=\"color: #ff0000;\">PRZY DODAWANIU DO KOSZYKA, NALE\u017bY DODAWA\u0106 KROTNO\u015a\u0106\u00a0 LICZBY 6 &#8211; (1 opak)\u00a0 np: 6 ; 12 ; 18 itd<\/span><\/h3>\n<h3><strong>CENA ZA SZTUK\u0118.<\/strong><\/h3>\n","protected":false},"featured_media":431,"comment_status":"open","ping_status":"closed","template":"","meta":[],"_links":{"self":[{"href":"https:\/\/violmax.pl\/index.php\/wp-json\/wp\/v2\/product\/430"}],"collection":[{"href":"https:\/\/violmax.pl\/index.php\/wp-json\/wp\/v2\/product"}],"about":[{"href":"https:\/\/violmax.pl\/index.php\/wp-json\/wp\/v2\/types\/product"}],"replies":[{"embeddable":true,"href":"https:\/\/violmax.pl\/index.php\/wp-json\/wp\/v2\/comments?post=430"}],"wp:featuredmedia":[{"embeddable":true,"href":"https:\/\/violmax.pl\/index.php\/wp-json\/wp\/v2\/media\/431"}],"wp:attachment":[{"href":"https:\/\/violmax.pl\/index.php\/wp-json\/wp\/v2\/media?parent=430"}],"curies":[{"name":"wp","href":"https:\/\/api.w.org\/{rel}","templated":true}]}}