{"id":4281,"date":"2020-05-28T20:46:32","date_gmt":"2020-05-28T18:46:32","guid":{"rendered":"http:\/\/violmax.pl\/?post_type=product&#038;p=4281"},"modified":"2025-12-02T13:25:48","modified_gmt":"2025-12-02T12:25:48","slug":"wieliczka-kufel-do-piwa-ladya-067-litra-szyb-danilowicza-szron","status":"publish","type":"product","link":"https:\/\/violmax.pl\/index.php\/produkt\/wieliczka-kufel-do-piwa-ladya-067-litra-szyb-danilowicza-szron\/","title":{"rendered":"WIELICZKA, KUFEL DO PIWA &#8220;LADYA&#8221; 0,67 LITRA, SZYB DANI\u0141OWICZA SZRON"},"content":{"rendered":"<p><img loading=\"lazy\" class=\"alignnone size-medium wp-image-4213\" src=\"http:\/\/violmax.pl\/wp-content\/uploads\/2020\/05\/WIELICZKA_KUFEL_DO_PIWA_LADYA_670_ML_KOPALNIA_SZRON-300x200.jpg\" alt=\"\" width=\"300\" height=\"200\" srcset=\"https:\/\/violmax.pl\/wp-content\/uploads\/2020\/05\/WIELICZKA_KUFEL_DO_PIWA_LADYA_670_ML_KOPALNIA_SZRON-300x200.jpg 300w, https:\/\/violmax.pl\/wp-content\/uploads\/2020\/05\/WIELICZKA_KUFEL_DO_PIWA_LADYA_670_ML_KOPALNIA_SZRON-768x512.jpg 768w, https:\/\/violmax.pl\/wp-content\/uploads\/2020\/05\/WIELICZKA_KUFEL_DO_PIWA_LADYA_670_ML_KOPALNIA_SZRON-680x454.jpg 680w, https:\/\/violmax.pl\/wp-content\/uploads\/2020\/05\/WIELICZKA_KUFEL_DO_PIWA_LADYA_670_ML_KOPALNIA_SZRON.jpg 1000w\" sizes=\"(max-width: 300px) 100vw, 300px\" \/><\/p>\n<p>Kufel \u201dLadya\u201d o litra\u017cu 0,67l. Ca\u0142y kufel jest precyzyjnie wypiaskowany. Zadbali\u015bmy o najmniejsze detale, jest na nim wypiaskowany Szyb Dani\u0142owicza w Wieliczce. Znakomicie sprawdzi si\u0119 jako kufel do codziennego u\u017cytku lub jako \u015bwietna pami\u0105tka z Wieliczki. Idealny na prezent dla lubuj\u0105cych si\u0119 w piwie lub os\u00f3b, kt\u00f3re ceni\u0105 sobie pami\u0105tki ze smakiem. Ozdobi ka\u017cde wn\u0119trze i zachwyci go\u015bci. Nadaje si\u0119 do mycia w zmywarce.<\/p>\n","protected":false},"excerpt":{"rendered":"<div class=\"woocommerce-product-details__short-description\">\n<div class=\"woocommerce-product-details__short-description\">\n<div class=\"woocommerce-product-details__short-description\">\n<p><img loading=\"lazy\" class=\"alignnone size-medium wp-image-3492\" src=\"http:\/\/violmax.pl\/wp-content\/uploads\/2020\/05\/VIOLMAX_POLSKA-300x28.jpg\" alt=\"\" width=\"300\" height=\"28\" \/><\/p>\n<p>&nbsp;<\/p>\n<p>Kufel \u201dLadya\u201d o litra\u017cu 0,67l. Ca\u0142y kufel jest precyzyjnie wypiaskowany. Zadbali\u015bmy o najmniejsze detale, jest na nim wypiaskowany Szyb Dani\u0142owicza w Wieliczce. Znakomicie sprawdzi si\u0119 jako kufel do codziennego u\u017cytku lub jako \u015bwietna pami\u0105tka z Wieliczki. Idealny na prezent dla lubuj\u0105cych si\u0119 w piwie lub os\u00f3b, kt\u00f3re ceni\u0105 sobie pami\u0105tki ze smakiem. Ozdobi ka\u017cde wn\u0119trze i zachwyci go\u015bci. Nadaje si\u0119 do mycia w zmywarce.<\/p>\n<p><strong><em>Minimalna ilo\u015b\u0107 zam\u00f3wienia \u2013 6 sztuk (1 opakowanie)<\/em><br \/>\n<\/strong><\/p>\n<p><strong><em>Towar sprzedawany na opakowania<\/em><\/strong><\/p>\n<h3><span style=\"color: #ff0000;\">PRZY DODAWANIU DO KOSZYKA, NALE\u017bY DODAWA\u0106 KROTNO\u015a\u0106\u00a0 LICZBY 6 &#8211; (1 opak)\u00a0 np: 6 ; 12 ; 18 itd<\/span><\/h3>\n<h3><strong>CENA ZA SZTUK\u0118.<\/strong><\/h3>\n<\/div>\n<\/div>\n<\/div>\n","protected":false},"featured_media":4213,"comment_status":"open","ping_status":"closed","template":"","meta":[],"_links":{"self":[{"href":"https:\/\/violmax.pl\/index.php\/wp-json\/wp\/v2\/product\/4281"}],"collection":[{"href":"https:\/\/violmax.pl\/index.php\/wp-json\/wp\/v2\/product"}],"about":[{"href":"https:\/\/violmax.pl\/index.php\/wp-json\/wp\/v2\/types\/product"}],"replies":[{"embeddable":true,"href":"https:\/\/violmax.pl\/index.php\/wp-json\/wp\/v2\/comments?post=4281"}],"wp:featuredmedia":[{"embeddable":true,"href":"https:\/\/violmax.pl\/index.php\/wp-json\/wp\/v2\/media\/4213"}],"wp:attachment":[{"href":"https:\/\/violmax.pl\/index.php\/wp-json\/wp\/v2\/media?parent=4281"}],"curies":[{"name":"wp","href":"https:\/\/api.w.org\/{rel}","templated":true}]}}