{"id":427,"date":"2019-08-30T10:58:13","date_gmt":"2019-08-30T08:58:13","guid":{"rendered":"http:\/\/violmax.wroclaw.pl\/?post_type=product&#038;p=427"},"modified":"2025-12-02T13:30:36","modified_gmt":"2025-12-02T12:30:36","slug":"wroclaw-szklanka-long-drink-250-ml-szron-ratusz","status":"publish","type":"product","link":"https:\/\/violmax.pl\/index.php\/produkt\/wroclaw-szklanka-long-drink-250-ml-szron-ratusz\/","title":{"rendered":"WROC\u0141AW, SZKLANKA LONG DRINK 250 ML, SZRON RATUSZ"},"content":{"rendered":"<p><img loading=\"lazy\" class=\"alignnone size-medium wp-image-3080\" src=\"http:\/\/violmax.pl\/wp-content\/uploads\/2020\/04\/WROCLAW_SZKLANKA_LONG_DRINK_200_ML_SZRON_RATUSZ_2SZT-300x300.jpg\" alt=\"\" width=\"300\" height=\"300\" srcset=\"https:\/\/violmax.pl\/wp-content\/uploads\/2020\/04\/WROCLAW_SZKLANKA_LONG_DRINK_200_ML_SZRON_RATUSZ_2SZT-300x300.jpg 300w, https:\/\/violmax.pl\/wp-content\/uploads\/2020\/04\/WROCLAW_SZKLANKA_LONG_DRINK_200_ML_SZRON_RATUSZ_2SZT-150x150.jpg 150w, https:\/\/violmax.pl\/wp-content\/uploads\/2020\/04\/WROCLAW_SZKLANKA_LONG_DRINK_200_ML_SZRON_RATUSZ_2SZT-768x768.jpg 768w, https:\/\/violmax.pl\/wp-content\/uploads\/2020\/04\/WROCLAW_SZKLANKA_LONG_DRINK_200_ML_SZRON_RATUSZ_2SZT-680x680.jpg 680w, https:\/\/violmax.pl\/wp-content\/uploads\/2020\/04\/WROCLAW_SZKLANKA_LONG_DRINK_200_ML_SZRON_RATUSZ_2SZT-100x100.jpg 100w, https:\/\/violmax.pl\/wp-content\/uploads\/2020\/04\/WROCLAW_SZKLANKA_LONG_DRINK_200_ML_SZRON_RATUSZ_2SZT.jpg 900w\" sizes=\"(max-width: 300px) 100vw, 300px\" \/><\/p>\n<p>Szklanka &#8221;LONG DRINK&#8221; o pojemno\u015bci 250 ml, ca\u0142o\u015b\u0107 wypiaskowana &#8211; Ratusz oraz z krasnal &#8211; charakterystyczny motyw Wroc\u0142awia. Bardzo elegancka pami\u0105tka, wygodna w u\u017cyciu. Sprawdzi si\u0119 do drink\u00f3w, ale tak\u017ce do wszystkich napoj\u00f3w zimnych.Idealna pami\u0105tka ze stolicy Dolnego \u015al\u0105ska &#8211; Wroc\u0142awia. Nadaje si\u0119 do mycia w zmywarce.<\/p>\n","protected":false},"excerpt":{"rendered":"<p><img loading=\"lazy\" class=\"alignnone size-full wp-image-5364\" src=\"http:\/\/violmax.pl\/wp-content\/uploads\/2020\/10\/VIOLMAX_POLSKA-3.jpg\" alt=\"\" width=\"300\" height=\"28\" \/><\/p>\n<p>&nbsp;<\/p>\n<p>Szklanka &#8221;LONG DRINK&#8221; o pojemno\u015bci 250 ml, ca\u0142o\u015b\u0107 wypiaskowana &#8211; Ratusz oraz z krasnal &#8211; charakterystyczny motyw Wroc\u0142awia. Bardzo elegancka pami\u0105tka, wygodna w u\u017cyciu. Sprawdzi si\u0119 do drink\u00f3w, ale tak\u017ce do wszystkich napoj\u00f3w zimnych.Idealna pami\u0105tka ze stolicy Dolnego \u015al\u0105ska &#8211; Wroc\u0142awia. Nadaje si\u0119 do mycia w zmywarce.<\/p>\n<p><strong><em>Minimalna ilo\u015b\u0107 zam\u00f3wienia &#8211; 6 sztuk (1 opakowanie)<\/em><br \/>\n<\/strong><\/p>\n<p><strong><em>Towar sprzedawany na opakowania<\/em><\/strong><\/p>\n<h3><span style=\"color: #ff0000;\">PRZY DODAWANIU DO KOSZYKA, NALE\u017bY DODAWA\u0106 KROTNO\u015a\u0106\u00a0 LICZBY 6 &#8211; (1 opak)\u00a0 np: 6 ; 12 ; 18 itd<\/span><\/h3>\n<h3><strong>CENA ZA SZTUK\u0118.<\/strong><\/h3>\n","protected":false},"featured_media":3080,"comment_status":"open","ping_status":"closed","template":"","meta":[],"_links":{"self":[{"href":"https:\/\/violmax.pl\/index.php\/wp-json\/wp\/v2\/product\/427"}],"collection":[{"href":"https:\/\/violmax.pl\/index.php\/wp-json\/wp\/v2\/product"}],"about":[{"href":"https:\/\/violmax.pl\/index.php\/wp-json\/wp\/v2\/types\/product"}],"replies":[{"embeddable":true,"href":"https:\/\/violmax.pl\/index.php\/wp-json\/wp\/v2\/comments?post=427"}],"wp:featuredmedia":[{"embeddable":true,"href":"https:\/\/violmax.pl\/index.php\/wp-json\/wp\/v2\/media\/3080"}],"wp:attachment":[{"href":"https:\/\/violmax.pl\/index.php\/wp-json\/wp\/v2\/media?parent=427"}],"curies":[{"name":"wp","href":"https:\/\/api.w.org\/{rel}","templated":true}]}}