{"id":4241,"date":"2020-05-28T19:16:51","date_gmt":"2020-05-28T17:16:51","guid":{"rendered":"http:\/\/violmax.pl\/?post_type=product&#038;p=4241"},"modified":"2025-12-02T13:25:51","modified_gmt":"2025-12-02T12:25:51","slug":"poznan-kufel-do-piwa-ladya-067-litra-ratusz-koziolki-szron","status":"publish","type":"product","link":"https:\/\/violmax.pl\/index.php\/produkt\/poznan-kufel-do-piwa-ladya-067-litra-ratusz-koziolki-szron\/","title":{"rendered":"POZNA\u0143, KUFEL DO PIWA &#8220;LADYA&#8221; 0,67 LITRA, RATUSZ I KOZIO\u0141KI POZNA\u0143SKIE SZRON"},"content":{"rendered":"<p><img loading=\"lazy\" class=\"alignnone size-medium wp-image-7148\" src=\"http:\/\/violmax.pl\/wp-content\/uploads\/2021\/02\/POZNAN_KUFEL_DO_PIWA_LADYA_670_ML_RATUSZ_KOZIOLKI_SZRON-300x240.png\" alt=\"\" width=\"300\" height=\"240\" srcset=\"https:\/\/violmax.pl\/wp-content\/uploads\/2021\/02\/POZNAN_KUFEL_DO_PIWA_LADYA_670_ML_RATUSZ_KOZIOLKI_SZRON-300x240.png 300w, https:\/\/violmax.pl\/wp-content\/uploads\/2021\/02\/POZNAN_KUFEL_DO_PIWA_LADYA_670_ML_RATUSZ_KOZIOLKI_SZRON-768x614.png 768w, https:\/\/violmax.pl\/wp-content\/uploads\/2021\/02\/POZNAN_KUFEL_DO_PIWA_LADYA_670_ML_RATUSZ_KOZIOLKI_SZRON-320x256.png 320w, https:\/\/violmax.pl\/wp-content\/uploads\/2021\/02\/POZNAN_KUFEL_DO_PIWA_LADYA_670_ML_RATUSZ_KOZIOLKI_SZRON-680x544.png 680w, https:\/\/violmax.pl\/wp-content\/uploads\/2021\/02\/POZNAN_KUFEL_DO_PIWA_LADYA_670_ML_RATUSZ_KOZIOLKI_SZRON.png 900w\" sizes=\"(max-width: 300px) 100vw, 300px\" \/><\/p>\n<p>Kufel d0 piwa \u201dLadya\u201d o litra\u017cu 0,67l. Ca\u0142y kufel jest precyzyjnie wypiaskowany. Zadbali\u015bmy o najmniejsze detale, jest na nim wypiaskowany ratusz oraz kozio\u0142ki pozna\u0144skie. Kufel jest wypiaskowany, co sprawia wra\u017cenie, jak by by\u0142 zmro\u017cony. Znakomicie sprawdzi si\u0119 jako kufel do codziennego u\u017cytku lub jako \u015bwietna pami\u0105tka z Poznania. Idealny na prezent dla lubuj\u0105cych si\u0119 w piwie lub os\u00f3b, kt\u00f3re ceni\u0105 sobie pami\u0105tki ze smakiem. Ozdobi ka\u017cde wn\u0119trze i zachwyci go\u015bci. Nadaje si\u0119 do mycia w zmywarce.<\/p>\n<p>&nbsp;<\/p>\n","protected":false},"excerpt":{"rendered":"<div class=\"woocommerce-product-details__short-description\">\n<div class=\"woocommerce-product-details__short-description\">\n<div class=\"woocommerce-product-details__short-description\">\n<p><img loading=\"lazy\" class=\"alignnone size-medium wp-image-3492\" src=\"http:\/\/violmax.pl\/wp-content\/uploads\/2020\/05\/VIOLMAX_POLSKA-300x28.jpg\" alt=\"\" width=\"300\" height=\"28\" \/><\/p>\n<p>&nbsp;<\/p>\n<p>Kufel d0 piwa \u201dLadya\u201d o litra\u017cu 0,67l. Ca\u0142y kufel jest precyzyjnie wypiaskowany. Zadbali\u015bmy o najmniejsze detale, jest na nim wypiaskowany ratusz oraz kozio\u0142ki pozna\u0144skie. Kufel jest wypiaskowany, co sprawia wra\u017cenie, jak by by\u0142 zmro\u017cony. Znakomicie sprawdzi si\u0119 jako kufel do codziennego u\u017cytku lub jako \u015bwietna pami\u0105tka z Poznania. Idealny na prezent dla lubuj\u0105cych si\u0119 w piwie lub os\u00f3b, kt\u00f3re ceni\u0105 sobie pami\u0105tki ze smakiem. Ozdobi ka\u017cde wn\u0119trze i zachwyci go\u015bci. Nadaje si\u0119 do mycia w zmywarce.<\/p>\n<p><strong><em>Minimalna ilo\u015b\u0107 zam\u00f3wienia \u2013 6 sztuk (1 opakowanie)<\/em><br \/>\n<\/strong><\/p>\n<p><strong><em>Towar sprzedawany na opakowania<\/em><\/strong><\/p>\n<h3><span style=\"color: #ff0000;\">PRZY DODAWANIU DO KOSZYKA, NALE\u017bY DODAWA\u0106 KROTNO\u015a\u0106\u00a0 LICZBY 6 &#8211; (1 opak)\u00a0 np: 6 ; 12 ; 18 itd<\/span><\/h3>\n<h3><strong>CENA ZA SZTUK\u0118.<\/strong><\/h3>\n<\/div>\n<\/div>\n<\/div>\n","protected":false},"featured_media":7148,"comment_status":"open","ping_status":"closed","template":"","meta":[],"_links":{"self":[{"href":"https:\/\/violmax.pl\/index.php\/wp-json\/wp\/v2\/product\/4241"}],"collection":[{"href":"https:\/\/violmax.pl\/index.php\/wp-json\/wp\/v2\/product"}],"about":[{"href":"https:\/\/violmax.pl\/index.php\/wp-json\/wp\/v2\/types\/product"}],"replies":[{"embeddable":true,"href":"https:\/\/violmax.pl\/index.php\/wp-json\/wp\/v2\/comments?post=4241"}],"wp:featuredmedia":[{"embeddable":true,"href":"https:\/\/violmax.pl\/index.php\/wp-json\/wp\/v2\/media\/7148"}],"wp:attachment":[{"href":"https:\/\/violmax.pl\/index.php\/wp-json\/wp\/v2\/media?parent=4241"}],"curies":[{"name":"wp","href":"https:\/\/api.w.org\/{rel}","templated":true}]}}