{"id":419,"date":"2019-08-30T10:44:06","date_gmt":"2019-08-30T08:44:06","guid":{"rendered":"http:\/\/violmax.wroclaw.pl\/?post_type=product&#038;p=419"},"modified":"2025-12-02T13:30:36","modified_gmt":"2025-12-02T12:30:36","slug":"wroclaw-kufel-do-piwa-bremen-067-litra-metal-ratusz-blacha","status":"publish","type":"product","link":"https:\/\/violmax.pl\/index.php\/produkt\/wroclaw-kufel-do-piwa-bremen-067-litra-metal-ratusz-blacha\/","title":{"rendered":"WROC\u0141AW, KUFEL DO PIWA &#8220;BREMEN&#8221; 0,67 LITRA, METAL RATUSZ BLACHA"},"content":{"rendered":"<p><img loading=\"lazy\" class=\"alignnone size-medium wp-image-3073\" src=\"http:\/\/violmax.pl\/wp-content\/uploads\/2020\/04\/WROCLAW_KUFEL_DO_PIWA_BREMEN_670_ML_BLACHA_RATUSZ-225x300.jpg\" alt=\"\" width=\"225\" height=\"300\" srcset=\"https:\/\/violmax.pl\/wp-content\/uploads\/2020\/04\/WROCLAW_KUFEL_DO_PIWA_BREMEN_670_ML_BLACHA_RATUSZ-225x300.jpg 225w, https:\/\/violmax.pl\/wp-content\/uploads\/2020\/04\/WROCLAW_KUFEL_DO_PIWA_BREMEN_670_ML_BLACHA_RATUSZ.jpg 675w\" sizes=\"(max-width: 225px) 100vw, 225px\" \/><\/p>\n<p>Kufel do piwa \u201eBremen\u201d o litra\u017cu 0,67 . Ozdobiony jest metalowym motywem, na kt\u00f3rym wida\u0107 wroc\u0142awski Ratusz.Produkt szklany, z wysokiej jako\u015bci szk\u0142a z motywem metalowym przypominaj\u0105cym kolor starego z\u0142ota. Znakomicie sprawdzi si\u0119 jako kufel do codziennego u\u017cytku lub jako \u015bwietna pami\u0105tka z Wroc\u0142awia. Idealny na prezent dla lubuj\u0105cych si\u0119 w piwie lub os\u00f3b, kt\u00f3re ceni\u0105 sobie pami\u0105tki ze smakiem. Ozdobi ka\u017cde wn\u0119trze i zachwyci go\u015bci.Idealna pami\u0105tka ze stolicy Dolnego \u015al\u0105ska &#8211; Wroc\u0142awia.<\/p>\n","protected":false},"excerpt":{"rendered":"<p><img loading=\"lazy\" class=\"alignnone size-full wp-image-5364\" src=\"http:\/\/violmax.pl\/wp-content\/uploads\/2020\/10\/VIOLMAX_POLSKA-3.jpg\" alt=\"\" width=\"300\" height=\"28\" \/><\/p>\n<p>&nbsp;<\/p>\n<p>Kufel do piwa \u201eBremen\u201d o litra\u017cu 0,67 . Ozdobiony jest metalowym motywem, na kt\u00f3rym wida\u0107 wroc\u0142awski Ratusz.Produkt szklany, z wysokiej jako\u015bci szk\u0142a z motywem metalowym przypominaj\u0105cym kolor starego z\u0142ota. Znakomicie sprawdzi si\u0119 jako kufel do codziennego u\u017cytku lub jako \u015bwietna pami\u0105tka z Wroc\u0142awia. Idealny na prezent dla lubuj\u0105cych si\u0119 w piwie lub os\u00f3b, kt\u00f3re ceni\u0105 sobie pami\u0105tki ze smakiem. Ozdobi ka\u017cde wn\u0119trze i zachwyci go\u015bci.Idealna pami\u0105tka ze stolicy Dolnego \u015al\u0105ska &#8211; Wroc\u0142awia.<\/p>\n<p><strong><em>Minimalna ilo\u015b\u0107 zam\u00f3wienia &#8211; 6 sztuk (1 opakowanie)<\/em><br \/>\n<\/strong><\/p>\n<p><strong><em>Towar sprzedawany na opakowania<\/em><\/strong><\/p>\n<h3><span style=\"color: #ff0000;\">PRZY DODAWANIU DO KOSZYKA, NALE\u017bY DODAWA\u0106 KROTNO\u015a\u0106\u00a0 LICZBY 6 &#8211; (1 opak)\u00a0 np: 6 ; 12 ; 18 itd<\/span><\/h3>\n<h3><strong>CENA ZA SZTUK\u0118.<\/strong><\/h3>\n","protected":false},"featured_media":3073,"comment_status":"open","ping_status":"closed","template":"","meta":[],"_links":{"self":[{"href":"https:\/\/violmax.pl\/index.php\/wp-json\/wp\/v2\/product\/419"}],"collection":[{"href":"https:\/\/violmax.pl\/index.php\/wp-json\/wp\/v2\/product"}],"about":[{"href":"https:\/\/violmax.pl\/index.php\/wp-json\/wp\/v2\/types\/product"}],"replies":[{"embeddable":true,"href":"https:\/\/violmax.pl\/index.php\/wp-json\/wp\/v2\/comments?post=419"}],"wp:featuredmedia":[{"embeddable":true,"href":"https:\/\/violmax.pl\/index.php\/wp-json\/wp\/v2\/media\/3073"}],"wp:attachment":[{"href":"https:\/\/violmax.pl\/index.php\/wp-json\/wp\/v2\/media?parent=419"}],"curies":[{"name":"wp","href":"https:\/\/api.w.org\/{rel}","templated":true}]}}