{"id":414,"date":"2019-08-30T10:34:40","date_gmt":"2019-08-30T08:34:40","guid":{"rendered":"http:\/\/violmax.wroclaw.pl\/?post_type=product&#038;p=414"},"modified":"2025-12-02T13:30:37","modified_gmt":"2025-12-02T12:30:37","slug":"kolobrzeg-szklanka-do-whisky-kwadrat-300-ml-kapitan-1-szron","status":"publish","type":"product","link":"https:\/\/violmax.pl\/index.php\/produkt\/kolobrzeg-szklanka-do-whisky-kwadrat-300-ml-kapitan-1-szron\/","title":{"rendered":"KO\u0141OBRZEG, SZKLANKA DO WHISKY &#8220;KWADRAT&#8221; 300 ML, KAPITAN 1, SZRON"},"content":{"rendered":"<p><img loading=\"lazy\" class=\"alignnone size-medium wp-image-10813\" src=\"https:\/\/violmax.pl\/wp-content\/uploads\/2024\/03\/kolobrzeg_szklanka_do_whisky_kwadrat_300_ml_kapitan_1_szron-300x240.png\" alt=\"\" width=\"300\" height=\"240\" srcset=\"https:\/\/violmax.pl\/wp-content\/uploads\/2024\/03\/kolobrzeg_szklanka_do_whisky_kwadrat_300_ml_kapitan_1_szron-300x240.png 300w, https:\/\/violmax.pl\/wp-content\/uploads\/2024\/03\/kolobrzeg_szklanka_do_whisky_kwadrat_300_ml_kapitan_1_szron-768x614.png 768w, https:\/\/violmax.pl\/wp-content\/uploads\/2024\/03\/kolobrzeg_szklanka_do_whisky_kwadrat_300_ml_kapitan_1_szron-320x256.png 320w, https:\/\/violmax.pl\/wp-content\/uploads\/2024\/03\/kolobrzeg_szklanka_do_whisky_kwadrat_300_ml_kapitan_1_szron-680x544.png 680w, https:\/\/violmax.pl\/wp-content\/uploads\/2024\/03\/kolobrzeg_szklanka_do_whisky_kwadrat_300_ml_kapitan_1_szron.png 900w\" sizes=\"(max-width: 300px) 100vw, 300px\" \/><\/p>\n<p>Szklanka do Whisky &#8220;KWADRAT&#8221; o pojemno\u015bci 300 ml. Szklanka zosta\u0142a ozdobiona metod\u0105 piaskowania, co sprawia wra\u017cenie jak by by\u0142a zmro\u017cona. Ozdobiona zosta\u0142a postaci\u0105 kapitana \u017ceglugi morskiej. Pami\u0105tka dla ka\u017cdego, idealny prezent. Sprawdzi si\u0119 jako szk\u0142o do u\u017cytku codziennego oraz jako ozdoba np. w salonie \u2013 w barku. Idealna pami\u0105tka z Ko\u0142obrzegu. Nadaje si\u0119 do mycia w zmywarkach.<\/p>\n","protected":false},"excerpt":{"rendered":"<p><img loading=\"lazy\" class=\"alignnone size-full wp-image-5364\" src=\"http:\/\/violmax.pl\/wp-content\/uploads\/2020\/10\/VIOLMAX_POLSKA-3.jpg\" alt=\"\" width=\"300\" height=\"28\" \/><\/p>\n<p>&nbsp;<\/p>\n<p>Szklanka do Whisky &#8220;KWADRAT&#8221; o pojemno\u015bci 300 ml. Szklanka zosta\u0142a ozdobiona metod\u0105 piaskowania, co sprawia wra\u017cenie jak by by\u0142a zmro\u017cona. Ozdobiona zosta\u0142a postaci\u0105 kapitana \u017ceglugi morskiej. Pami\u0105tka dla ka\u017cdego, idealny prezent. Sprawdzi si\u0119 jako szk\u0142o do u\u017cytku codziennego oraz jako ozdoba np. w salonie \u2013 w barku. Idealna pami\u0105tka z Ko\u0142obrzegu. Nadaje si\u0119 do mycia w zmywarkach.<\/p>\n<p><strong><em>Minimalna ilo\u015b\u0107 zam\u00f3wienia &#8211; 6 sztuk (1 opakowanie)<\/em><br \/>\n<\/strong><\/p>\n<p><strong><em>Towar sprzedawany na opakowania<\/em><\/strong><\/p>\n<h3><span style=\"color: #ff0000;\">PRZY DODAWANIU DO KOSZYKA, NALE\u017bY DODAWA\u0106 KROTNO\u015a\u0106\u00a0 LICZBY 6 &#8211; (1 opak)\u00a0 np: 6 ; 12 ; 18 itd<\/span><\/h3>\n<h3><strong>CENA ZA SZTUK\u0118.<\/strong><\/h3>\n","protected":false},"featured_media":10813,"comment_status":"open","ping_status":"closed","template":"","meta":[],"_links":{"self":[{"href":"https:\/\/violmax.pl\/index.php\/wp-json\/wp\/v2\/product\/414"}],"collection":[{"href":"https:\/\/violmax.pl\/index.php\/wp-json\/wp\/v2\/product"}],"about":[{"href":"https:\/\/violmax.pl\/index.php\/wp-json\/wp\/v2\/types\/product"}],"replies":[{"embeddable":true,"href":"https:\/\/violmax.pl\/index.php\/wp-json\/wp\/v2\/comments?post=414"}],"wp:featuredmedia":[{"embeddable":true,"href":"https:\/\/violmax.pl\/index.php\/wp-json\/wp\/v2\/media\/10813"}],"wp:attachment":[{"href":"https:\/\/violmax.pl\/index.php\/wp-json\/wp\/v2\/media?parent=414"}],"curies":[{"name":"wp","href":"https:\/\/api.w.org\/{rel}","templated":true}]}}