{"id":411,"date":"2019-08-30T10:30:07","date_gmt":"2019-08-30T08:30:07","guid":{"rendered":"http:\/\/violmax.wroclaw.pl\/?post_type=product&#038;p=411"},"modified":"2025-12-02T13:30:37","modified_gmt":"2025-12-02T12:30:37","slug":"kolobrzeg-szklanka-do-piwa-spirala-665-ml-zaglowiec_1_latarnia_szron","status":"publish","type":"product","link":"https:\/\/violmax.pl\/index.php\/produkt\/kolobrzeg-szklanka-do-piwa-spirala-665-ml-zaglowiec_1_latarnia_szron\/","title":{"rendered":"KO\u0141OBRZEG, SZKLANKA DO PIWA &#8220;SPIRALA&#8221; 665 ML, \u017bAGLOWIEC 1, LATARNIA MORSKA W KO\u0141OBRZEGU, SZRON"},"content":{"rendered":"<p><img loading=\"lazy\" class=\"alignnone size-medium wp-image-10807\" src=\"https:\/\/violmax.pl\/wp-content\/uploads\/2024\/03\/kolobrzeg_szklanka_do_piwa_spirala_667_ml_zaglowiec_1_latarnia_szron-300x300.png\" alt=\"\" width=\"300\" height=\"300\" srcset=\"https:\/\/violmax.pl\/wp-content\/uploads\/2024\/03\/kolobrzeg_szklanka_do_piwa_spirala_667_ml_zaglowiec_1_latarnia_szron-300x300.png 300w, https:\/\/violmax.pl\/wp-content\/uploads\/2024\/03\/kolobrzeg_szklanka_do_piwa_spirala_667_ml_zaglowiec_1_latarnia_szron-768x768.png 768w, https:\/\/violmax.pl\/wp-content\/uploads\/2024\/03\/kolobrzeg_szklanka_do_piwa_spirala_667_ml_zaglowiec_1_latarnia_szron-680x680.png 680w, https:\/\/violmax.pl\/wp-content\/uploads\/2024\/03\/kolobrzeg_szklanka_do_piwa_spirala_667_ml_zaglowiec_1_latarnia_szron-100x100.png 100w, https:\/\/violmax.pl\/wp-content\/uploads\/2024\/03\/kolobrzeg_szklanka_do_piwa_spirala_667_ml_zaglowiec_1_latarnia_szron.png 900w\" sizes=\"(max-width: 300px) 100vw, 300px\" \/><\/p>\n<p>Szklanka do piwa &#8220;SPIRALA&#8221; o litra\u017cu 0,665 litra. Zdobiona efektownymi frezami w szkle na dole. Do po\u0142owy w szronie, z wypiaskowanymi motywami typowymi dla krajobrazu z naszego Ba\u0142tyku, latarni morskiej w Ko\u0142obrzegu oraz \u017caglowca Szklanka wykonana jest z wysokiej jako\u015bci szk\u0142a. Przepi\u0119kna i dostojna pami\u0105tka z robi\u0105cymi wra\u017cenie zdobieniami. Idealna pami\u0105tka z Ko\u0142obrzegu. Nadaje si\u0119 do mycia w zmywarce.<\/p>\n","protected":false},"excerpt":{"rendered":"<p><img loading=\"lazy\" class=\"alignnone size-full wp-image-5364\" src=\"http:\/\/violmax.pl\/wp-content\/uploads\/2020\/10\/VIOLMAX_POLSKA-3.jpg\" alt=\"\" width=\"300\" height=\"28\" \/><\/p>\n<p>&nbsp;<\/p>\n<p>Szklanka do piwa &#8220;SPIRALA&#8221; o litra\u017cu 0,665 litra. Zdobiona efektownymi frezami w szkle na dole. Do po\u0142owy w szronie, z wypiaskowanymi motywami typowymi dla krajobrazu z naszego Ba\u0142tyku, latarni morskiej w Ko\u0142obrzegu oraz \u017caglowca Szklanka wykonana jest z wysokiej jako\u015bci szk\u0142a. Przepi\u0119kna i dostojna pami\u0105tka z robi\u0105cymi wra\u017cenie zdobieniami. Idealna pami\u0105tka z Ko\u0142obrzegu. Nadaje si\u0119 do mycia w zmywarce.<\/p>\n<p><strong><em>Minimalna ilo\u015b\u0107 zam\u00f3wienia &#8211; 6 sztuk (1 opakowanie)<\/em><br \/>\n<\/strong><\/p>\n<p><strong><em>Towar sprzedawany na opakowania<\/em><\/strong><\/p>\n<h3><span style=\"color: #ff0000;\">PRZY DODAWANIU DO KOSZYKA, NALE\u017bY DODAWA\u0106 KROTNO\u015a\u0106\u00a0 LICZBY 6 &#8211; (1 opak)\u00a0 np: 6 ; 12 ; 18 itd<\/span><\/h3>\n<h3><strong>CENA ZA SZTUK\u0118.<\/strong><\/h3>\n","protected":false},"featured_media":10807,"comment_status":"open","ping_status":"closed","template":"","meta":[],"_links":{"self":[{"href":"https:\/\/violmax.pl\/index.php\/wp-json\/wp\/v2\/product\/411"}],"collection":[{"href":"https:\/\/violmax.pl\/index.php\/wp-json\/wp\/v2\/product"}],"about":[{"href":"https:\/\/violmax.pl\/index.php\/wp-json\/wp\/v2\/types\/product"}],"replies":[{"embeddable":true,"href":"https:\/\/violmax.pl\/index.php\/wp-json\/wp\/v2\/comments?post=411"}],"wp:featuredmedia":[{"embeddable":true,"href":"https:\/\/violmax.pl\/index.php\/wp-json\/wp\/v2\/media\/10807"}],"wp:attachment":[{"href":"https:\/\/violmax.pl\/index.php\/wp-json\/wp\/v2\/media?parent=411"}],"curies":[{"name":"wp","href":"https:\/\/api.w.org\/{rel}","templated":true}]}}