{"id":4018,"date":"2020-05-21T22:07:49","date_gmt":"2020-05-21T20:07:49","guid":{"rendered":"http:\/\/violmax.pl\/?post_type=product&#038;p=4018"},"modified":"2025-12-02T13:26:41","modified_gmt":"2025-12-02T12:26:41","slug":"debki-kubek-lav-225-ml-kapitan-szron","status":"publish","type":"product","link":"https:\/\/violmax.pl\/index.php\/produkt\/debki-kubek-lav-225-ml-kapitan-szron\/","title":{"rendered":"D\u0118BKI, KUBEK &#8220;LAV 225&#8221; ML, KAPITAN SZRON"},"content":{"rendered":"<p><img loading=\"lazy\" class=\"alignnone size-medium wp-image-12431\" src=\"https:\/\/violmax.pl\/wp-content\/uploads\/2025\/03\/DEBKI_KUBEK_LAV_225_ML_KAPITAN_SZRON-500x334.jpg\" alt=\"\" width=\"500\" height=\"334\" srcset=\"https:\/\/violmax.pl\/wp-content\/uploads\/2025\/03\/DEBKI_KUBEK_LAV_225_ML_KAPITAN_SZRON-500x334.jpg 500w, https:\/\/violmax.pl\/wp-content\/uploads\/2025\/03\/DEBKI_KUBEK_LAV_225_ML_KAPITAN_SZRON-768x512.jpg 768w, https:\/\/violmax.pl\/wp-content\/uploads\/2025\/03\/DEBKI_KUBEK_LAV_225_ML_KAPITAN_SZRON-680x454.jpg 680w, https:\/\/violmax.pl\/wp-content\/uploads\/2025\/03\/DEBKI_KUBEK_LAV_225_ML_KAPITAN_SZRON.jpg 1000w\" sizes=\"(max-width: 500px) 100vw, 500px\" \/><\/p>\n<p>Kubek o litra\u017cu 225 ml z wypiaskowanym motywem kapitana oraz z ty\u0142u napisem&#8221;D\u0119bki&#8221;. Kubek wykonany z najwy\u017cszej jako\u015bci szk\u0142a, bardzo wygodny w u\u017cyciu. Sprawdzi si\u0119 jako kubek do gor\u0105cych napoj\u00f3w, grzanego wina lub jako pami\u0105tka z D\u0119bek. Nie du\u017cy kubek pozwoli na delektowanie si\u0119 wybranym trunkiem i wspomnienie o pobycie nad morzem. Nadaje si\u0119 do mycia w zmywarce.<\/p>\n","protected":false},"excerpt":{"rendered":"<p><img loading=\"lazy\" class=\"alignnone size-medium wp-image-3660\" src=\"http:\/\/violmax.pl\/wp-content\/uploads\/2020\/05\/VIOLMAX_POLSKA-2-300x28.jpg\" alt=\"\" width=\"300\" height=\"28\" \/><\/p>\n<p>&nbsp;<\/p>\n<p>Kubek o litra\u017cu 225 ml z wypiaskowanym motywem kapitana oraz z ty\u0142u napisem&#8221;D\u0119bki&#8221;. Kubek wykonany z najwy\u017cszej jako\u015bci szk\u0142a, bardzo wygodny w u\u017cyciu. Sprawdzi si\u0119 jako kubek do gor\u0105cych napoj\u00f3w, grzanego wina lub jako pami\u0105tka z D\u0119bek. Nie du\u017cy kubek pozwoli na delektowanie si\u0119 wybranym trunkiem i wspomnienie o pobycie nad morzem. Nadaje si\u0119 do mycia w zmywarce.<\/p>\n<p><strong><em>Minimalna ilo\u015b\u0107 zam\u00f3wienia &#8211; 6 sztuk (1 opakowanie)<\/em><br \/>\n<\/strong><\/p>\n<p><strong><em>Towar sprzedawany na opakowania<\/em><\/strong><\/p>\n<h3><span style=\"color: #ff0000;\">PRZY DODAWANIU DO KOSZYKA, NALE\u017bY DODAWA\u0106 KROTNO\u015a\u0106\u00a0 LICZBY 6 &#8211; (1 opak)\u00a0 np: 6 ; 12 ; 18 itd<\/span><\/h3>\n<h3><strong>CENA ZA SZTUK\u0118.<\/strong><\/h3>\n","protected":false},"featured_media":12431,"comment_status":"open","ping_status":"closed","template":"","meta":[],"_links":{"self":[{"href":"https:\/\/violmax.pl\/index.php\/wp-json\/wp\/v2\/product\/4018"}],"collection":[{"href":"https:\/\/violmax.pl\/index.php\/wp-json\/wp\/v2\/product"}],"about":[{"href":"https:\/\/violmax.pl\/index.php\/wp-json\/wp\/v2\/types\/product"}],"replies":[{"embeddable":true,"href":"https:\/\/violmax.pl\/index.php\/wp-json\/wp\/v2\/comments?post=4018"}],"wp:featuredmedia":[{"embeddable":true,"href":"https:\/\/violmax.pl\/index.php\/wp-json\/wp\/v2\/media\/12431"}],"wp:attachment":[{"href":"https:\/\/violmax.pl\/index.php\/wp-json\/wp\/v2\/media?parent=4018"}],"curies":[{"name":"wp","href":"https:\/\/api.w.org\/{rel}","templated":true}]}}