{"id":3871,"date":"2020-05-16T19:08:32","date_gmt":"2020-05-16T17:08:32","guid":{"rendered":"http:\/\/violmax.pl\/?post_type=product&#038;p=3871"},"modified":"2025-12-02T13:26:51","modified_gmt":"2025-12-02T12:26:51","slug":"zakopane-kufel-do-piwa-miodzio-500-ml-blacha-szarfa-gubalowka","status":"publish","type":"product","link":"https:\/\/violmax.pl\/index.php\/produkt\/zakopane-kufel-do-piwa-miodzio-500-ml-blacha-szarfa-gubalowka\/","title":{"rendered":"ZAKOPANE, KUFEL DO PIWA &#8220;MIODZIO 2&#8221; 0,5 LITRA, BLACHA + SZARFA GUBA\u0141\u00d3WKA"},"content":{"rendered":"<p><img loading=\"lazy\" class=\"alignnone size-medium wp-image-7305\" src=\"http:\/\/violmax.pl\/wp-content\/uploads\/2021\/03\/ZAKOPANE_KUFEL_DO_PIWA_MIODZIO_500_ML_BLACHA_GUBALOWKA-250x300.png\" alt=\"\" width=\"250\" height=\"300\" srcset=\"https:\/\/violmax.pl\/wp-content\/uploads\/2021\/03\/ZAKOPANE_KUFEL_DO_PIWA_MIODZIO_500_ML_BLACHA_GUBALOWKA-250x300.png 250w, https:\/\/violmax.pl\/wp-content\/uploads\/2021\/03\/ZAKOPANE_KUFEL_DO_PIWA_MIODZIO_500_ML_BLACHA_GUBALOWKA-680x816.png 680w, https:\/\/violmax.pl\/wp-content\/uploads\/2021\/03\/ZAKOPANE_KUFEL_DO_PIWA_MIODZIO_500_ML_BLACHA_GUBALOWKA.png 750w\" sizes=\"(max-width: 250px) 100vw, 250px\" \/><\/p>\n<p>&nbsp;<\/p>\n<p>Kufel do piwa &#8221;Miodzio&#8221; o litra\u017cu 0,5 litra. Na kuflu s\u0105 wy\u017c\u0142obione charakterystyczne dla &#8221;miodzia&#8221; p\u0142aty w szkle. Na \u015brodku umieszczona jest owalna blacha z metalu, z r\u00f3\u017cnymi motywami charakterystycznymi dla Zakopanego, w tym modelu jest to Giewont. Ka\u017cdy z tych kufli to niezapomniana pami\u0105tka i bardzo wygodny, praktyczny kufel do codziennego u\u017cytku.<\/p>\n<p>&nbsp;<\/p>\n","protected":false},"excerpt":{"rendered":"<p><img loading=\"lazy\" class=\"alignnone size-medium wp-image-3851\" src=\"http:\/\/violmax.pl\/wp-content\/uploads\/2020\/05\/VIOLMAX_POLSKA-7-300x28.jpg\" alt=\"\" width=\"300\" height=\"28\" \/><\/p>\n<p>&nbsp;<\/p>\n<p>Kufel do piwa &#8221;Miodzio&#8221; o litra\u017cu 0,5 litra. Na kuflu s\u0105 wy\u017c\u0142obione charakterystyczne dla &#8221;miodzia&#8221; p\u0142aty w szkle. Na \u015brodku umieszczona jest owalna blacha z metalu, z r\u00f3\u017cnymi motywami charakterystycznymi dla Zakopanego, w tym modelu jest to Giewont. Ka\u017cdy z tych kufli to niezapomniana pami\u0105tka i bardzo wygodny, praktyczny kufel do codziennego u\u017cytku.<\/p>\n<p><strong><em>Minimalna ilo\u015b\u0107 zam\u00f3wienia &#8211; 6 sztuk (1 opakowanie)<\/em><br \/>\n<\/strong><\/p>\n<p><strong><em>Towar sprzedawany na opakowania<\/em><\/strong><\/p>\n<h3><span style=\"color: #ff0000;\">PRZY DODAWANIU DO KOSZYKA, NALE\u017bY DODAWA\u0106 KROTNO\u015a\u0106\u00a0 LICZBY 6 &#8211; (1 opak)\u00a0 np: 6 ; 12 ; 18 itd<\/span><\/h3>\n<h3><strong>CENA ZA SZTUK\u0118.<\/strong><\/h3>\n","protected":false},"featured_media":7305,"comment_status":"open","ping_status":"closed","template":"","meta":[],"_links":{"self":[{"href":"https:\/\/violmax.pl\/index.php\/wp-json\/wp\/v2\/product\/3871"}],"collection":[{"href":"https:\/\/violmax.pl\/index.php\/wp-json\/wp\/v2\/product"}],"about":[{"href":"https:\/\/violmax.pl\/index.php\/wp-json\/wp\/v2\/types\/product"}],"replies":[{"embeddable":true,"href":"https:\/\/violmax.pl\/index.php\/wp-json\/wp\/v2\/comments?post=3871"}],"wp:featuredmedia":[{"embeddable":true,"href":"https:\/\/violmax.pl\/index.php\/wp-json\/wp\/v2\/media\/7305"}],"wp:attachment":[{"href":"https:\/\/violmax.pl\/index.php\/wp-json\/wp\/v2\/media?parent=3871"}],"curies":[{"name":"wp","href":"https:\/\/api.w.org\/{rel}","templated":true}]}}