{"id":3840,"date":"2020-05-14T21:11:38","date_gmt":"2020-05-14T19:11:38","guid":{"rendered":"http:\/\/violmax.pl\/?post_type=product&#038;p=3840"},"modified":"2025-12-02T13:26:52","modified_gmt":"2025-12-02T12:26:52","slug":"sopot-kufel-do-piwa-miodzio-05-litra-zaglowiec-pogoria-odlew-kolor","status":"publish","type":"product","link":"https:\/\/violmax.pl\/index.php\/produkt\/sopot-kufel-do-piwa-miodzio-05-litra-zaglowiec-pogoria-odlew-kolor\/","title":{"rendered":"SOPOT, KUFEL DO PIWA &#8220;MIODZIO 2&#8221; 0,5 LITRA, \u017bAGLOWIEC &#8220;POGORIA&#8221; ODLEW KOLOR"},"content":{"rendered":"<p><img loading=\"lazy\" class=\"alignnone size-medium wp-image-3818\" src=\"http:\/\/violmax.pl\/wp-content\/uploads\/2020\/05\/SOPOT_KUFEL_DO_PIWA_MIODZIO_500_ML_POGORIA_KOLOR-250x300.jpg\" alt=\"\" width=\"250\" height=\"300\" \/><\/p>\n<p>Kufel do piwa \u201dMiodzio\u201d o litra\u017cu 0,5 litra. Na kuflu s\u0105 wy\u017c\u0142obione charakterystyczne dla \u201dmiodzia\u201d p\u0142aty w szkle. Na \u015brodku umieszczona jest metalowy odlew w kolorze \u017caglowca -&#8220;Pogoria&#8221;.\u00a0 Na pami\u0105tce zosta\u0142a umieszczona tak\u017ce szarfa z metalu, z nazw\u0105 miejscowo\u015bci &#8221;Sopot&#8221;. Bardzo wygodny, klasyczny kufel do piwa, kt\u00f3ry dzi\u0119ki takiemu okaza\u0142emu zdobieniu nabra\u0142 oryginalno\u015bci. Idealna pami\u0105tka ze Sopotu.<\/p>\n","protected":false},"excerpt":{"rendered":"<p><img loading=\"lazy\" class=\"alignnone size-medium wp-image-3575\" src=\"http:\/\/violmax.pl\/wp-content\/uploads\/2020\/05\/VIOLMAX_POLSKA-1-300x28.jpg\" alt=\"\" width=\"300\" height=\"28\" \/><\/p>\n<p>&nbsp;<\/p>\n<p>Kufel do piwa \u201dMiodzio\u201d o litra\u017cu 0,5 litra. Na kuflu s\u0105 wy\u017c\u0142obione charakterystyczne dla \u201dmiodzia\u201d p\u0142aty w szkle. Na \u015brodku umieszczona jest metalowy odlew w kolorze \u017caglowca -&#8220;Pogoria&#8221;.\u00a0 Na pami\u0105tce zosta\u0142a umieszczona tak\u017ce szarfa z metalu, z nazw\u0105 miejscowo\u015bci &#8221;Sopot&#8221;. Bardzo wygodny, klasyczny kufel do piwa, kt\u00f3ry dzi\u0119ki takiemu okaza\u0142emu zdobieniu nabra\u0142 oryginalno\u015bci. Idealna pami\u0105tka ze Sopotu.<\/p>\n<p><strong><em>Minimalna ilo\u015b\u0107 zam\u00f3wienia &#8211; 6 sztuk (1 opakowanie)<\/em><br \/>\n<\/strong><\/p>\n<p><strong><em>Towar sprzedawany na opakowania<\/em><\/strong><\/p>\n<h3><span style=\"color: #ff0000;\">PRZY DODAWANIU DO KOSZYKA, NALE\u017bY DODAWA\u0106 KROTNO\u015a\u0106\u00a0 6 SZT &#8211; 1 OPAKOWANIE<\/span><\/h3>\n<h3><strong>CENA ZA SZTUK\u0118.<\/strong><\/h3>\n","protected":false},"featured_media":4169,"comment_status":"open","ping_status":"closed","template":"","meta":[],"_links":{"self":[{"href":"https:\/\/violmax.pl\/index.php\/wp-json\/wp\/v2\/product\/3840"}],"collection":[{"href":"https:\/\/violmax.pl\/index.php\/wp-json\/wp\/v2\/product"}],"about":[{"href":"https:\/\/violmax.pl\/index.php\/wp-json\/wp\/v2\/types\/product"}],"replies":[{"embeddable":true,"href":"https:\/\/violmax.pl\/index.php\/wp-json\/wp\/v2\/comments?post=3840"}],"wp:featuredmedia":[{"embeddable":true,"href":"https:\/\/violmax.pl\/index.php\/wp-json\/wp\/v2\/media\/4169"}],"wp:attachment":[{"href":"https:\/\/violmax.pl\/index.php\/wp-json\/wp\/v2\/media?parent=3840"}],"curies":[{"name":"wp","href":"https:\/\/api.w.org\/{rel}","templated":true}]}}