{"id":384,"date":"2019-08-30T09:49:54","date_gmt":"2019-08-30T07:49:54","guid":{"rendered":"http:\/\/violmax.wroclaw.pl\/?post_type=product&#038;p=384"},"modified":"2025-12-02T13:30:39","modified_gmt":"2025-12-02T12:30:39","slug":"kolobrzeg-kieliszek-do-wodki-shot-30-ml-szron-zaglowka","status":"publish","type":"product","link":"https:\/\/violmax.pl\/index.php\/produkt\/kolobrzeg-kieliszek-do-wodki-shot-30-ml-szron-zaglowka\/","title":{"rendered":"KO\u0141OBRZEG, KIELISZEK DO W\u00d3DKI &#8220;SHOT 30&#8221; ml, SZRON + \u017bAGL\u00d3WKA"},"content":{"rendered":"<p><img loading=\"lazy\" class=\"alignnone size-medium wp-image-385\" src=\"http:\/\/violmax.pl\/wp-content\/uploads\/2019\/08\/KIELISZEK-\u0141\u00d3DKA-METAL-SZRON-300x281.jpg\" alt=\"\" width=\"300\" height=\"281\" \/><\/p>\n<p>Kieliszek do w\u00f3dki o pojemno\u015bci 30ml. Kieliszek jest pi\u0119knie oszroniony do po\u0142owy, na samym \u015brodku umieszczona zosta\u0142a metalowa ozdoba \u2013 \u0142\u00f3dka. Napis \u201dKo\u0142obrzeg\u201d zosta\u0142 precyzyjnie wypiaskowany. Takie pami\u0105tki zawsze robi\u0105 wra\u017cenie. Po\u0142\u0105czenie praktycznej rzeczy z oryginaln\u0105 pami\u0105tk\u0105 i ozdob\u0105 np w kuchennej szafce czy eleganckim barku, w salonie.Idealna pami\u0105tka z Ko\u0142obrzegu.<\/p>\n","protected":false},"excerpt":{"rendered":"<p><img loading=\"lazy\" class=\"alignnone size-full wp-image-5364\" src=\"http:\/\/violmax.pl\/wp-content\/uploads\/2020\/10\/VIOLMAX_POLSKA-3.jpg\" alt=\"\" width=\"300\" height=\"28\" \/><\/p>\n<p>&nbsp;<\/p>\n<p>Kieliszek do w\u00f3dki o pojemno\u015bci 30ml. Kieliszek jest pi\u0119knie oszroniony do po\u0142owy, na samym \u015brodku umieszczona zosta\u0142a metalowa ozdoba \u2013 \u0142\u00f3dka. Napis \u201dKo\u0142obrzeg\u201d zosta\u0142 precyzyjnie wypiaskowany. Takie pami\u0105tki zawsze robi\u0105 wra\u017cenie. Po\u0142\u0105czenie praktycznej rzeczy z oryginaln\u0105 pami\u0105tk\u0105 i ozdob\u0105 np w kuchennej szafce czy eleganckim barku, w salonie.Idealna pami\u0105tka z Ko\u0142obrzegu.<\/p>\n<p><strong><em>Minimalna ilo\u015b\u0107 zam\u00f3wienia &#8211; 6 sztuk (1 opakowanie)<\/em><br \/>\n<\/strong><\/p>\n<p><strong><em>Towar sprzedawany na opakowania<\/em><\/strong><\/p>\n<h3><span style=\"color: #ff0000;\">PRZY DODAWANIU DO KOSZYKA, NALE\u017bY DODAWA\u0106 KROTNO\u015a\u0106\u00a0 LICZBY 6 &#8211; (1 opak)\u00a0 np: 6 ; 12 ; 18 itd<\/span><\/h3>\n<h3><strong>CENA ZA SZTUK\u0118.<\/strong><\/h3>\n","protected":false},"featured_media":385,"comment_status":"open","ping_status":"closed","template":"","meta":[],"_links":{"self":[{"href":"https:\/\/violmax.pl\/index.php\/wp-json\/wp\/v2\/product\/384"}],"collection":[{"href":"https:\/\/violmax.pl\/index.php\/wp-json\/wp\/v2\/product"}],"about":[{"href":"https:\/\/violmax.pl\/index.php\/wp-json\/wp\/v2\/types\/product"}],"replies":[{"embeddable":true,"href":"https:\/\/violmax.pl\/index.php\/wp-json\/wp\/v2\/comments?post=384"}],"wp:featuredmedia":[{"embeddable":true,"href":"https:\/\/violmax.pl\/index.php\/wp-json\/wp\/v2\/media\/385"}],"wp:attachment":[{"href":"https:\/\/violmax.pl\/index.php\/wp-json\/wp\/v2\/media?parent=384"}],"curies":[{"name":"wp","href":"https:\/\/api.w.org\/{rel}","templated":true}]}}