{"id":3783,"date":"2020-05-13T12:44:20","date_gmt":"2020-05-13T10:44:20","guid":{"rendered":"http:\/\/violmax.pl\/?post_type=product&#038;p=3783"},"modified":"2025-12-02T13:26:52","modified_gmt":"2025-12-02T12:26:52","slug":"zakopane-kufel-do-piwa-miodzio-500-ml-parzenica-czerwono-niebieska-kolor","status":"publish","type":"product","link":"https:\/\/violmax.pl\/index.php\/produkt\/zakopane-kufel-do-piwa-miodzio-500-ml-parzenica-czerwono-niebieska-kolor\/","title":{"rendered":"ZAKOPANE, KUFEL DO PIWA &#8220;MIODZIO 2&#8221; 0,5 LITRA, PARZENICA CZERWONO-NIEBIESKA KOLOR"},"content":{"rendered":"<p>&nbsp;<\/p>\n<p><img loading=\"lazy\" class=\"alignnone size-medium wp-image-3778\" src=\"http:\/\/violmax.pl\/wp-content\/uploads\/2020\/05\/ZAKOPANE_KUFEL_DO_PIWA_MIODZIO_500_ML_PARZENICA_NIEBIESKA-250x300.jpg\" alt=\"\" width=\"250\" height=\"300\" srcset=\"https:\/\/violmax.pl\/wp-content\/uploads\/2020\/05\/ZAKOPANE_KUFEL_DO_PIWA_MIODZIO_500_ML_PARZENICA_NIEBIESKA-250x300.jpg 250w, https:\/\/violmax.pl\/wp-content\/uploads\/2020\/05\/ZAKOPANE_KUFEL_DO_PIWA_MIODZIO_500_ML_PARZENICA_NIEBIESKA-680x816.jpg 680w, https:\/\/violmax.pl\/wp-content\/uploads\/2020\/05\/ZAKOPANE_KUFEL_DO_PIWA_MIODZIO_500_ML_PARZENICA_NIEBIESKA.jpg 750w\" sizes=\"(max-width: 250px) 100vw, 250px\" \/><\/p>\n<p>Kufel do piwa &#8221;Miodzio&#8221; o litra\u017cu 0,5 litra. Na kuflu s\u0105 wy\u017c\u0142obione charakterystyczne dla &#8221;miodzia&#8221; p\u0142aty w szkle. Na \u015brodku kufla widzimy parzenic\u0119 w kolorach czerwonym i niebieskim. Na pami\u0105tce umieszczona zosta\u0142a tak\u017ce metalowa szarfa z nazw\u0105 miejscowo\u015bci &#8211; Zakopane.<\/p>\n","protected":false},"excerpt":{"rendered":"<p><img loading=\"lazy\" class=\"alignnone size-medium wp-image-3782\" src=\"http:\/\/violmax.pl\/wp-content\/uploads\/2020\/05\/VIOLMAX_POLSKA-6-300x28.jpg\" alt=\"\" width=\"300\" height=\"28\" \/><\/p>\n<p>&nbsp;<\/p>\n<p>Kufel do piwa &#8221;Miodzio&#8221; o litra\u017cu 0,5 litra. Na kuflu s\u0105 wy\u017c\u0142obione charakterystyczne dla &#8221;miodzia&#8221; p\u0142aty w szkle. Na \u015brodku kufla widzimy parzenic\u0119 w kolorach czerwonym i niebieskim. Na pami\u0105tce umieszczona zosta\u0142a tak\u017ce metalowa szarfa z nazw\u0105 miejscowo\u015bci &#8211; Zakopane.<\/p>\n<p><strong><em>Minimalna ilo\u015b\u0107 zam\u00f3wienia &#8211; 6 sztuk (1 opakowanie)<\/em><br \/>\n<\/strong><\/p>\n<p><strong><em>Towar sprzedawany na opakowania<\/em><\/strong><\/p>\n<h3><span style=\"color: #ff0000;\">PRZY DODAWANIU DO KOSZYKA, NALE\u017bY DODAWA\u0106 KROTNO\u015a\u0106\u00a0 LICZBY 6 &#8211; (1 opak)\u00a0 np: 6 ; 12 ; 18 itd<\/span><\/h3>\n<h3><strong>CENA ZA SZTUK\u0118.<\/strong><\/h3>\n","protected":false},"featured_media":3778,"comment_status":"open","ping_status":"closed","template":"","meta":[],"_links":{"self":[{"href":"https:\/\/violmax.pl\/index.php\/wp-json\/wp\/v2\/product\/3783"}],"collection":[{"href":"https:\/\/violmax.pl\/index.php\/wp-json\/wp\/v2\/product"}],"about":[{"href":"https:\/\/violmax.pl\/index.php\/wp-json\/wp\/v2\/types\/product"}],"replies":[{"embeddable":true,"href":"https:\/\/violmax.pl\/index.php\/wp-json\/wp\/v2\/comments?post=3783"}],"wp:featuredmedia":[{"embeddable":true,"href":"https:\/\/violmax.pl\/index.php\/wp-json\/wp\/v2\/media\/3778"}],"wp:attachment":[{"href":"https:\/\/violmax.pl\/index.php\/wp-json\/wp\/v2\/media?parent=3783"}],"curies":[{"name":"wp","href":"https:\/\/api.w.org\/{rel}","templated":true}]}}