{"id":3735,"date":"2020-05-12T20:18:36","date_gmt":"2020-05-12T18:18:36","guid":{"rendered":"http:\/\/violmax.pl\/?post_type=product&#038;p=3735"},"modified":"2026-03-20T08:40:50","modified_gmt":"2026-03-20T07:40:50","slug":"debki-kufel-do-piwa-miodzio-05-litra-zaglowiec-dragon-odlew-kolor","status":"publish","type":"product","link":"https:\/\/violmax.pl\/index.php\/produkt\/debki-kufel-do-piwa-miodzio-05-litra-zaglowiec-dragon-odlew-kolor\/","title":{"rendered":"D\u0118BKI, KUFEL DO PIWA &#8220;MIODZIO 2&#8221; 0,5 LITRA, \u017bAGLOWIEC &#8220;DRAGON&#8221; ODLEW KOLOR"},"content":{"rendered":"<p><img loading=\"lazy\" class=\"alignnone size-medium wp-image-3791\" src=\"http:\/\/violmax.pl\/wp-content\/uploads\/2020\/05\/DEBKI_KUFEL_DO_PIWA_MIODZIO_500_ML_DRAGON_KOLOR-250x300.jpg\" alt=\"\" width=\"250\" height=\"300\" srcset=\"https:\/\/violmax.pl\/wp-content\/uploads\/2020\/05\/DEBKI_KUFEL_DO_PIWA_MIODZIO_500_ML_DRAGON_KOLOR-250x300.jpg 250w, https:\/\/violmax.pl\/wp-content\/uploads\/2020\/05\/DEBKI_KUFEL_DO_PIWA_MIODZIO_500_ML_DRAGON_KOLOR-680x816.jpg 680w, https:\/\/violmax.pl\/wp-content\/uploads\/2020\/05\/DEBKI_KUFEL_DO_PIWA_MIODZIO_500_ML_DRAGON_KOLOR.jpg 750w\" sizes=\"(max-width: 250px) 100vw, 250px\" \/><\/p>\n<p>&nbsp;<\/p>\n<p>Kufel do piwa \u201dMiodzio\u201d o litra\u017cu 0,5 litra. Na kuflu s\u0105 wy\u017c\u0142obione charakterystyczne dla \u201dmiodzia\u201d p\u0142aty w szkle. Na \u015brodku umieszczona jest metalowy odlew w kolorze \u017caglowca -&#8220;Dragon&#8221;.\u00a0 Na pami\u0105tce zosta\u0142a umieszczona tak\u017ce szarfa z metalu, z nazw\u0105 miejscowo\u015bci &#8221;D\u0119bki&#8221;. Bardzo wygodny, klasyczny kufel do piwa, kt\u00f3ry dzi\u0119ki takiemu okaza\u0142emu zdobieniu nabra\u0142 oryginalno\u015bci. Idealna pami\u0105tka z D\u0119bek.<\/p>\n<p>&nbsp;<\/p>\n<p>&nbsp;<\/p>\n<p>&nbsp;<\/p>\n<p>&nbsp;<\/p>\n","protected":false},"excerpt":{"rendered":"<p><img loading=\"lazy\" class=\"alignnone size-medium wp-image-3575\" src=\"http:\/\/violmax.pl\/wp-content\/uploads\/2020\/05\/VIOLMAX_POLSKA-1-300x28.jpg\" alt=\"\" width=\"300\" height=\"28\" \/><\/p>\n<p>&nbsp;<\/p>\n<p>Kufel do piwa \u201dMiodzio\u201d o litra\u017cu 0,5 litra. Na kuflu s\u0105 wy\u017c\u0142obione charakterystyczne dla \u201dmiodzia\u201d p\u0142aty w szkle. Na \u015brodku umieszczona jest metalowy odlew w kolorze \u017caglowca -&#8220;Dragon&#8221;.\u00a0 Na pami\u0105tce zosta\u0142a umieszczona tak\u017ce szarfa z metalu, z nazw\u0105 miejscowo\u015bci &#8221;D\u0119bki&#8221;. Bardzo wygodny, klasyczny kufel do piwa, kt\u00f3ry dzi\u0119ki takiemu okaza\u0142emu zdobieniu nabra\u0142 oryginalno\u015bci. Idealna pami\u0105tka z D\u0119bek.<\/p>\n<p><strong><em>Minimalna ilo\u015b\u0107 zam\u00f3wienia &#8211; 6 sztuk (1 opakowanie)<\/em><br \/>\n<\/strong><\/p>\n<p><strong><em>Towar sprzedawany na opakowania<\/em><\/strong><\/p>\n<h3><span style=\"color: #ff0000;\">PRZY DODAWANIU DO KOSZYKA, NALE\u017bY DODAWA\u0106 KROTNO\u015a\u0106\u00a0 6 SZT &#8211; 1 OPAKOWANIE<\/span><\/h3>\n<h3><strong>CENA ZA SZTUK\u0118.<\/strong><\/h3>\n","protected":false},"featured_media":3791,"comment_status":"open","ping_status":"closed","template":"","meta":[],"_links":{"self":[{"href":"https:\/\/violmax.pl\/index.php\/wp-json\/wp\/v2\/product\/3735"}],"collection":[{"href":"https:\/\/violmax.pl\/index.php\/wp-json\/wp\/v2\/product"}],"about":[{"href":"https:\/\/violmax.pl\/index.php\/wp-json\/wp\/v2\/types\/product"}],"replies":[{"embeddable":true,"href":"https:\/\/violmax.pl\/index.php\/wp-json\/wp\/v2\/comments?post=3735"}],"wp:featuredmedia":[{"embeddable":true,"href":"https:\/\/violmax.pl\/index.php\/wp-json\/wp\/v2\/media\/3791"}],"wp:attachment":[{"href":"https:\/\/violmax.pl\/index.php\/wp-json\/wp\/v2\/media?parent=3735"}],"curies":[{"name":"wp","href":"https:\/\/api.w.org\/{rel}","templated":true}]}}