{"id":370,"date":"2019-08-29T12:10:57","date_gmt":"2019-08-29T10:10:57","guid":{"rendered":"http:\/\/violmax.wroclaw.pl\/?post_type=product&#038;p=370"},"modified":"2025-12-02T13:30:40","modified_gmt":"2025-12-02T12:30:40","slug":"swieradow-zdroj-kufel-do-piwa-miodzio-05-litra-blacha-szarfa-dom-zdrojowy","status":"publish","type":"product","link":"https:\/\/violmax.pl\/index.php\/produkt\/swieradow-zdroj-kufel-do-piwa-miodzio-05-litra-blacha-szarfa-dom-zdrojowy\/","title":{"rendered":"\u015aWIERAD\u00d3W ZDR\u00d3J, KUFEL DO PIWA &#8220;MIODZIO 2&#8221; 0,5 LITRA, BLACHA + SZARFA, DOM ZDROJOWY"},"content":{"rendered":"<p><img loading=\"lazy\" class=\"alignnone size-medium wp-image-371\" src=\"http:\/\/violmax.pl\/wp-content\/uploads\/2019\/08\/MIODZIO-BLACHA-DOM-ZDROJOWY-DOCELOWY--236x300.jpg\" alt=\"\" width=\"236\" height=\"300\" \/><\/p>\n<p>&nbsp;<\/p>\n<p>Kufel do piwa \u201dMiodzio\u201d o litra\u017cu 0,5 litra. Na kuflu s\u0105 wy\u017c\u0142obione charakterystyczne dla \u201dmiodzia\u201d p\u0142aty w szkle. Na \u015brodku umieszczona jest blacha z metalu, z r\u00f3\u017cnymi motywami charakterystycznymi dla \u015awieradowa, w tym modelu jest to Dom Zdrojowy. Ponadto na pami\u0105tce umie\u015bcili\u015bmy szarf\u0119 metalow\u0105 z nazw\u0105 miejscowo\u015bci. To niezapomniana pami\u0105tka i bardzo wygodny, praktyczny kufel do codziennego u\u017cytku.<\/p>\n","protected":false},"excerpt":{"rendered":"<p><img loading=\"lazy\" class=\"alignnone size-full wp-image-5364\" src=\"http:\/\/violmax.pl\/wp-content\/uploads\/2020\/10\/VIOLMAX_POLSKA-3.jpg\" alt=\"\" width=\"300\" height=\"28\" \/><\/p>\n<p>&nbsp;<\/p>\n<p>Kufel do piwa \u201dMiodzio\u201d o litra\u017cu 0,5 litra. Na kuflu s\u0105 wy\u017c\u0142obione charakterystyczne dla \u201dmiodzia\u201d p\u0142aty w szkle. Na \u015brodku umieszczona jest blacha z metalu, z r\u00f3\u017cnymi motywami charakterystycznymi dla \u015awieradowa, w tym modelu jest to Dom Zdrojowy. Ponadto na pami\u0105tce umie\u015bcili\u015bmy szarf\u0119 metalow\u0105 z nazw\u0105 miejscowo\u015bci. To niezapomniana pami\u0105tka i bardzo wygodny, praktyczny kufel do codziennego u\u017cytku.<\/p>\n<p><strong><em>Minimalna ilo\u015b\u0107 zam\u00f3wienia &#8211; 6 sztuk (1 opakowanie)<\/em><br \/>\n<\/strong><\/p>\n<p><strong><em>Towar sprzedawany na opakowania<\/em><\/strong><\/p>\n<h3><span style=\"color: #ff0000;\">PRZY DODAWANIU DO KOSZYKA, NALE\u017bY DODAWA\u0106 KROTNO\u015a\u0106\u00a0 LICZBY 6 &#8211; (1 opak)\u00a0 np: 6 ; 12 ; 18 itd<\/span><\/h3>\n<h3><strong>CENA ZA SZTUK\u0118.<\/strong><\/h3>\n","protected":false},"featured_media":371,"comment_status":"open","ping_status":"closed","template":"","meta":[],"_links":{"self":[{"href":"https:\/\/violmax.pl\/index.php\/wp-json\/wp\/v2\/product\/370"}],"collection":[{"href":"https:\/\/violmax.pl\/index.php\/wp-json\/wp\/v2\/product"}],"about":[{"href":"https:\/\/violmax.pl\/index.php\/wp-json\/wp\/v2\/types\/product"}],"replies":[{"embeddable":true,"href":"https:\/\/violmax.pl\/index.php\/wp-json\/wp\/v2\/comments?post=370"}],"wp:featuredmedia":[{"embeddable":true,"href":"https:\/\/violmax.pl\/index.php\/wp-json\/wp\/v2\/media\/371"}],"wp:attachment":[{"href":"https:\/\/violmax.pl\/index.php\/wp-json\/wp\/v2\/media?parent=370"}],"curies":[{"name":"wp","href":"https:\/\/api.w.org\/{rel}","templated":true}]}}