{"id":3578,"date":"2020-05-10T10:15:49","date_gmt":"2020-05-10T08:15:49","guid":{"rendered":"http:\/\/violmax.pl\/?post_type=product&#038;p=3578"},"modified":"2025-12-02T13:27:00","modified_gmt":"2025-12-02T12:27:00","slug":"gdansk-kufel-do-piwa-miodzio-05-litra-zaglowiec-dar-pomorza","status":"publish","type":"product","link":"https:\/\/violmax.pl\/index.php\/produkt\/gdansk-kufel-do-piwa-miodzio-05-litra-zaglowiec-dar-pomorza\/","title":{"rendered":"GDA\u0143SK, KUFEL DO PIWA &#8220;MIODZIO 2&#8221; 0,5 LITRA, \u017bAGLOWIEC &#8220;DAR POMORZA&#8221;"},"content":{"rendered":"<p><img loading=\"lazy\" class=\"alignnone size-medium wp-image-5696\" src=\"http:\/\/violmax.pl\/wp-content\/uploads\/2020\/11\/Gdansk_kufel_do_piwa_miodzio_500_ml_odlew_kolor_dar_pomorza-261x300.png\" alt=\"\" width=\"261\" height=\"300\" srcset=\"https:\/\/violmax.pl\/wp-content\/uploads\/2020\/11\/Gdansk_kufel_do_piwa_miodzio_500_ml_odlew_kolor_dar_pomorza-261x300.png 261w, https:\/\/violmax.pl\/wp-content\/uploads\/2020\/11\/Gdansk_kufel_do_piwa_miodzio_500_ml_odlew_kolor_dar_pomorza-768x883.png 768w, https:\/\/violmax.pl\/wp-content\/uploads\/2020\/11\/Gdansk_kufel_do_piwa_miodzio_500_ml_odlew_kolor_dar_pomorza-680x782.png 680w, https:\/\/violmax.pl\/wp-content\/uploads\/2020\/11\/Gdansk_kufel_do_piwa_miodzio_500_ml_odlew_kolor_dar_pomorza.png 783w\" sizes=\"(max-width: 261px) 100vw, 261px\" \/><\/p>\n<p>&nbsp;<\/p>\n<p>Kufel do piwa \u201dMiodzio\u201d o litra\u017cu 0,5 litra. Na kuflu s\u0105 wy\u017c\u0142obione charakterystyczne dla \u201dmiodzia\u201d p\u0142aty w szkle. Na \u015brodku umieszczony zosta\u0142 pi\u0119kny i okaza\u0142y odlew z metalu, z motywem \u017caglowca &#8220;Dar Pomorza&#8221; w wyra\u017anej bieli.\u00a0 Na pami\u0105tce zosta\u0142a umieszczona tak\u017ce szarfa z metalu, z nazw\u0105 miejscowo\u015bci \u201dGda\u0144sk\u201d. Bardzo wygodny, klasyczny kufel do piwa, kt\u00f3ry dzi\u0119ki takiemu okaza\u0142emu zdobieniu nabra\u0142 oryginalno\u015bci. Idealna pami\u0105tka z Gda\u0144ska.<\/p>\n","protected":false},"excerpt":{"rendered":"<div class=\"woocommerce-product-details__short-description\">\n<div class=\"woocommerce-product-details__short-description\">\n<div class=\"woocommerce-product-details__short-description\">\n<div class=\"woocommerce-product-details__short-description\">\n<div class=\"woocommerce-product-details__short-description\">\n<p><img loading=\"lazy\" class=\"alignnone size-medium wp-image-3492\" src=\"http:\/\/violmax.pl\/wp-content\/uploads\/2020\/05\/VIOLMAX_POLSKA-300x28.jpg\" alt=\"\" width=\"300\" height=\"28\" \/><\/p>\n<p>&nbsp;<\/p>\n<p>Kufel do piwa \u201dMiodzio\u201d o litra\u017cu 0,5 litra. Na kuflu s\u0105 wy\u017c\u0142obione charakterystyczne dla \u201dmiodzia\u201d p\u0142aty w szkle. Na \u015brodku umieszczony zosta\u0142 pi\u0119kny i okaza\u0142y odlew z metalu, z motywem \u017caglowca &#8220;Dar Pomorza&#8221; w wyra\u017anej bieli.\u00a0 Na pami\u0105tce zosta\u0142a umieszczona tak\u017ce szarfa z metalu, z nazw\u0105 miejscowo\u015bci \u201dGda\u0144sk\u201d. Bardzo wygodny, klasyczny kufel do piwa, kt\u00f3ry dzi\u0119ki takiemu okaza\u0142emu zdobieniu nabra\u0142 oryginalno\u015bci. Idealna pami\u0105tka z Gda\u0144ska.<\/p>\n<p><strong><em>Minimalna ilo\u015b\u0107 zam\u00f3wienia \u2013 6 sztuk (1 opakowanie)<\/em><br \/>\n<\/strong><\/p>\n<p><strong><em>Towar sprzedawany na opakowania<\/em><\/strong><\/p>\n<h3><span style=\"color: #ff0000;\">PRZY DODAWANIU DO KOSZYKA, NALE\u017bY DODAWA\u0106 KROTNO\u015a\u0106\u00a0 6 SZT &#8211; 1 OPAKOWANIE<\/span><\/h3>\n<h3><strong>CENA ZA SZTUK\u0118.<\/strong><\/h3>\n<\/div>\n<\/div>\n<\/div>\n<\/div>\n<\/div>\n","protected":false},"featured_media":5696,"comment_status":"open","ping_status":"closed","template":"","meta":[],"_links":{"self":[{"href":"https:\/\/violmax.pl\/index.php\/wp-json\/wp\/v2\/product\/3578"}],"collection":[{"href":"https:\/\/violmax.pl\/index.php\/wp-json\/wp\/v2\/product"}],"about":[{"href":"https:\/\/violmax.pl\/index.php\/wp-json\/wp\/v2\/types\/product"}],"replies":[{"embeddable":true,"href":"https:\/\/violmax.pl\/index.php\/wp-json\/wp\/v2\/comments?post=3578"}],"wp:featuredmedia":[{"embeddable":true,"href":"https:\/\/violmax.pl\/index.php\/wp-json\/wp\/v2\/media\/5696"}],"wp:attachment":[{"href":"https:\/\/violmax.pl\/index.php\/wp-json\/wp\/v2\/media?parent=3578"}],"curies":[{"name":"wp","href":"https:\/\/api.w.org\/{rel}","templated":true}]}}