{"id":3461,"date":"2020-05-02T21:20:09","date_gmt":"2020-05-02T19:20:09","guid":{"rendered":"http:\/\/violmax.pl\/?post_type=product&#038;p=3461"},"modified":"2025-12-02T13:27:02","modified_gmt":"2025-12-02T12:27:02","slug":"mielno-kubek-apollo-350-ml-szron-zaglowiec","status":"publish","type":"product","link":"https:\/\/violmax.pl\/index.php\/produkt\/mielno-kubek-apollo-350-ml-szron-zaglowiec\/","title":{"rendered":"MIELNO, KUBEK &#8220;APOLLO&#8221; 350 ML, \u017bAGLOWIEC SZRON"},"content":{"rendered":"<p><img loading=\"lazy\" class=\"alignnone size-medium wp-image-1203\" src=\"http:\/\/violmax.pl\/wp-content\/uploads\/2019\/09\/APOLLO-STRONA-2-300x209.jpg\" alt=\"\" width=\"300\" height=\"209\" \/><img loading=\"lazy\" class=\"alignnone size-medium wp-image-1202\" src=\"http:\/\/violmax.pl\/wp-content\/uploads\/2019\/09\/APOLLO-STRONA-1-300x207.jpg\" alt=\"\" width=\"300\" height=\"207\" \/><\/p>\n<p>Kubek o pojemno\u015bci 350 ml o ciekawym kszta\u0142cie (niski z uchem). Nadaje si\u0119 generalnie do ka\u017cdego rodzaju napoj\u00f3w (woda,soki,herbata,napoje gor\u0105ce). Pi\u0119kne zdobienia, z motywem \u017caglowca \u2013 wypiaskowane dodaj\u0105 kubkowi niepowtarzalnego uroku.Na pami\u0105tce wypiaskowana jest tak\u017ce nazwa miejscowo\u015bci \u201dMielno\u201d. Ka\u017cdy szczeg\u00f3\u0142 wykonany jest z precyzyjn\u0105 dok\u0142adno\u015bci\u0105. Na kubku wida\u0107\u00a0 wypiaskowane nawet najmniejsze elementy dzi\u0119ki czemu zwyk\u0142y kubek nabra\u0142 oryginalnego wygl\u0105du. Idealna pami\u0105tka z Mielna. Nadaje si\u0119 do mycia w zmywarce.<\/p>\n","protected":false},"excerpt":{"rendered":"<p><img loading=\"lazy\" class=\"alignnone size-medium wp-image-3660\" src=\"http:\/\/violmax.pl\/wp-content\/uploads\/2020\/05\/VIOLMAX_POLSKA-2-300x28.jpg\" alt=\"\" width=\"300\" height=\"28\" \/><\/p>\n<p>&nbsp;<\/p>\n<p>Kubek o pojemno\u015bci 350 ml o ciekawym kszta\u0142cie (niski z uchem). Nadaje si\u0119 generalnie do ka\u017cdego rodzaju napoj\u00f3w (woda,soki,herbata,napoje gor\u0105ce). Pi\u0119kne zdobienia, z motywem \u017caglowca \u2013 wypiaskowane dodaj\u0105 kubkowi niepowtarzalnego uroku.Na pami\u0105tce wypiaskowana jest tak\u017ce nazwa miejscowo\u015bci \u201dMielno\u201d. Ka\u017cdy szczeg\u00f3\u0142 wykonany jest z precyzyjn\u0105 dok\u0142adno\u015bci\u0105. Na kubku wida\u0107\u00a0 wypiaskowane nawet najmniejsze elementy dzi\u0119ki czemu zwyk\u0142y kubek nabra\u0142 oryginalnego wygl\u0105du. Idealna pami\u0105tka z Mielna. Nadaje si\u0119 do mycia w zmywarce.<\/p>\n<p><strong><em>Minimalna ilo\u015b\u0107 zam\u00f3wienia &#8211; 9 sztuk (1 opakowanie)<\/em><br \/>\n<\/strong><\/p>\n<p><strong><em>Towar sprzedawany na opakowania<\/em><\/strong><\/p>\n<h3><span style=\"color: #ff0000;\">PRZY DODAWANIU DO KOSZYKA, NALE\u017bY DODAWA\u0106 KROTNO\u015a\u0106\u00a0 9 SZT &#8211; 1 OPAKOWANIE<\/span><\/h3>\n<h3><strong>CENA ZA SZTUK\u0118.<\/strong><\/h3>\n","protected":false},"featured_media":1203,"comment_status":"open","ping_status":"closed","template":"","meta":[],"_links":{"self":[{"href":"https:\/\/violmax.pl\/index.php\/wp-json\/wp\/v2\/product\/3461"}],"collection":[{"href":"https:\/\/violmax.pl\/index.php\/wp-json\/wp\/v2\/product"}],"about":[{"href":"https:\/\/violmax.pl\/index.php\/wp-json\/wp\/v2\/types\/product"}],"replies":[{"embeddable":true,"href":"https:\/\/violmax.pl\/index.php\/wp-json\/wp\/v2\/comments?post=3461"}],"wp:featuredmedia":[{"embeddable":true,"href":"https:\/\/violmax.pl\/index.php\/wp-json\/wp\/v2\/media\/1203"}],"wp:attachment":[{"href":"https:\/\/violmax.pl\/index.php\/wp-json\/wp\/v2\/media?parent=3461"}],"curies":[{"name":"wp","href":"https:\/\/api.w.org\/{rel}","templated":true}]}}