{"id":346,"date":"2019-08-29T11:24:34","date_gmt":"2019-08-29T09:24:34","guid":{"rendered":"http:\/\/violmax.wroclaw.pl\/?post_type=product&#038;p=346"},"modified":"2025-12-02T13:30:42","modified_gmt":"2025-12-02T12:30:42","slug":"bialka-tatrzanska-szklanka-do-piwa-500-ml-harnas-szron","status":"publish","type":"product","link":"https:\/\/violmax.pl\/index.php\/produkt\/bialka-tatrzanska-szklanka-do-piwa-500-ml-harnas-szron\/","title":{"rendered":"BIA\u0141KA TATRZA\u0143SKA, SZKLANKA DO PIWA &#8220;KROSNO&#8221; 0,5 LITRA, HARNA\u015a SZRON"},"content":{"rendered":"<p><img loading=\"lazy\" class=\"alignnone size-medium wp-image-347\" src=\"http:\/\/violmax.pl\/wp-content\/uploads\/2019\/08\/SZKLANKA-PIWO-2-STRONA-SZRON-269x300.jpg\" alt=\"\" width=\"269\" height=\"300\" \/><img loading=\"lazy\" class=\"alignnone size-medium wp-image-348\" src=\"http:\/\/violmax.pl\/wp-content\/uploads\/2019\/08\/SZKLANKA-PIWO-SZRON-PRZ\u00d3D--169x300.jpg\" alt=\"\" width=\"169\" height=\"300\" \/><\/p>\n<p>&nbsp;<\/p>\n<p>Szklanka do piwa o pojemno\u015bci 0,5 litra z wypiaskowanym motywem g\u00f3rala oraz do po\u0142owy w szronie. Na szklance widnieje napis &#8221;Bia\u0142ka Tatrza\u0144ska&#8221;. Zwyk\u0142a szklanka dzi\u0119ki precyzyjnemu piaskowaniu nabra\u0142a oryginalno\u015bci. Idealna pami\u0105tka z g\u00f3r.<\/p>\n","protected":false},"excerpt":{"rendered":"<p><img loading=\"lazy\" class=\"alignnone size-full wp-image-5364\" src=\"http:\/\/violmax.pl\/wp-content\/uploads\/2020\/10\/VIOLMAX_POLSKA-3.jpg\" alt=\"\" width=\"300\" height=\"28\" \/><\/p>\n<p>&nbsp;<\/p>\n<p>Szklanka do piwa o pojemno\u015bci 0,5 litra z wypiaskowanym motywem g\u00f3rala oraz do po\u0142owy w szronie. Na szklance widnieje napis &#8221;Bia\u0142ka Tatrza\u0144ska&#8221;. Zwyk\u0142a szklanka dzi\u0119ki precyzyjnemu piaskowaniu nabra\u0142a oryginalno\u015bci. Idealna pami\u0105tka z g\u00f3r.<\/p>\n<p><strong><em>Minimalna ilo\u015b\u0107 zam\u00f3wienia &#8211; 6 sztuk (1 opakowanie)<\/em><br \/>\n<\/strong><\/p>\n<p><strong><em>Towar sprzedawany na opakowania<\/em><\/strong><\/p>\n<h3><span style=\"color: #ff0000;\">PRZY DODAWANIU DO KOSZYKA, NALE\u017bY DODAWA\u0106 KROTNO\u015a\u0106\u00a0 LICZBY 6 &#8211; (1 opak)\u00a0 np: 6 ; 12 ; 18 itd<\/span><\/h3>\n<h3><strong>CENA ZA SZTUK\u0118.<\/strong><\/h3>\n","protected":false},"featured_media":347,"comment_status":"open","ping_status":"closed","template":"","meta":[],"_links":{"self":[{"href":"https:\/\/violmax.pl\/index.php\/wp-json\/wp\/v2\/product\/346"}],"collection":[{"href":"https:\/\/violmax.pl\/index.php\/wp-json\/wp\/v2\/product"}],"about":[{"href":"https:\/\/violmax.pl\/index.php\/wp-json\/wp\/v2\/types\/product"}],"replies":[{"embeddable":true,"href":"https:\/\/violmax.pl\/index.php\/wp-json\/wp\/v2\/comments?post=346"}],"wp:featuredmedia":[{"embeddable":true,"href":"https:\/\/violmax.pl\/index.php\/wp-json\/wp\/v2\/media\/347"}],"wp:attachment":[{"href":"https:\/\/violmax.pl\/index.php\/wp-json\/wp\/v2\/media?parent=346"}],"curies":[{"name":"wp","href":"https:\/\/api.w.org\/{rel}","templated":true}]}}