{"id":342,"date":"2019-08-29T11:10:27","date_gmt":"2019-08-29T09:10:27","guid":{"rendered":"http:\/\/violmax.wroclaw.pl\/?post_type=product&#038;p=342"},"modified":"2025-12-02T13:30:42","modified_gmt":"2025-12-02T12:30:42","slug":"bialka-tatrzanska-kubek-apollo-350-ml-chata-2-szron","status":"publish","type":"product","link":"https:\/\/violmax.pl\/index.php\/produkt\/bialka-tatrzanska-kubek-apollo-350-ml-chata-2-szron\/","title":{"rendered":"BIA\u0141KA TATRZA\u0143SKA, KUBEK &#8220;APOLLO&#8221; 350 ml, CHATA 2 SZRON"},"content":{"rendered":"<p><img loading=\"lazy\" class=\"alignnone size-medium wp-image-344\" src=\"http:\/\/violmax.pl\/wp-content\/uploads\/2019\/08\/SZKLANKA-NISKA-1-BOK-SZRON-300x189.jpg\" alt=\"\" width=\"300\" height=\"189\" \/><img loading=\"lazy\" class=\"alignnone size-medium wp-image-345\" src=\"http:\/\/violmax.pl\/wp-content\/uploads\/2019\/08\/SZKLANKA-NISKA-2-BOK-SZRON-300x227.jpg\" alt=\"\" width=\"300\" height=\"227\" \/><img loading=\"lazy\" class=\"alignnone size-medium wp-image-343\" src=\"http:\/\/violmax.pl\/wp-content\/uploads\/2019\/08\/SZKLANKA-NISKA-PRZ\u00d3D-SZRON-300x165.jpg\" alt=\"\" width=\"300\" height=\"165\" \/><\/p>\n<p>&nbsp;<\/p>\n<p>Kubek o pojemno\u015bci 350 ml o ciekawym kszta\u0142cie (niski z uchem). Nadaje si\u0119 generalnie do ka\u017cdego rodzaju napoj\u00f3w (woda,soki,herbata,napoje gor\u0105ce). Pi\u0119kne zdobienia &#8211; wypiaskowane dodaj\u0105 kubkowi niepowtarzalnego uroku.Na kubku wypiaskowana jest tak\u017ce nazwa miejscowo\u015bci &#8221;Bia\u0142ka Tatrza\u0144ska&#8221;. Ka\u017cdy szczeg\u00f3\u0142 wykonany jest z precyzyjn\u0105 dok\u0142adno\u015bci\u0105. Na pami\u0105tce wida\u0107 nawet najmniejsze elementy dzi\u0119ki czemu zwyk\u0142y kubek nabra\u0142 oryginalnego wygl\u0105du. Idealna pami\u0105tka z g\u00f3r.<\/p>\n","protected":false},"excerpt":{"rendered":"<p><img loading=\"lazy\" class=\"alignnone size-full wp-image-5364\" src=\"http:\/\/violmax.pl\/wp-content\/uploads\/2020\/10\/VIOLMAX_POLSKA-3.jpg\" alt=\"\" width=\"300\" height=\"28\" \/><\/p>\n<p>&nbsp;<\/p>\n<p>Kubek o pojemno\u015bci 350 ml o ciekawym kszta\u0142cie (niski z uchem). Nadaje si\u0119 generalnie do ka\u017cdego rodzaju napoj\u00f3w (woda,soki,herbata,napoje gor\u0105ce). Pi\u0119kne zdobienia &#8211; wypiaskowane dodaj\u0105 kubkowi niepowtarzalnego uroku.Na kubku wypiaskowana jest tak\u017ce nazwa miejscowo\u015bci &#8221;Bia\u0142ka Tatrza\u0144ska&#8221;. Ka\u017cdy szczeg\u00f3\u0142 wykonany jest z precyzyjn\u0105 dok\u0142adno\u015bci\u0105. Na pami\u0105tce wida\u0107 nawet najmniejsze elementy dzi\u0119ki czemu zwyk\u0142y kubek nabra\u0142 oryginalnego wygl\u0105du. Idealna pami\u0105tka z g\u00f3r.<\/p>\n<p><strong><em>Minimalna ilo\u015b\u0107 zam\u00f3wienia &#8211; 9 sztuk (1 opakowanie)<\/em><br \/>\n<\/strong><\/p>\n<p><strong><em>Towar sprzedawany na opakowania<\/em><\/strong><\/p>\n<h3><span style=\"color: #ff0000;\">PRZY DODAWANIU DO KOSZYKA, NALE\u017bY DODAWA\u0106 KROTNO\u015a\u0106\u00a0 LICZBY 6 &#8211; (1 opak)\u00a0 np: 9 ; 18 ; 27 itd<\/span><\/h3>\n<h3><strong>CENA ZA SZTUK\u0118.<\/strong><\/h3>\n","protected":false},"featured_media":344,"comment_status":"open","ping_status":"closed","template":"","meta":[],"_links":{"self":[{"href":"https:\/\/violmax.pl\/index.php\/wp-json\/wp\/v2\/product\/342"}],"collection":[{"href":"https:\/\/violmax.pl\/index.php\/wp-json\/wp\/v2\/product"}],"about":[{"href":"https:\/\/violmax.pl\/index.php\/wp-json\/wp\/v2\/types\/product"}],"replies":[{"embeddable":true,"href":"https:\/\/violmax.pl\/index.php\/wp-json\/wp\/v2\/comments?post=342"}],"wp:featuredmedia":[{"embeddable":true,"href":"https:\/\/violmax.pl\/index.php\/wp-json\/wp\/v2\/media\/344"}],"wp:attachment":[{"href":"https:\/\/violmax.pl\/index.php\/wp-json\/wp\/v2\/media?parent=342"}],"curies":[{"name":"wp","href":"https:\/\/api.w.org\/{rel}","templated":true}]}}