{"id":333,"date":"2019-08-29T10:43:44","date_gmt":"2019-08-29T08:43:44","guid":{"rendered":"http:\/\/violmax.wroclaw.pl\/?post_type=product&#038;p=333"},"modified":"2025-12-02T13:30:43","modified_gmt":"2025-12-02T12:30:43","slug":"bialka-tatrzanska-kufel-do-piwa-miodzio-05-litra-harnas-2d-gory","status":"publish","type":"product","link":"https:\/\/violmax.pl\/index.php\/produkt\/bialka-tatrzanska-kufel-do-piwa-miodzio-05-litra-harnas-2d-gory\/","title":{"rendered":"BIA\u0141KA TATRZA\u0143SKA, KUFEL DO PIWA &#8220;MIODZIO 2&#8221; 0,5 LITRA, HARNA\u015a 2D G\u00d3RY"},"content":{"rendered":"<p><img loading=\"lazy\" class=\"alignnone size-medium wp-image-334\" src=\"http:\/\/violmax.pl\/wp-content\/uploads\/2019\/08\/MIODZIO-HARNA\u015a-METAL--266x300.jpg\" alt=\"\" width=\"266\" height=\"300\" \/><\/p>\n<p>&nbsp;<\/p>\n<p>Kufel do piwa \u201dMiodzio\u201d o litra\u017cu 0,5 litra. Na kuflu s\u0105 wy\u017c\u0142obione charakterystyczne dla \u201dmiodzia\u201d p\u0142aty w szkle.Na \u015brodku kufla umieszczony zosta\u0142 motyw g\u00f3rala z metalu w tzw formie 2D (jest nieco wypuk\u0142y). Genialna pami\u0105tka z Bia\u0142ki Tatrza\u0144skiej. G\u00f3ral na szkle jest w kolorze starego z\u0142ota \u2013 robi wra\u017cenie.Idealna pami\u0105tka z g\u00f3r.<\/p>\n","protected":false},"excerpt":{"rendered":"<p><img loading=\"lazy\" class=\"alignnone size-full wp-image-5364\" src=\"http:\/\/violmax.pl\/wp-content\/uploads\/2020\/10\/VIOLMAX_POLSKA-3.jpg\" alt=\"\" width=\"300\" height=\"28\" \/><\/p>\n<p>&nbsp;<\/p>\n<p>Kufel do piwa \u201dMiodzio\u201d o litra\u017cu 0,5 litra. Na kuflu s\u0105 wy\u017c\u0142obione charakterystyczne dla \u201dmiodzia\u201d p\u0142aty w szkle.Na \u015brodku kufla umieszczony zosta\u0142 motyw g\u00f3rala z metalu w tzw formie 2D (jest nieco wypuk\u0142y). Genialna pami\u0105tka z Bia\u0142ki Tatrza\u0144skiej. G\u00f3ral na szkle jest w kolorze starego z\u0142ota \u2013 robi wra\u017cenie.Idealna pami\u0105tka z g\u00f3r.<\/p>\n<p><strong><em>Minimalna ilo\u015b\u0107 zam\u00f3wienia &#8211; 6 sztuk (1 opakowanie)<\/em><br \/>\n<\/strong><\/p>\n<p><strong><em>Towar sprzedawany na opakowania<\/em><\/strong><\/p>\n<h3><span style=\"color: #ff0000;\">PRZY DODAWANIU DO KOSZYKA, NALE\u017bY DODAWA\u0106 KROTNO\u015a\u0106\u00a0 LICZBY 6 &#8211; (1 opak)\u00a0 np: 6 ; 12 ; 18 itd<\/span><\/h3>\n<h3><strong>CENA ZA SZTUK\u0118.<\/strong><\/h3>\n","protected":false},"featured_media":334,"comment_status":"open","ping_status":"closed","template":"","meta":[],"_links":{"self":[{"href":"https:\/\/violmax.pl\/index.php\/wp-json\/wp\/v2\/product\/333"}],"collection":[{"href":"https:\/\/violmax.pl\/index.php\/wp-json\/wp\/v2\/product"}],"about":[{"href":"https:\/\/violmax.pl\/index.php\/wp-json\/wp\/v2\/types\/product"}],"replies":[{"embeddable":true,"href":"https:\/\/violmax.pl\/index.php\/wp-json\/wp\/v2\/comments?post=333"}],"wp:featuredmedia":[{"embeddable":true,"href":"https:\/\/violmax.pl\/index.php\/wp-json\/wp\/v2\/media\/334"}],"wp:attachment":[{"href":"https:\/\/violmax.pl\/index.php\/wp-json\/wp\/v2\/media?parent=333"}],"curies":[{"name":"wp","href":"https:\/\/api.w.org\/{rel}","templated":true}]}}