{"id":329,"date":"2019-08-29T10:41:04","date_gmt":"2019-08-29T08:41:04","guid":{"rendered":"http:\/\/violmax.wroclaw.pl\/?post_type=product&#038;p=329"},"modified":"2025-12-02T13:30:43","modified_gmt":"2025-12-02T12:30:43","slug":"bialka-tatrzanska-kubek-sonia-250-ml-sanie-szron","status":"publish","type":"product","link":"https:\/\/violmax.pl\/index.php\/produkt\/bialka-tatrzanska-kubek-sonia-250-ml-sanie-szron\/","title":{"rendered":"BIA\u0141KA TATRZA\u0143SKA, KUBEK &#8220;SONIA&#8221; 250 ml, SANIE SZRON"},"content":{"rendered":"<p><img loading=\"lazy\" class=\"alignnone size-medium wp-image-332\" src=\"http:\/\/violmax.pl\/wp-content\/uploads\/2019\/08\/KUBEK-BOK-SZRON-300x277.jpg\" alt=\"\" width=\"300\" height=\"277\" \/><img loading=\"lazy\" class=\"alignnone size-medium wp-image-331\" src=\"http:\/\/violmax.pl\/wp-content\/uploads\/2019\/08\/KUBEK-2-BOK-SZRON--229x300.jpg\" alt=\"\" width=\"229\" height=\"300\" \/><img loading=\"lazy\" class=\"alignnone size-medium wp-image-330\" src=\"http:\/\/violmax.pl\/wp-content\/uploads\/2019\/08\/KUBEK-2-STRONA-SZRON-238x300.jpg\" alt=\"\" width=\"238\" height=\"300\" \/><\/p>\n<p>&nbsp;<\/p>\n<p>Kubek o pojemno\u015bci 250 ml ca\u0142y wypiaskowany w motywach g\u00f3ralskich. Pi\u0119knie ozdobiona pami\u0105tka na praktycznym kubku. Kubek mo\u017ce s\u0142u\u017cy\u0107 do u\u017cytku codziennego, ale tak\u017ce jako ozdoba. Precyzyjnie wypiaskowane szk\u0142o, dok\u0142adnie z uwzgl\u0119dnieniem ka\u017cdego detalu zwi\u0105zanego z g\u00f3rami. Na kubku widnieje napis &#8221;Bia\u0142ka Tatrza\u0144ska&#8221;. Idealna pami\u0105tka z g\u00f3r.<\/p>\n","protected":false},"excerpt":{"rendered":"<p><img loading=\"lazy\" class=\"alignnone size-full wp-image-5364\" src=\"http:\/\/violmax.pl\/wp-content\/uploads\/2020\/10\/VIOLMAX_POLSKA-3.jpg\" alt=\"\" width=\"300\" height=\"28\" \/><\/p>\n<p>&nbsp;<\/p>\n<p>Kubek o pojemno\u015bci 250 ml ca\u0142y wypiaskowany w motywach g\u00f3ralskich. Pi\u0119knie ozdobiona pami\u0105tka na praktycznym kubku. Kubek mo\u017ce s\u0142u\u017cy\u0107 do u\u017cytku codziennego, ale tak\u017ce jako ozdoba. Precyzyjnie wypiaskowane szk\u0142o, dok\u0142adnie z uwzgl\u0119dnieniem ka\u017cdego detalu zwi\u0105zanego z g\u00f3rami. Na kubku widnieje napis &#8221;Bia\u0142ka Tatrza\u0144ska&#8221;. Idealna pami\u0105tka z g\u00f3r.<\/p>\n<p><strong><em>Minimalna ilo\u015b\u0107 zam\u00f3wienia &#8211; 6 sztuk (1 opakowanie)<\/em><br \/>\n<\/strong><\/p>\n<p><strong><em>Towar sprzedawany na opakowania<\/em><\/strong><\/p>\n<h3><span style=\"color: #ff0000;\">PRZY DODAWANIU DO KOSZYKA, NALE\u017bY DODAWA\u0106 KROTNO\u015a\u0106\u00a0 LICZBY 6 &#8211; (1 opak)\u00a0 np: 6 ; 12 ; 18 itd<\/span><\/h3>\n<h3><strong>CENA ZA SZTUK\u0118.<\/strong><\/h3>\n","protected":false},"featured_media":332,"comment_status":"open","ping_status":"closed","template":"","meta":[],"_links":{"self":[{"href":"https:\/\/violmax.pl\/index.php\/wp-json\/wp\/v2\/product\/329"}],"collection":[{"href":"https:\/\/violmax.pl\/index.php\/wp-json\/wp\/v2\/product"}],"about":[{"href":"https:\/\/violmax.pl\/index.php\/wp-json\/wp\/v2\/types\/product"}],"replies":[{"embeddable":true,"href":"https:\/\/violmax.pl\/index.php\/wp-json\/wp\/v2\/comments?post=329"}],"wp:featuredmedia":[{"embeddable":true,"href":"https:\/\/violmax.pl\/index.php\/wp-json\/wp\/v2\/media\/332"}],"wp:attachment":[{"href":"https:\/\/violmax.pl\/index.php\/wp-json\/wp\/v2\/media?parent=329"}],"curies":[{"name":"wp","href":"https:\/\/api.w.org\/{rel}","templated":true}]}}