{"id":320,"date":"2019-08-29T10:24:41","date_gmt":"2019-08-29T08:24:41","guid":{"rendered":"http:\/\/violmax.wroclaw.pl\/?post_type=product&#038;p=320"},"modified":"2025-12-02T13:30:43","modified_gmt":"2025-12-02T12:30:43","slug":"bialka-tatrzanska-kieliszek-do-wina-375-ml-schronisko-szron","status":"publish","type":"product","link":"https:\/\/violmax.pl\/index.php\/produkt\/bialka-tatrzanska-kieliszek-do-wina-375-ml-schronisko-szron\/","title":{"rendered":"BIA\u0141KA TATRZA\u0143SKA, KIELISZEK DO WINA &#8220;ADAM 375&#8221; ml, SCHRONISKO SZRON"},"content":{"rendered":"<p><img loading=\"lazy\" class=\"alignnone size-medium wp-image-322\" src=\"http:\/\/violmax.pl\/wp-content\/uploads\/2019\/08\/KIELISZEK-WINO-SZRON-180x300.jpg\" alt=\"\" width=\"180\" height=\"300\" \/><img loading=\"lazy\" class=\"alignnone size-medium wp-image-321\" src=\"http:\/\/violmax.pl\/wp-content\/uploads\/2019\/08\/KIELISZEK-WINO-2-STRONA--134x300.jpg\" alt=\"\" width=\"134\" height=\"300\" \/><\/p>\n<p>&nbsp;<\/p>\n<p>Kieliszek do wina o pojemno\u015bci 375 ml. Wykonany z wysokiej jako\u015bci szk\u0142a, bardzo mocny i porz\u0105dny. W po\u0142owie jest w szronie. Na szkle widnieje napis &#8221;Bia\u0142ka Tatrza\u0144ska&#8221; oraz wypiaskowany jest motyw typowo g\u00f3ralski. Bardzo elegancki pomys\u0142 na prezent. Idealna pami\u0105tka z g\u00f3r.<\/p>\n","protected":false},"excerpt":{"rendered":"<p><img loading=\"lazy\" class=\"alignnone size-full wp-image-5364\" src=\"http:\/\/violmax.pl\/wp-content\/uploads\/2020\/10\/VIOLMAX_POLSKA-3.jpg\" alt=\"\" width=\"300\" height=\"28\" \/><\/p>\n<p>&nbsp;<\/p>\n<p>Kieliszek do wina o pojemno\u015bci 375 ml. Wykonany z wysokiej jako\u015bci szk\u0142a, bardzo mocny i porz\u0105dny. W po\u0142owie jest w szronie. Na szkle widnieje napis &#8221;Bia\u0142ka Tatrza\u0144ska&#8221; oraz wypiaskowany jest motyw typowo g\u00f3ralski. Bardzo elegancki pomys\u0142 na prezent. Idealna pami\u0105tka z g\u00f3r.<\/p>\n<p><strong><em>Minimalna ilo\u015b\u0107 zam\u00f3wienia &#8211; 6 sztuk (1 opakowanie)<\/em><br \/>\n<\/strong><\/p>\n<p><strong><em>Towar sprzedawany na opakowania<\/em><\/strong><\/p>\n<h3><span style=\"color: #ff0000;\">PRZY DODAWANIU DO KOSZYKA, NALE\u017bY DODAWA\u0106 KROTNO\u015a\u0106\u00a0 LICZBY 6 &#8211; (1 opak)\u00a0 np: 6 ; 12 ; 18 itd<\/span><\/h3>\n<h3><strong>CENA ZA SZTUK\u0118.<\/strong><\/h3>\n","protected":false},"featured_media":322,"comment_status":"open","ping_status":"closed","template":"","meta":[],"_links":{"self":[{"href":"https:\/\/violmax.pl\/index.php\/wp-json\/wp\/v2\/product\/320"}],"collection":[{"href":"https:\/\/violmax.pl\/index.php\/wp-json\/wp\/v2\/product"}],"about":[{"href":"https:\/\/violmax.pl\/index.php\/wp-json\/wp\/v2\/types\/product"}],"replies":[{"embeddable":true,"href":"https:\/\/violmax.pl\/index.php\/wp-json\/wp\/v2\/comments?post=320"}],"wp:featuredmedia":[{"embeddable":true,"href":"https:\/\/violmax.pl\/index.php\/wp-json\/wp\/v2\/media\/322"}],"wp:attachment":[{"href":"https:\/\/violmax.pl\/index.php\/wp-json\/wp\/v2\/media?parent=320"}],"curies":[{"name":"wp","href":"https:\/\/api.w.org\/{rel}","templated":true}]}}