{"id":3196,"date":"2020-04-22T11:53:44","date_gmt":"2020-04-22T09:53:44","guid":{"rendered":"http:\/\/violmax.pl\/?post_type=product&#038;p=3196"},"modified":"2025-12-02T13:27:04","modified_gmt":"2025-12-02T12:27:04","slug":"solina-szklanka-do-whisky-basic-250-ml-szron-zapora","status":"publish","type":"product","link":"https:\/\/violmax.pl\/index.php\/produkt\/solina-szklanka-do-whisky-basic-250-ml-szron-zapora\/","title":{"rendered":"SOLINA, SZKLANKA DO WHISKY &#8220;BASIC&#8221; 250 ML, SZRON ZAPORA"},"content":{"rendered":"<p><img loading=\"lazy\" class=\"alignnone size-medium wp-image-3172\" src=\"http:\/\/violmax.pl\/wp-content\/uploads\/2020\/04\/SOLINA_SZKLANKA_BASIC_250_ML_SZRON_ZAGLOWKA-300x240.jpg\" alt=\"\" width=\"300\" height=\"240\" srcset=\"https:\/\/violmax.pl\/wp-content\/uploads\/2020\/04\/SOLINA_SZKLANKA_BASIC_250_ML_SZRON_ZAGLOWKA-300x240.jpg 300w, https:\/\/violmax.pl\/wp-content\/uploads\/2020\/04\/SOLINA_SZKLANKA_BASIC_250_ML_SZRON_ZAGLOWKA-768x614.jpg 768w, https:\/\/violmax.pl\/wp-content\/uploads\/2020\/04\/SOLINA_SZKLANKA_BASIC_250_ML_SZRON_ZAGLOWKA-320x256.jpg 320w, https:\/\/violmax.pl\/wp-content\/uploads\/2020\/04\/SOLINA_SZKLANKA_BASIC_250_ML_SZRON_ZAGLOWKA-680x544.jpg 680w, https:\/\/violmax.pl\/wp-content\/uploads\/2020\/04\/SOLINA_SZKLANKA_BASIC_250_ML_SZRON_ZAGLOWKA.jpg 1000w\" sizes=\"(max-width: 300px) 100vw, 300px\" \/><\/p>\n<p>Szklanka do whisky BASIC o pojemno\u015bci 250 ml. Ca\u0142a szklanka jest precyzyjnie wypiaskowana. Widnieje na niej wypiaskowana zapora oraz z ty\u0142u napis \u201dSolina\u201d. Bardzo wygodnie utrzymuje si\u0119 w d\u0142oni dzi\u0119ki piaskowaniu do po\u0142owy.Idealna pami\u0105tka z Bieszczad. Nadaje si\u0119 do mycia w zmywarkach.<\/p>\n","protected":false},"excerpt":{"rendered":"<div class=\"woocommerce-product-details__short-description\">\n<div class=\"woocommerce-product-details__short-description\">\n<div class=\"woocommerce-product-details__short-description\">\n<div class=\"woocommerce-product-details__short-description\">\n<div class=\"woocommerce-product-details__short-description\">\n<p><img loading=\"lazy\" class=\"alignnone size-medium wp-image-3660\" src=\"http:\/\/violmax.pl\/wp-content\/uploads\/2020\/05\/VIOLMAX_POLSKA-2-300x28.jpg\" alt=\"\" width=\"300\" height=\"28\" \/><\/p>\n<p>&nbsp;<\/p>\n<p>Szklanka do whisky BASIC o pojemno\u015bci 250 ml. Ca\u0142a szklanka jest precyzyjnie wypiaskowana. Widnieje na niej wypiaskowana zapora oraz z ty\u0142u napis \u201dSolina\u201d. Bardzo wygodnie utrzymuje si\u0119 w d\u0142oni dzi\u0119ki piaskowaniu do po\u0142owy.Idealna pami\u0105tka z Bieszczad. Nadaje si\u0119 do mycia w zmywarkach.<\/p>\n<p><strong><em>Minimalna ilo\u015b\u0107 zam\u00f3wienia \u2013 6 sztuk (1 opakowanie)<\/em><br \/>\n<\/strong><\/p>\n<p><strong><em>Towar sprzedawany na opakowania<\/em><\/strong><\/p>\n<h3><span style=\"color: #ff0000;\">PRZY DODAWANIU DO KOSZYKA, NALE\u017bY DODAWA\u0106 KROTNO\u015a\u0106\u00a0 LICZBY 6 &#8211; (1 opak)\u00a0 np: 6 ; 12 ; 18 itd<\/span><\/h3>\n<h3><strong>CENA ZA SZTUK\u0118.<\/strong><\/h3>\n<\/div>\n<\/div>\n<\/div>\n<\/div>\n<\/div>\n","protected":false},"featured_media":3172,"comment_status":"open","ping_status":"closed","template":"","meta":[],"_links":{"self":[{"href":"https:\/\/violmax.pl\/index.php\/wp-json\/wp\/v2\/product\/3196"}],"collection":[{"href":"https:\/\/violmax.pl\/index.php\/wp-json\/wp\/v2\/product"}],"about":[{"href":"https:\/\/violmax.pl\/index.php\/wp-json\/wp\/v2\/types\/product"}],"replies":[{"embeddable":true,"href":"https:\/\/violmax.pl\/index.php\/wp-json\/wp\/v2\/comments?post=3196"}],"wp:featuredmedia":[{"embeddable":true,"href":"https:\/\/violmax.pl\/index.php\/wp-json\/wp\/v2\/media\/3172"}],"wp:attachment":[{"href":"https:\/\/violmax.pl\/index.php\/wp-json\/wp\/v2\/media?parent=3196"}],"curies":[{"name":"wp","href":"https:\/\/api.w.org\/{rel}","templated":true}]}}