{"id":3185,"date":"2020-04-22T11:33:36","date_gmt":"2020-04-22T09:33:36","guid":{"rendered":"http:\/\/violmax.pl\/?post_type=product&#038;p=3185"},"modified":"2025-12-02T13:27:05","modified_gmt":"2025-12-02T12:27:05","slug":"solina-szklanka-lav-335-ml-zapora-szron","status":"publish","type":"product","link":"https:\/\/violmax.pl\/index.php\/produkt\/solina-szklanka-lav-335-ml-zapora-szron\/","title":{"rendered":"SOLINA, SZKLANKA DO NAPOJ\u00d3W &#8220;LAV 335&#8221; ML, ZAPORA, SZRON"},"content":{"rendered":"<p><img loading=\"lazy\" class=\"alignnone size-medium wp-image-9960\" src=\"http:\/\/violmax.pl\/wp-content\/uploads\/2023\/03\/Solina_szklanka_lav_335_ml_zapora_szron-300x300.png\" alt=\"\" width=\"300\" height=\"300\" srcset=\"https:\/\/violmax.pl\/wp-content\/uploads\/2023\/03\/Solina_szklanka_lav_335_ml_zapora_szron-300x300.png 300w, https:\/\/violmax.pl\/wp-content\/uploads\/2023\/03\/Solina_szklanka_lav_335_ml_zapora_szron-768x768.png 768w, https:\/\/violmax.pl\/wp-content\/uploads\/2023\/03\/Solina_szklanka_lav_335_ml_zapora_szron-680x680.png 680w, https:\/\/violmax.pl\/wp-content\/uploads\/2023\/03\/Solina_szklanka_lav_335_ml_zapora_szron-100x100.png 100w, https:\/\/violmax.pl\/wp-content\/uploads\/2023\/03\/Solina_szklanka_lav_335_ml_zapora_szron.png 900w\" sizes=\"(max-width: 300px) 100vw, 300px\" \/><\/p>\n<p>Szklanka do napoj\u00f3w 335 ml z niecodziennymi wy\u017c\u0142obieniami w szkle na dole, cz\u0119\u015bciowo wypiaskowana. Na szklance wypiaskowany zosta\u0142 motyw zapory a z ty\u0142u szklanki jest napis &#8220;Solina&#8221;. Bardzo praktyczna pami\u0105tka do ka\u017cdego rodzaju napoj\u00f3w. Idealna pami\u0105tka dla ka\u017cdego z Bieszczad. Nadaje si\u0119 do mycia w zmywarce.<\/p>\n","protected":false},"excerpt":{"rendered":"<p><img loading=\"lazy\" class=\"alignnone size-medium wp-image-3660\" src=\"http:\/\/violmax.pl\/wp-content\/uploads\/2020\/05\/VIOLMAX_POLSKA-2-300x28.jpg\" alt=\"\" width=\"300\" height=\"28\" \/><\/p>\n<p>&nbsp;<\/p>\n<p>Szklanka do napoj\u00f3w 335 ml z niecodziennymi wy\u017c\u0142obieniami w szkle na dole, cz\u0119\u015bciowo wypiaskowana. Na szklance wypiaskowany zosta\u0142 motyw zapory a z ty\u0142u szklanki jest napis &#8220;Solina&#8221;. Bardzo praktyczna pami\u0105tka do ka\u017cdego rodzaju napoj\u00f3w. Idealna pami\u0105tka dla ka\u017cdego z Bieszczad. Nadaje si\u0119 do mycia w zmywarce.<\/p>\n<p><strong><em>Minimalna ilo\u015b\u0107 zam\u00f3wienia &#8211; 6 sztuk (1 opakowanie)<\/em><br \/>\n<\/strong><\/p>\n<p><strong><em>Towar sprzedawany na opakowania<\/em><\/strong><\/p>\n<h3><span style=\"color: #ff0000;\">PRZY DODAWANIU DO KOSZYKA, NALE\u017bY DODAWA\u0106 KROTNO\u015a\u0106\u00a0 LICZBY 6 &#8211; (1 opak)\u00a0 np: 6 ; 12 ; 18 itd<\/span><\/h3>\n<h3><strong>CENA ZA SZTUK\u0118.<\/strong><\/h3>\n","protected":false},"featured_media":9960,"comment_status":"open","ping_status":"closed","template":"","meta":[],"_links":{"self":[{"href":"https:\/\/violmax.pl\/index.php\/wp-json\/wp\/v2\/product\/3185"}],"collection":[{"href":"https:\/\/violmax.pl\/index.php\/wp-json\/wp\/v2\/product"}],"about":[{"href":"https:\/\/violmax.pl\/index.php\/wp-json\/wp\/v2\/types\/product"}],"replies":[{"embeddable":true,"href":"https:\/\/violmax.pl\/index.php\/wp-json\/wp\/v2\/comments?post=3185"}],"wp:featuredmedia":[{"embeddable":true,"href":"https:\/\/violmax.pl\/index.php\/wp-json\/wp\/v2\/media\/9960"}],"wp:attachment":[{"href":"https:\/\/violmax.pl\/index.php\/wp-json\/wp\/v2\/media?parent=3185"}],"curies":[{"name":"wp","href":"https:\/\/api.w.org\/{rel}","templated":true}]}}