{"id":3182,"date":"2020-04-22T11:30:42","date_gmt":"2020-04-22T09:30:42","guid":{"rendered":"http:\/\/violmax.pl\/?post_type=product&#038;p=3182"},"modified":"2025-12-02T13:27:05","modified_gmt":"2025-12-02T12:27:05","slug":"solina-szklanka-do-whisky-x-290-ml-szron-zaglowka","status":"publish","type":"product","link":"https:\/\/violmax.pl\/index.php\/produkt\/solina-szklanka-do-whisky-x-290-ml-szron-zaglowka\/","title":{"rendered":"SOLINA, SZKLANKA DO WHISKY &#8220;X 290&#8221; ML, SZRON \u017bAGL\u00d3WKA"},"content":{"rendered":"<p><img loading=\"lazy\" class=\"alignnone size-medium wp-image-3177\" src=\"http:\/\/violmax.pl\/wp-content\/uploads\/2020\/04\/SOLINA_SZKLANKA_X_290_ML_SZRON_ZAGLOWKA-300x240.jpg\" alt=\"\" width=\"300\" height=\"240\" srcset=\"https:\/\/violmax.pl\/wp-content\/uploads\/2020\/04\/SOLINA_SZKLANKA_X_290_ML_SZRON_ZAGLOWKA-300x240.jpg 300w, https:\/\/violmax.pl\/wp-content\/uploads\/2020\/04\/SOLINA_SZKLANKA_X_290_ML_SZRON_ZAGLOWKA-768x614.jpg 768w, https:\/\/violmax.pl\/wp-content\/uploads\/2020\/04\/SOLINA_SZKLANKA_X_290_ML_SZRON_ZAGLOWKA-320x256.jpg 320w, https:\/\/violmax.pl\/wp-content\/uploads\/2020\/04\/SOLINA_SZKLANKA_X_290_ML_SZRON_ZAGLOWKA-680x544.jpg 680w, https:\/\/violmax.pl\/wp-content\/uploads\/2020\/04\/SOLINA_SZKLANKA_X_290_ML_SZRON_ZAGLOWKA.jpg 1000w\" sizes=\"(max-width: 300px) 100vw, 300px\" \/><\/p>\n<p>Szklanka do whisky o pojemno\u015bci 290 ml. Ca\u0142a szklanka jest precyzyjnie wypiaskowana. Widnieje na niej \u017cagl\u00f3wka oraz napis &#8221;Solina&#8221;. Bardzo wygodnie utrzymuje si\u0119 w d\u0142oni dzi\u0119ki piaskowaniu. Idealna pami\u0105tka z Bieszczad. Nadaje si\u0119 do mycia w zmywarce.<\/p>\n<p>&nbsp;<\/p>\n","protected":false},"excerpt":{"rendered":"<p><img loading=\"lazy\" class=\"alignnone size-medium wp-image-3660\" src=\"http:\/\/violmax.pl\/wp-content\/uploads\/2020\/05\/VIOLMAX_POLSKA-2-300x28.jpg\" alt=\"\" width=\"300\" height=\"28\" \/><\/p>\n<p>&nbsp;<\/p>\n<p>Szklanka do whisky o pojemno\u015bci 290 ml. Ca\u0142a szklanka jest precyzyjnie wypiaskowana. Widnieje na niej \u017cagl\u00f3wka oraz napis &#8221;Solina&#8221;. Bardzo wygodnie utrzymuje si\u0119 w d\u0142oni dzi\u0119ki piaskowaniu. Idealna pami\u0105tka z Bieszczad. Nadaje si\u0119 do mycia w zmywarce.<\/p>\n<p><strong><em>Minimalna ilo\u015b\u0107 zam\u00f3wienia &#8211; 6 sztuk (1 opakowanie)<\/em><br \/>\n<\/strong><\/p>\n<p><strong><em>Towar sprzedawany na opakowania<\/em><\/strong><\/p>\n<h3><span style=\"color: #ff0000;\">PRZY DODAWANIU DO KOSZYKA, NALE\u017bY DODAWA\u0106 KROTNO\u015a\u0106\u00a0 LICZBY 6 &#8211; (1 opak)\u00a0 np: 6 ; 12 ; 18 itd<\/span><\/h3>\n<h3><strong>CENA ZA SZTUK\u0118.<\/strong><\/h3>\n","protected":false},"featured_media":3177,"comment_status":"open","ping_status":"closed","template":"","meta":[],"_links":{"self":[{"href":"https:\/\/violmax.pl\/index.php\/wp-json\/wp\/v2\/product\/3182"}],"collection":[{"href":"https:\/\/violmax.pl\/index.php\/wp-json\/wp\/v2\/product"}],"about":[{"href":"https:\/\/violmax.pl\/index.php\/wp-json\/wp\/v2\/types\/product"}],"replies":[{"embeddable":true,"href":"https:\/\/violmax.pl\/index.php\/wp-json\/wp\/v2\/comments?post=3182"}],"wp:featuredmedia":[{"embeddable":true,"href":"https:\/\/violmax.pl\/index.php\/wp-json\/wp\/v2\/media\/3177"}],"wp:attachment":[{"href":"https:\/\/violmax.pl\/index.php\/wp-json\/wp\/v2\/media?parent=3182"}],"curies":[{"name":"wp","href":"https:\/\/api.w.org\/{rel}","templated":true}]}}