{"id":317,"date":"2019-08-29T10:16:52","date_gmt":"2019-08-29T08:16:52","guid":{"rendered":"http:\/\/violmax.wroclaw.pl\/?post_type=product&#038;p=317"},"modified":"2025-12-02T13:30:44","modified_gmt":"2025-12-02T12:30:44","slug":"bialka-tatrzanska-kieliszek-do-koniaku-480-ml-chata-2-szron","status":"publish","type":"product","link":"https:\/\/violmax.pl\/index.php\/produkt\/bialka-tatrzanska-kieliszek-do-koniaku-480-ml-chata-2-szron\/","title":{"rendered":"BIA\u0141KA TATRZA\u0143SKA, KIELISZEK DO KONIAKU &#8220;DAWID 480&#8221; ml, CHATA 2 SZRON"},"content":{"rendered":"<p><img loading=\"lazy\" class=\"alignnone wp-image-319\" src=\"http:\/\/violmax.pl\/wp-content\/uploads\/2019\/08\/KIELISZEK-KONIAK-SZRON--e1612900078834.jpg\" alt=\"\" width=\"299\" height=\"253\" \/><img loading=\"lazy\" class=\"alignnone wp-image-318\" src=\"http:\/\/violmax.pl\/wp-content\/uploads\/2019\/08\/KIELISZEK-KONIAK-2-STRONA-194x300.jpg\" alt=\"\" width=\"163\" height=\"252\" \/><\/p>\n<p>&nbsp;<\/p>\n<p>Kieliszek do koniaku 480 ml do po\u0142owy oszroniony oraz wypiaskowana nazwa miejscowo\u015bci \u201dBia\u0142ka Tatrza\u0144ska\u201d i motywy typowo zakopia\u0144skie. Pami\u0105tka wykonana z najwy\u017cszej jako\u015bci szk\u0142a, porz\u0105dnie wypiaskowana, bez \u017cadnych mankament\u00f3w \u2013 idealne wyko\u0144czenie. Bardzo elegancki kieliszek dla os\u00f3b, kt\u00f3re lubi\u0105 napi\u0107 si\u0119 ulubionego trunku w czym\u015b niecodziennym, nietuzinkowym i oryginalnym.Idealna pami\u0105tka z g\u00f3r.<\/p>\n","protected":false},"excerpt":{"rendered":"<p><img loading=\"lazy\" class=\"alignnone size-full wp-image-5364\" src=\"http:\/\/violmax.pl\/wp-content\/uploads\/2020\/10\/VIOLMAX_POLSKA-3.jpg\" alt=\"\" width=\"300\" height=\"28\" \/><\/p>\n<p>&nbsp;<\/p>\n<p>Kieliszek do koniaku 480 ml do po\u0142owy oszroniony oraz wypiaskowana nazwa miejscowo\u015bci \u201dBia\u0142ka Tatrza\u0144ska\u201d i motywy typowo zakopia\u0144skie. Pami\u0105tka wykonana z najwy\u017cszej jako\u015bci szk\u0142a, porz\u0105dnie wypiaskowana, bez \u017cadnych mankament\u00f3w \u2013 idealne wyko\u0144czenie. Bardzo elegancki kieliszek dla os\u00f3b, kt\u00f3re lubi\u0105 napi\u0107 si\u0119 ulubionego trunku w czym\u015b niecodziennym, nietuzinkowym i oryginalnym.Idealna pami\u0105tka z g\u00f3r.<\/p>\n<p><strong><em>Minimalna ilo\u015b\u0107 zam\u00f3wienia &#8211; 6 sztuk (1 opakowanie)<\/em><br \/>\n<\/strong><\/p>\n<p><strong><em>Towar sprzedawany na opakowania<\/em><\/strong><\/p>\n<h3><span style=\"color: #ff0000;\">PRZY DODAWANIU DO KOSZYKA, NALE\u017bY DODAWA\u0106 KROTNO\u015a\u0106\u00a0 LICZBY 6 &#8211; (1 opak)\u00a0 np: 6 ; 12 ; 18 itd<\/span><\/h3>\n<h3><strong>CENA ZA SZTUK\u0118.<\/strong><\/h3>\n","protected":false},"featured_media":319,"comment_status":"open","ping_status":"closed","template":"","meta":[],"_links":{"self":[{"href":"https:\/\/violmax.pl\/index.php\/wp-json\/wp\/v2\/product\/317"}],"collection":[{"href":"https:\/\/violmax.pl\/index.php\/wp-json\/wp\/v2\/product"}],"about":[{"href":"https:\/\/violmax.pl\/index.php\/wp-json\/wp\/v2\/types\/product"}],"replies":[{"embeddable":true,"href":"https:\/\/violmax.pl\/index.php\/wp-json\/wp\/v2\/comments?post=317"}],"wp:featuredmedia":[{"embeddable":true,"href":"https:\/\/violmax.pl\/index.php\/wp-json\/wp\/v2\/media\/319"}],"wp:attachment":[{"href":"https:\/\/violmax.pl\/index.php\/wp-json\/wp\/v2\/media?parent=317"}],"curies":[{"name":"wp","href":"https:\/\/api.w.org\/{rel}","templated":true}]}}