{"id":3165,"date":"2020-04-21T21:27:57","date_gmt":"2020-04-21T19:27:57","guid":{"rendered":"http:\/\/violmax.pl\/?post_type=product&#038;p=3165"},"modified":"2025-12-02T13:27:05","modified_gmt":"2025-12-02T12:27:05","slug":"bieszczady-kubek-niski-270-ml-szron-chata-1","status":"publish","type":"product","link":"https:\/\/violmax.pl\/index.php\/produkt\/bieszczady-kubek-niski-270-ml-szron-chata-1\/","title":{"rendered":"BIESZCZADY, KUBEK &#8220;NISKI&#8221; 270 ML, SZRON CHATA 1"},"content":{"rendered":"<p><img loading=\"lazy\" class=\"alignnone size-medium wp-image-3117\" src=\"http:\/\/violmax.pl\/wp-content\/uploads\/2020\/04\/BIESZCZADY_KUBEK_250_ML_NISKI_SZRON_CHATA_1-300x240.jpg\" alt=\"\" width=\"300\" height=\"240\" srcset=\"https:\/\/violmax.pl\/wp-content\/uploads\/2020\/04\/BIESZCZADY_KUBEK_250_ML_NISKI_SZRON_CHATA_1-300x240.jpg 300w, https:\/\/violmax.pl\/wp-content\/uploads\/2020\/04\/BIESZCZADY_KUBEK_250_ML_NISKI_SZRON_CHATA_1-768x614.jpg 768w, https:\/\/violmax.pl\/wp-content\/uploads\/2020\/04\/BIESZCZADY_KUBEK_250_ML_NISKI_SZRON_CHATA_1-320x256.jpg 320w, https:\/\/violmax.pl\/wp-content\/uploads\/2020\/04\/BIESZCZADY_KUBEK_250_ML_NISKI_SZRON_CHATA_1-680x544.jpg 680w, https:\/\/violmax.pl\/wp-content\/uploads\/2020\/04\/BIESZCZADY_KUBEK_250_ML_NISKI_SZRON_CHATA_1.jpg 1000w\" sizes=\"(max-width: 300px) 100vw, 300px\" \/><\/p>\n<p>Kubek o litra\u017cu 270 ml z wypiaskowanym motywem chaty g\u00f3ralskiej oraz z ty\u0142u napisem&#8221;Bieszczady&#8221;. Kubek wykonany z najwy\u017cszej jako\u015bci szk\u0142a, bardzo wygodny w u\u017cyciu. Sprawdzi si\u0119 jako kubek do gor\u0105cych napoj\u00f3w, grzanego wina lub jako pami\u0105tka z g\u00f3r. Kubek pozwoli na delektowanie si\u0119 wybranym trunkiem i wspomnienie o pobycie w Bieszczadach. Idealna pami\u0105tka z g\u00f3r. Nadaje si\u0119 do mycia w zmywarce.<\/p>\n","protected":false},"excerpt":{"rendered":"<p><img loading=\"lazy\" class=\"alignnone size-medium wp-image-3492\" src=\"http:\/\/violmax.pl\/wp-content\/uploads\/2020\/05\/VIOLMAX_POLSKA-300x28.jpg\" alt=\"\" width=\"300\" height=\"28\" \/><\/p>\n<p>&nbsp;<\/p>\n<p>Kubek o litra\u017cu 270 ml z wypiaskowanym motywem chaty g\u00f3ralskiej oraz z ty\u0142u napisem&#8221;Bieszczady&#8221;. Kubek wykonany z najwy\u017cszej jako\u015bci szk\u0142a, bardzo wygodny w u\u017cyciu. Sprawdzi si\u0119 jako kubek do gor\u0105cych napoj\u00f3w, grzanego wina lub jako pami\u0105tka z g\u00f3r. Kubek pozwoli na delektowanie si\u0119 wybranym trunkiem i wspomnienie o pobycie w Bieszczadach. Idealna pami\u0105tka z g\u00f3r. Nadaje si\u0119 do mycia w zmywarce.<\/p>\n<p><strong><em>Minimalna ilo\u015b\u0107 zam\u00f3wienia &#8211; 6 sztuk (1 opakowanie)<\/em><br \/>\n<\/strong><\/p>\n<p><strong><em>Towar sprzedawany na opakowania<\/em><\/strong><\/p>\n<h3><span style=\"color: #ff0000;\">PRZY DODAWANIU DO KOSZYKA, NALE\u017bY DODAWA\u0106 KROTNO\u015a\u0106\u00a0 LICZBY 6 &#8211; (1 opak)\u00a0 np: 6 ; 12 ; 18 itd<\/span><\/h3>\n<h3><strong>CENA ZA SZTUK\u0118.<\/strong><\/h3>\n","protected":false},"featured_media":3117,"comment_status":"open","ping_status":"closed","template":"","meta":[],"_links":{"self":[{"href":"https:\/\/violmax.pl\/index.php\/wp-json\/wp\/v2\/product\/3165"}],"collection":[{"href":"https:\/\/violmax.pl\/index.php\/wp-json\/wp\/v2\/product"}],"about":[{"href":"https:\/\/violmax.pl\/index.php\/wp-json\/wp\/v2\/types\/product"}],"replies":[{"embeddable":true,"href":"https:\/\/violmax.pl\/index.php\/wp-json\/wp\/v2\/comments?post=3165"}],"wp:featuredmedia":[{"embeddable":true,"href":"https:\/\/violmax.pl\/index.php\/wp-json\/wp\/v2\/media\/3117"}],"wp:attachment":[{"href":"https:\/\/violmax.pl\/index.php\/wp-json\/wp\/v2\/media?parent=3165"}],"curies":[{"name":"wp","href":"https:\/\/api.w.org\/{rel}","templated":true}]}}