{"id":314,"date":"2019-08-29T10:13:51","date_gmt":"2019-08-29T08:13:51","guid":{"rendered":"http:\/\/violmax.wroclaw.pl\/?post_type=product&#038;p=314"},"modified":"2025-12-02T13:30:44","modified_gmt":"2025-12-02T12:30:44","slug":"bialka-tatrzanska-kubek-lav-225-ml-glowa-gorala-szron","status":"publish","type":"product","link":"https:\/\/violmax.pl\/index.php\/produkt\/bialka-tatrzanska-kubek-lav-225-ml-glowa-gorala-szron\/","title":{"rendered":"BIA\u0141KA TATRZA\u0143SKA, KUBEK &#8220;LAV 225&#8221; ml, G\u0141OWA G\u00d3RALA SZRON"},"content":{"rendered":"<p><img loading=\"lazy\" class=\"alignnone size-medium wp-image-316\" src=\"http:\/\/violmax.pl\/wp-content\/uploads\/2019\/08\/GRZANIEC-SZRON-2--214x300.jpg\" alt=\"\" width=\"214\" height=\"300\" \/><img loading=\"lazy\" class=\"alignnone size-medium wp-image-315\" src=\"http:\/\/violmax.pl\/wp-content\/uploads\/2019\/08\/GRZANIEC-SZRON-2-STRONA--201x300.jpg\" alt=\"\" width=\"201\" height=\"300\" \/><\/p>\n<p>&nbsp;<\/p>\n<p>Kubek o litra\u017cu 225 ml z wypiaskowanym motywem g\u00f3rala, potocznie nazywany \u201dgrza\u0144cem\u201d. Na kubku widzimy wypiaskowanego g\u00f3rala oraz nazw\u0119 miejscowo\u015bci \u2013 w tym przypadku \u201dBia\u0142ka Tatrza\u0144ska\u201d. Kubek wykonany z najwy\u017cszej jako\u015bci szk\u0142a, bardzo wygodny w u\u017cyciu. Sprawdzi si\u0119 jako kubek do gor\u0105cych napoj\u00f3w, grzanego wina lub jako pami\u0105tka z g\u00f3r. Niedu\u017cy kubek pozwoli na delektowanie si\u0119 wybranym trunkiem i wspomnienie o pobycie w Bia\u0142ce Tatrza\u0144skiej.Idealna pami\u0105tka z g\u00f3r.<\/p>\n","protected":false},"excerpt":{"rendered":"<p><img loading=\"lazy\" class=\"alignnone size-full wp-image-5364\" src=\"http:\/\/violmax.pl\/wp-content\/uploads\/2020\/10\/VIOLMAX_POLSKA-3.jpg\" alt=\"\" width=\"300\" height=\"28\" \/><\/p>\n<p>&nbsp;<\/p>\n<p>Kubek o litra\u017cu 225 ml z wypiaskowanym motywem g\u00f3rala, potocznie nazywany \u201dgrza\u0144cem\u201d. Na kubku widzimy wypiaskowanego g\u00f3rala oraz nazw\u0119 miejscowo\u015bci \u2013 w tym przypadku \u201dBia\u0142ka Tatrza\u0144ska\u201d. Kubek wykonany z najwy\u017cszej jako\u015bci szk\u0142a, bardzo wygodny w u\u017cyciu. Sprawdzi si\u0119 jako kubek do gor\u0105cych napoj\u00f3w, grzanego wina lub jako pami\u0105tka z g\u00f3r. Niedu\u017cy kubek pozwoli na delektowanie si\u0119 wybranym trunkiem i wspomnienie o pobycie w Bia\u0142ce Tatrza\u0144skiej.Idealna pami\u0105tka z g\u00f3r.<\/p>\n<p><strong><em>Minimalna ilo\u015b\u0107 zam\u00f3wienia &#8211; 6 sztuk (1 opakowanie)<\/em><br \/>\n<\/strong><\/p>\n<p><strong><em>Towar sprzedawany na opakowania<\/em><\/strong><\/p>\n<h3><span style=\"color: #ff0000;\">PRZY DODAWANIU DO KOSZYKA, NALE\u017bY DODAWA\u0106 KROTNO\u015a\u0106\u00a0 LICZBY 6 &#8211; (1 opak)\u00a0 np: 6 ; 12 ; 18 itd<\/span><\/h3>\n<h3><strong>CENA ZA SZTUK\u0118.<\/strong><\/h3>\n","protected":false},"featured_media":316,"comment_status":"open","ping_status":"closed","template":"","meta":[],"_links":{"self":[{"href":"https:\/\/violmax.pl\/index.php\/wp-json\/wp\/v2\/product\/314"}],"collection":[{"href":"https:\/\/violmax.pl\/index.php\/wp-json\/wp\/v2\/product"}],"about":[{"href":"https:\/\/violmax.pl\/index.php\/wp-json\/wp\/v2\/types\/product"}],"replies":[{"embeddable":true,"href":"https:\/\/violmax.pl\/index.php\/wp-json\/wp\/v2\/comments?post=314"}],"wp:featuredmedia":[{"embeddable":true,"href":"https:\/\/violmax.pl\/index.php\/wp-json\/wp\/v2\/media\/316"}],"wp:attachment":[{"href":"https:\/\/violmax.pl\/index.php\/wp-json\/wp\/v2\/media?parent=314"}],"curies":[{"name":"wp","href":"https:\/\/api.w.org\/{rel}","templated":true}]}}