{"id":3094,"date":"2020-04-20T20:45:17","date_gmt":"2020-04-20T18:45:17","guid":{"rendered":"http:\/\/violmax.pl\/?post_type=product&#038;p=3094"},"modified":"2026-01-10T08:29:26","modified_gmt":"2026-01-10T07:29:26","slug":"wroclaw-kieliszek-do-wodki-shot-40-ml-szron-ratusz","status":"publish","type":"product","link":"https:\/\/violmax.pl\/index.php\/produkt\/wroclaw-kieliszek-do-wodki-shot-40-ml-szron-ratusz\/","title":{"rendered":"WROC\u0141AW, KIELISZEK DO W\u00d3DKI &#8220;SHOT 40&#8221; ML, SZRON  RATUSZ"},"content":{"rendered":"<p><img loading=\"lazy\" class=\"alignnone size-medium wp-image-3071\" src=\"http:\/\/violmax.pl\/wp-content\/uploads\/2020\/04\/WROCLAW_KIELISZEK_DO_WODKI_40_ML_SZRON_RATUSZ_2SZT-300x300.jpg\" alt=\"\" width=\"300\" height=\"300\" srcset=\"https:\/\/violmax.pl\/wp-content\/uploads\/2020\/04\/WROCLAW_KIELISZEK_DO_WODKI_40_ML_SZRON_RATUSZ_2SZT-300x300.jpg 300w, https:\/\/violmax.pl\/wp-content\/uploads\/2020\/04\/WROCLAW_KIELISZEK_DO_WODKI_40_ML_SZRON_RATUSZ_2SZT-150x150.jpg 150w, https:\/\/violmax.pl\/wp-content\/uploads\/2020\/04\/WROCLAW_KIELISZEK_DO_WODKI_40_ML_SZRON_RATUSZ_2SZT-768x768.jpg 768w, https:\/\/violmax.pl\/wp-content\/uploads\/2020\/04\/WROCLAW_KIELISZEK_DO_WODKI_40_ML_SZRON_RATUSZ_2SZT-680x680.jpg 680w, https:\/\/violmax.pl\/wp-content\/uploads\/2020\/04\/WROCLAW_KIELISZEK_DO_WODKI_40_ML_SZRON_RATUSZ_2SZT-100x100.jpg 100w, https:\/\/violmax.pl\/wp-content\/uploads\/2020\/04\/WROCLAW_KIELISZEK_DO_WODKI_40_ML_SZRON_RATUSZ_2SZT.jpg 900w\" sizes=\"(max-width: 300px) 100vw, 300px\" \/><\/p>\n<p>Kieliszek do w\u00f3dki o pojemno\u015bci 40ml. Kieliszek jest pi\u0119knie oszroniony do po\u0142owy \u2013 na samym \u015brodku jest wypiaskowany wroc\u0142awski ratusz. Taka pami\u0105tka zawsze robi\u0105 wra\u017cenie. Po\u0142\u0105czenie praktycznej rzeczy z oryginaln\u0105 pami\u0105tk\u0105 i ozdob\u0105 np w kuchennej szafce czy eleganckim barku, w salonie.Idealna pami\u0105tka z Wroc\u0142awia, \u015bwietny prezent dla ka\u017cdego. Nadaje si\u0119 do mycia w zmywarce.<\/p>\n","protected":false},"excerpt":{"rendered":"<div class=\"woocommerce-product-details__short-description\">\n<div class=\"woocommerce-product-details__short-description\">\n<div class=\"woocommerce-product-details__short-description\">\n<p><img loading=\"lazy\" class=\"alignnone size-medium wp-image-3660\" src=\"http:\/\/violmax.pl\/wp-content\/uploads\/2020\/05\/VIOLMAX_POLSKA-2-300x28.jpg\" alt=\"\" width=\"300\" height=\"28\" \/><\/p>\n<p>&nbsp;<\/p>\n<p>Kieliszek do w\u00f3dki o pojemno\u015bci 40ml. Kieliszek jest pi\u0119knie oszroniony do po\u0142owy \u2013 na samym \u015brodku jest wypiaskowany wroc\u0142awski ratusz. Taka pami\u0105tka zawsze robi\u0105 wra\u017cenie. Po\u0142\u0105czenie praktycznej rzeczy z oryginaln\u0105 pami\u0105tk\u0105 i ozdob\u0105 np w kuchennej szafce czy eleganckim barku, w salonie.Idealna pami\u0105tka z Wroc\u0142awia, \u015bwietny prezent dla ka\u017cdego. Nadaje si\u0119 do mycia w zmywarce.<\/p>\n<p><strong><em>Minimalna ilo\u015b\u0107 zam\u00f3wienia \u2013 6 sztuk (1 opakowanie)<\/em><br \/>\n<\/strong><\/p>\n<p><strong><em>Towar sprzedawany na opakowania<\/em><\/strong><\/p>\n<h3><span style=\"color: #ff0000;\">PRZY DODAWANIU DO KOSZYKA, NALE\u017bY DODAWA\u0106 KROTNO\u015a\u0106\u00a0 LICZBY 6 &#8211; (1 opak)\u00a0 np: 6 ; 12 ; 18 itd<\/span><\/h3>\n<h3><strong>CENA ZA SZTUK\u0118.<\/strong><\/h3>\n<\/div>\n<\/div>\n<\/div>\n","protected":false},"featured_media":3071,"comment_status":"open","ping_status":"closed","template":"","meta":[],"_links":{"self":[{"href":"https:\/\/violmax.pl\/index.php\/wp-json\/wp\/v2\/product\/3094"}],"collection":[{"href":"https:\/\/violmax.pl\/index.php\/wp-json\/wp\/v2\/product"}],"about":[{"href":"https:\/\/violmax.pl\/index.php\/wp-json\/wp\/v2\/types\/product"}],"replies":[{"embeddable":true,"href":"https:\/\/violmax.pl\/index.php\/wp-json\/wp\/v2\/comments?post=3094"}],"wp:featuredmedia":[{"embeddable":true,"href":"https:\/\/violmax.pl\/index.php\/wp-json\/wp\/v2\/media\/3071"}],"wp:attachment":[{"href":"https:\/\/violmax.pl\/index.php\/wp-json\/wp\/v2\/media?parent=3094"}],"curies":[{"name":"wp","href":"https:\/\/api.w.org\/{rel}","templated":true}]}}