{"id":304,"date":"2019-08-28T15:37:00","date_gmt":"2019-08-28T13:37:00","guid":{"rendered":"http:\/\/violmax.wroclaw.pl\/?post_type=product&#038;p=304"},"modified":"2025-12-02T13:30:44","modified_gmt":"2025-12-02T12:30:44","slug":"zakopane-szklanka-do-piwa-spirala-05-l-gubalowka-szron","status":"publish","type":"product","link":"https:\/\/violmax.pl\/index.php\/produkt\/zakopane-szklanka-do-piwa-spirala-05-l-gubalowka-szron\/","title":{"rendered":"ZAKOPANE, SZKLANKA DO PIWA &#8220;SPIRALA&#8221; 665 ML, SZRON GUBA\u0141\u00d3WKA"},"content":{"rendered":"<p><img loading=\"lazy\" class=\"alignnone size-medium wp-image-5710\" src=\"http:\/\/violmax.pl\/wp-content\/uploads\/2020\/11\/Zakopane_szklanka_do_piwa_spirala_500_ml_gubalowka_szron-240x300.png\" alt=\"\" width=\"240\" height=\"300\" srcset=\"https:\/\/violmax.pl\/wp-content\/uploads\/2020\/11\/Zakopane_szklanka_do_piwa_spirala_500_ml_gubalowka_szron-240x300.png 240w, https:\/\/violmax.pl\/wp-content\/uploads\/2020\/11\/Zakopane_szklanka_do_piwa_spirala_500_ml_gubalowka_szron-680x850.png 680w, https:\/\/violmax.pl\/wp-content\/uploads\/2020\/11\/Zakopane_szklanka_do_piwa_spirala_500_ml_gubalowka_szron.png 720w\" sizes=\"(max-width: 240px) 100vw, 240px\" \/><\/p>\n<p>&nbsp;<\/p>\n<p>Szklanka do piwa &#8220;SPIRALA&#8221; o litra\u017cu 0,665 litra. Zdobiona efektownymi frezami w szkle na dole. Do po\u0142owy w szronie, z wypiaskowanym motywem Guba\u0142\u00f3wki w Zakopanem .Piaskowanie sprawie \u017ce szklanka sprawia wra\u017cenie jak by by\u0142a zmro\u017cona. Przepi\u0119kna i dostojna pami\u0105tka z robi\u0105cymi wra\u017cenie zdobieniami.Idealna pami\u0105tka z g\u00f3r. Nadaje si\u0119 do mycia w zmywarce.<\/p>\n<p>&nbsp;<\/p>\n","protected":false},"excerpt":{"rendered":"<p><img loading=\"lazy\" class=\"alignnone size-full wp-image-5344\" src=\"http:\/\/violmax.pl\/wp-content\/uploads\/2020\/10\/VIOLMAX_POLSKA-2.jpg\" alt=\"\" width=\"300\" height=\"28\" \/><\/p>\n<p>&nbsp;<\/p>\n<p>Szklanka do piwa &#8220;SPIRALA&#8221; o litra\u017cu 0,665 litra. Zdobiona efektownymi frezami w szkle na dole. Do po\u0142owy w szronie, z wypiaskowanym motywem Guba\u0142\u00f3wki w Zakopanem .Piaskowanie sprawie \u017ce szklanka sprawia wra\u017cenie jak by by\u0142a zmro\u017cona. Przepi\u0119kna i dostojna pami\u0105tka z robi\u0105cymi wra\u017cenie zdobieniami.Idealna pami\u0105tka z g\u00f3r. Nadaje si\u0119 do mycia w zmywarce.<\/p>\n<p><strong><em>Minimalna ilo\u015b\u0107 zam\u00f3wienia &#8211; 6 sztuk (1 opakowanie)<\/em><br \/>\n<\/strong><\/p>\n<p><strong><em>Towar sprzedawany na opakowania<\/em><\/strong><\/p>\n<h3><span style=\"color: #ff0000;\">PRZY DODAWANIU DO KOSZYKA, NALE\u017bY DODAWA\u0106 KROTNO\u015a\u0106\u00a0 LICZBY 6 &#8211; (1 opak)\u00a0 np: 6 ; 12 ; 18 itd<\/span><\/h3>\n<h3><strong>CENA ZA SZTUK\u0118.<\/strong><\/h3>\n","protected":false},"featured_media":5710,"comment_status":"open","ping_status":"closed","template":"","meta":[],"_links":{"self":[{"href":"https:\/\/violmax.pl\/index.php\/wp-json\/wp\/v2\/product\/304"}],"collection":[{"href":"https:\/\/violmax.pl\/index.php\/wp-json\/wp\/v2\/product"}],"about":[{"href":"https:\/\/violmax.pl\/index.php\/wp-json\/wp\/v2\/types\/product"}],"replies":[{"embeddable":true,"href":"https:\/\/violmax.pl\/index.php\/wp-json\/wp\/v2\/comments?post=304"}],"wp:featuredmedia":[{"embeddable":true,"href":"https:\/\/violmax.pl\/index.php\/wp-json\/wp\/v2\/media\/5710"}],"wp:attachment":[{"href":"https:\/\/violmax.pl\/index.php\/wp-json\/wp\/v2\/media?parent=304"}],"curies":[{"name":"wp","href":"https:\/\/api.w.org\/{rel}","templated":true}]}}