{"id":2996,"date":"2020-04-18T22:51:11","date_gmt":"2020-04-18T20:51:11","guid":{"rendered":"http:\/\/violmax.pl\/?post_type=product&#038;p=2996"},"modified":"2025-12-02T13:27:34","modified_gmt":"2025-12-02T12:27:34","slug":"wladyslawowo-kufel-do-piwa-ladya-670-ml-szron-kobiety","status":"publish","type":"product","link":"https:\/\/violmax.pl\/index.php\/produkt\/wladyslawowo-kufel-do-piwa-ladya-670-ml-szron-kobiety\/","title":{"rendered":"W\u0141ADYS\u0141AWOWO, KUFEL DO PIWA &#8220;LADYA&#8221; 670 ML, SZRON KOBIETY"},"content":{"rendered":"<p><img loading=\"lazy\" class=\"alignnone size-medium wp-image-2934\" src=\"http:\/\/violmax.pl\/wp-content\/uploads\/2020\/04\/WLADYSLAWOWO_KUFEL_DO_PIWA_LADYA_670_ML_NAPALONE_SZRON_2SZT-300x200.jpg\" alt=\"\" width=\"300\" height=\"200\" \/><\/p>\n<p>Kufel do piwa &#8220;Ladya&#8221; o pojemno\u015bci 0,67 litra. Ca\u0142y kufel jest wypiaskowany i precyzyjnie oszroniony.\u00a0 Na kuflu widzimy motywy kobiet siedz\u0105cych na palach.. Bardzo pi\u0119kna pami\u0105tka z niepowtarzalnym wzorem i detalami. Wszystko na szkle wykonane jest w taki spos\u00f3b by wzbudza\u0142o zachwyt. Takie pami\u0105tki czy prezenty zawsze b\u0119d\u0105 trafione.Idealna pami\u0105tka z nad morza. Nadaje si\u0119 do mycia w zmywarce.<\/p>\n","protected":false},"excerpt":{"rendered":"<p><img loading=\"lazy\" class=\"alignnone size-medium wp-image-3492\" src=\"http:\/\/violmax.pl\/wp-content\/uploads\/2020\/05\/VIOLMAX_POLSKA-300x28.jpg\" alt=\"\" width=\"300\" height=\"28\" \/><\/p>\n<p>&nbsp;<\/p>\n<p>Kufel do piwa &#8220;Ladya&#8221; o pojemno\u015bci 0,67 litra. Ca\u0142y kufel jest wypiaskowany i precyzyjnie oszroniony.\u00a0 Na kuflu widzimy motywy kobiet siedz\u0105cych na palach.. Bardzo pi\u0119kna pami\u0105tka z niepowtarzalnym wzorem i detalami. Wszystko na szkle wykonane jest w taki spos\u00f3b by wzbudza\u0142o zachwyt. Takie pami\u0105tki czy prezenty zawsze b\u0119d\u0105 trafione.Idealna pami\u0105tka z nad morza. Nadaje si\u0119 do mycia w zmywarce.<\/p>\n<p><strong><em>Minimalna ilo\u015b\u0107 zam\u00f3wienia &#8211; 6 sztuk (1 opakowanie)<\/em><br \/>\n<\/strong><\/p>\n<p><strong><em>Towar sprzedawany na opakowania<\/em><\/strong><\/p>\n<h3><span style=\"color: #ff0000;\">PRZY DODAWANIU DO KOSZYKA, NALE\u017bY DODAWA\u0106 KROTNO\u015a\u0106\u00a0 LICZBY 6 &#8211; (1 opak)\u00a0 np: 6 ; 12 ; 18 itd<\/span><\/h3>\n<h3><strong>CENA ZA SZTUK\u0118.<\/strong><\/h3>\n","protected":false},"featured_media":2934,"comment_status":"open","ping_status":"closed","template":"","meta":[],"_links":{"self":[{"href":"https:\/\/violmax.pl\/index.php\/wp-json\/wp\/v2\/product\/2996"}],"collection":[{"href":"https:\/\/violmax.pl\/index.php\/wp-json\/wp\/v2\/product"}],"about":[{"href":"https:\/\/violmax.pl\/index.php\/wp-json\/wp\/v2\/types\/product"}],"replies":[{"embeddable":true,"href":"https:\/\/violmax.pl\/index.php\/wp-json\/wp\/v2\/comments?post=2996"}],"wp:featuredmedia":[{"embeddable":true,"href":"https:\/\/violmax.pl\/index.php\/wp-json\/wp\/v2\/media\/2934"}],"wp:attachment":[{"href":"https:\/\/violmax.pl\/index.php\/wp-json\/wp\/v2\/media?parent=2996"}],"curies":[{"name":"wp","href":"https:\/\/api.w.org\/{rel}","templated":true}]}}