{"id":2953,"date":"2020-04-18T21:55:06","date_gmt":"2020-04-18T19:55:06","guid":{"rendered":"http:\/\/violmax.pl\/?post_type=product&#038;p=2953"},"modified":"2025-12-02T13:27:37","modified_gmt":"2025-12-02T12:27:37","slug":"darlowko-kufel-do-piwa-ladya-670-ml-szron-rybak","status":"publish","type":"product","link":"https:\/\/violmax.pl\/index.php\/produkt\/darlowko-kufel-do-piwa-ladya-670-ml-szron-rybak\/","title":{"rendered":"DAR\u0141\u00d3WKO, KUFEL DO PIWA &#8220;LADYA&#8221; 670 ML, SZRON RYBAK"},"content":{"rendered":"<p><img loading=\"lazy\" class=\"alignnone size-medium wp-image-8318\" src=\"http:\/\/violmax.pl\/wp-content\/uploads\/2021\/06\/Darlowko_kufel_do_piwa_bremen_670_ml_rybak_szron-300x240.png\" alt=\"\" width=\"300\" height=\"240\" srcset=\"https:\/\/violmax.pl\/wp-content\/uploads\/2021\/06\/Darlowko_kufel_do_piwa_bremen_670_ml_rybak_szron-300x240.png 300w, https:\/\/violmax.pl\/wp-content\/uploads\/2021\/06\/Darlowko_kufel_do_piwa_bremen_670_ml_rybak_szron-768x614.png 768w, https:\/\/violmax.pl\/wp-content\/uploads\/2021\/06\/Darlowko_kufel_do_piwa_bremen_670_ml_rybak_szron-320x256.png 320w, https:\/\/violmax.pl\/wp-content\/uploads\/2021\/06\/Darlowko_kufel_do_piwa_bremen_670_ml_rybak_szron-680x544.png 680w, https:\/\/violmax.pl\/wp-content\/uploads\/2021\/06\/Darlowko_kufel_do_piwa_bremen_670_ml_rybak_szron.png 900w\" sizes=\"(max-width: 300px) 100vw, 300px\" \/><\/p>\n<p>Kufel do piwa &#8220;Ladya&#8221; o pojemno\u015bci 0,67 litra. Ca\u0142y kufel jest wypiaskowany i precyzyjnie oszroniony.\u00a0 Na kuflu widzimy motyw typowy dla morza rybaka i w oddali latarni\u0119 morsk\u0105. Bardzo pi\u0119kna pami\u0105tka z niepowtarzalnym wzorem i detalami. Wszystko na szkle wykonane jest w taki spos\u00f3b by wzbudza\u0142o zachwyt. Takie pami\u0105tki czy prezenty zawsze b\u0119d\u0105 trafione. Idealna pami\u0105tka z nad morza. Nadaje si\u0119 do mycia w zmywarce.<\/p>\n","protected":false},"excerpt":{"rendered":"<p><img loading=\"lazy\" class=\"alignnone size-full wp-image-5364\" src=\"http:\/\/violmax.pl\/wp-content\/uploads\/2020\/10\/VIOLMAX_POLSKA-3.jpg\" alt=\"\" width=\"300\" height=\"28\" \/><\/p>\n<p>&nbsp;<\/p>\n<p>Kufel do piwa &#8220;Ladya&#8221; o pojemno\u015bci 0,67 litra. Ca\u0142y kufel jest wypiaskowany i precyzyjnie oszroniony.\u00a0 Na kuflu widzimy motyw typowy dla morza rybaka i w oddali latarni\u0119 morsk\u0105. Bardzo pi\u0119kna pami\u0105tka z niepowtarzalnym wzorem i detalami. Wszystko na szkle wykonane jest w taki spos\u00f3b by wzbudza\u0142o zachwyt. Takie pami\u0105tki czy prezenty zawsze b\u0119d\u0105 trafione. Idealna pami\u0105tka z nad morza. Nadaje si\u0119 do mycia w zmywarce.<\/p>\n<p><strong><em>Minimalna ilo\u015b\u0107 zam\u00f3wienia &#8211; 6 sztuk (1 opakowanie)<\/em><br \/>\n<\/strong><\/p>\n<p><strong><em>Towar sprzedawany na opakowania<\/em><\/strong><\/p>\n<h3><span style=\"color: #ff0000;\">PRZY DODAWANIU DO KOSZYKA, NALE\u017bY DODAWA\u0106 KROTNO\u015a\u0106\u00a0 LICZBY 6 &#8211; (1 opak)\u00a0 np: 6 ; 12 ; 18 itd<\/span><\/h3>\n<h3><strong>CENA ZA SZTUK\u0118.<\/strong><\/h3>\n","protected":false},"featured_media":8318,"comment_status":"open","ping_status":"closed","template":"","meta":[],"_links":{"self":[{"href":"https:\/\/violmax.pl\/index.php\/wp-json\/wp\/v2\/product\/2953"}],"collection":[{"href":"https:\/\/violmax.pl\/index.php\/wp-json\/wp\/v2\/product"}],"about":[{"href":"https:\/\/violmax.pl\/index.php\/wp-json\/wp\/v2\/types\/product"}],"replies":[{"embeddable":true,"href":"https:\/\/violmax.pl\/index.php\/wp-json\/wp\/v2\/comments?post=2953"}],"wp:featuredmedia":[{"embeddable":true,"href":"https:\/\/violmax.pl\/index.php\/wp-json\/wp\/v2\/media\/8318"}],"wp:attachment":[{"href":"https:\/\/violmax.pl\/index.php\/wp-json\/wp\/v2\/media?parent=2953"}],"curies":[{"name":"wp","href":"https:\/\/api.w.org\/{rel}","templated":true}]}}