{"id":292,"date":"2019-08-28T14:58:42","date_gmt":"2019-08-28T12:58:42","guid":{"rendered":"http:\/\/violmax.wroclaw.pl\/?post_type=product&#038;p=292"},"modified":"2025-12-02T13:30:45","modified_gmt":"2025-12-02T12:30:45","slug":"zakopane-szklanka-beczka-200-ml-harnas-ciupaga-szron","status":"publish","type":"product","link":"https:\/\/violmax.pl\/index.php\/produkt\/zakopane-szklanka-beczka-200-ml-harnas-ciupaga-szron\/","title":{"rendered":"ZAKOPANE, SZKLANKA DO NAPOJ\u00d3W &#8220;BECZKA&#8221; 250 ML, HARNA\u015a CIUPAGA + SZRON"},"content":{"rendered":"<p><img loading=\"lazy\" class=\"alignnone size-medium wp-image-4982\" src=\"http:\/\/violmax.pl\/wp-content\/uploads\/2020\/06\/ZAKOPANE_SZKLANKA_BECZKA_250_ML_SZRON_HARNAS_KOLOR_CIUPAGA-225x300.jpg\" alt=\"\" width=\"225\" height=\"300\" srcset=\"https:\/\/violmax.pl\/wp-content\/uploads\/2020\/06\/ZAKOPANE_SZKLANKA_BECZKA_250_ML_SZRON_HARNAS_KOLOR_CIUPAGA-225x300.jpg 225w, https:\/\/violmax.pl\/wp-content\/uploads\/2020\/06\/ZAKOPANE_SZKLANKA_BECZKA_250_ML_SZRON_HARNAS_KOLOR_CIUPAGA-680x907.jpg 680w, https:\/\/violmax.pl\/wp-content\/uploads\/2020\/06\/ZAKOPANE_SZKLANKA_BECZKA_250_ML_SZRON_HARNAS_KOLOR_CIUPAGA.jpg 750w\" sizes=\"(max-width: 225px) 100vw, 225px\" \/><\/p>\n<p>Szklanka tzw &#8221;Beczka&#8221; to pami\u0105tka, kt\u00f3ra \u0142\u0105czy w sobie nasze dwa style zdobnictwa szk\u0142a &#8211; metalowe motywy i piaskowanie. Szklanka jest do po\u0142owy w\u00a0 szronie, na \u015brodku umieszczony zosta\u0142 niedu\u017cy, metalowy g\u00f3ral.Pr\u00f3cz tego umieszczona jest jeszcze szarfa z metalu, z nazw\u0105 miejscowo\u015bci &#8211; Zakopane. Bardzo wygodna szklanka, idealna pami\u0105tka. Pr\u00f3cz tego, \u017ce wygl\u0105da naprawd\u0119 okazale mo\u017ce s\u0142u\u017cy\u0107 przez d\u0142ugie lata do picia ulubionych drink\u00f3w.<\/p>\n","protected":false},"excerpt":{"rendered":"<p><img loading=\"lazy\" class=\"alignnone size-full wp-image-5364\" src=\"http:\/\/violmax.pl\/wp-content\/uploads\/2020\/10\/VIOLMAX_POLSKA-3.jpg\" alt=\"\" width=\"300\" height=\"28\" \/><\/p>\n<p>&nbsp;<\/p>\n<p>Szklanka tzw &#8221;Beczka&#8221; to pami\u0105tka, kt\u00f3ra \u0142\u0105czy w sobie nasze dwa style zdobnictwa szk\u0142a &#8211; metalowe motywy i piaskowanie. Szklanka jest do po\u0142owy w\u00a0 szronie, na \u015brodku umieszczony zosta\u0142 niedu\u017cy, metalowy g\u00f3ral.Pr\u00f3cz tego umieszczona jest jeszcze szarfa z metalu, z nazw\u0105 miejscowo\u015bci &#8211; Zakopane. Bardzo wygodna szklanka, idealna pami\u0105tka. Pr\u00f3cz tego, \u017ce wygl\u0105da naprawd\u0119 okazale mo\u017ce s\u0142u\u017cy\u0107 przez d\u0142ugie lata do picia ulubionych drink\u00f3w.<\/p>\n<p><strong><em>Minimalna ilo\u015b\u0107 zam\u00f3wienia &#8211; 6 sztuk (1 opakowanie)<\/em><br \/>\n<\/strong><\/p>\n<p><strong><em>Towar sprzedawany na opakowania<\/em><\/strong><\/p>\n<h3><span style=\"color: #ff0000;\">PRZY DODAWANIU DO KOSZYKA, NALE\u017bY DODAWA\u0106 KROTNO\u015a\u0106\u00a0 LICZBY 6 &#8211; (1 opak)\u00a0 np: 6 ; 12 ; 18 itd<\/span><\/h3>\n<h3><strong>CENA ZA SZTUK\u0118.<\/strong><\/h3>\n","protected":false},"featured_media":4982,"comment_status":"open","ping_status":"closed","template":"","meta":[],"_links":{"self":[{"href":"https:\/\/violmax.pl\/index.php\/wp-json\/wp\/v2\/product\/292"}],"collection":[{"href":"https:\/\/violmax.pl\/index.php\/wp-json\/wp\/v2\/product"}],"about":[{"href":"https:\/\/violmax.pl\/index.php\/wp-json\/wp\/v2\/types\/product"}],"replies":[{"embeddable":true,"href":"https:\/\/violmax.pl\/index.php\/wp-json\/wp\/v2\/comments?post=292"}],"wp:featuredmedia":[{"embeddable":true,"href":"https:\/\/violmax.pl\/index.php\/wp-json\/wp\/v2\/media\/4982"}],"wp:attachment":[{"href":"https:\/\/violmax.pl\/index.php\/wp-json\/wp\/v2\/media?parent=292"}],"curies":[{"name":"wp","href":"https:\/\/api.w.org\/{rel}","templated":true}]}}