{"id":2852,"date":"2020-04-17T17:16:16","date_gmt":"2020-04-17T15:16:16","guid":{"rendered":"http:\/\/violmax.pl\/?post_type=product&#038;p=2852"},"modified":"2025-12-02T13:27:38","modified_gmt":"2025-12-02T12:27:38","slug":"solina-mini-kufelek-isar-40-ml-blaszka","status":"publish","type":"product","link":"https:\/\/violmax.pl\/index.php\/produkt\/solina-mini-kufelek-isar-40-ml-blaszka\/","title":{"rendered":"SOLINA, MINI KUFELEK &#8220;ISAR&#8221; 40 ML,  BLASZKA"},"content":{"rendered":"<p>&nbsp;<\/p>\n<p><img loading=\"lazy\" class=\"alignnone size-medium wp-image-3756\" src=\"http:\/\/violmax.pl\/wp-content\/uploads\/2020\/05\/SOLINA_MINI_KUFELEK_40_ML_BLASZKA-300x200.jpg\" alt=\"\" width=\"300\" height=\"200\" srcset=\"https:\/\/violmax.pl\/wp-content\/uploads\/2020\/05\/SOLINA_MINI_KUFELEK_40_ML_BLASZKA-300x200.jpg 300w, https:\/\/violmax.pl\/wp-content\/uploads\/2020\/05\/SOLINA_MINI_KUFELEK_40_ML_BLASZKA-768x512.jpg 768w, https:\/\/violmax.pl\/wp-content\/uploads\/2020\/05\/SOLINA_MINI_KUFELEK_40_ML_BLASZKA-680x454.jpg 680w, https:\/\/violmax.pl\/wp-content\/uploads\/2020\/05\/SOLINA_MINI_KUFELEK_40_ML_BLASZKA.jpg 1000w\" sizes=\"(max-width: 300px) 100vw, 300px\" \/><\/p>\n<p>Urocze mini kufelki o pojemno\u015bci 40 ml. Na ka\u017cdym kufelku umieszczona jest blaszka z metalu z motywami zapory na Solinie. Bardzo ciekawy pomys\u0142 na prezent, upominek. Idealna pami\u0105tka z Bieszczad.<\/p>\n","protected":false},"excerpt":{"rendered":"<p><img loading=\"lazy\" class=\"alignnone size-medium wp-image-4074\" src=\"http:\/\/violmax.pl\/wp-content\/uploads\/2020\/05\/VIOLMAX_POLSKA-11-300x28.jpg\" alt=\"\" width=\"300\" height=\"28\" \/><\/p>\n<p>&nbsp;<\/p>\n<p>Urocze mini kufelki o pojemno\u015bci 40 ml. Na ka\u017cdym kufelku umieszczona jest blaszka z metalu z motywami zapory na Solinie. Bardzo ciekawy pomys\u0142 na prezent, upominek. Idealna pami\u0105tka z Bieszczad.<\/p>\n<p><strong><em>Minimalna ilo\u015b\u0107 zam\u00f3wienia &#8211; 12 sztuk (1 opakowanie)<\/em><br \/>\n<\/strong><\/p>\n<p><strong><em>Towar sprzedawany na opakowania<\/em><\/strong><\/p>\n<h3><span style=\"color: #ff0000;\">PRZY DODAWANIU DO KOSZYKA, NALE\u017bY DODAWA\u0106 KROTNO\u015a\u0106\u00a0 LICZBY 12 &#8211; (1 opak)\u00a0 np: 12 ; 24 ; 36 itd<\/span><\/h3>\n<h3><strong>CENA ZA SZTUK\u0118.<\/strong><\/h3>\n","protected":false},"featured_media":3756,"comment_status":"open","ping_status":"closed","template":"","meta":[],"_links":{"self":[{"href":"https:\/\/violmax.pl\/index.php\/wp-json\/wp\/v2\/product\/2852"}],"collection":[{"href":"https:\/\/violmax.pl\/index.php\/wp-json\/wp\/v2\/product"}],"about":[{"href":"https:\/\/violmax.pl\/index.php\/wp-json\/wp\/v2\/types\/product"}],"replies":[{"embeddable":true,"href":"https:\/\/violmax.pl\/index.php\/wp-json\/wp\/v2\/comments?post=2852"}],"wp:featuredmedia":[{"embeddable":true,"href":"https:\/\/violmax.pl\/index.php\/wp-json\/wp\/v2\/media\/3756"}],"wp:attachment":[{"href":"https:\/\/violmax.pl\/index.php\/wp-json\/wp\/v2\/media?parent=2852"}],"curies":[{"name":"wp","href":"https:\/\/api.w.org\/{rel}","templated":true}]}}