{"id":284,"date":"2019-08-28T14:43:37","date_gmt":"2019-08-28T12:43:37","guid":{"rendered":"http:\/\/violmax.wroclaw.pl\/?post_type=product&#038;p=284"},"modified":"2025-12-02T13:30:46","modified_gmt":"2025-12-02T12:30:46","slug":"zakopane-kufel-do-piwa-miodzio-05-litra-harnas-2d","status":"publish","type":"product","link":"https:\/\/violmax.pl\/index.php\/produkt\/zakopane-kufel-do-piwa-miodzio-05-litra-harnas-2d\/","title":{"rendered":"ZAKOPANE, KUFEL DO PIWA &#8220;MIODZIO 2&#8221; 0,5 LITRA, HARNA\u015a 2D G\u00d3RY"},"content":{"rendered":"<p>&nbsp;<\/p>\n<p><img loading=\"lazy\" class=\"alignnone size-medium wp-image-3864\" src=\"http:\/\/violmax.pl\/wp-content\/uploads\/2020\/05\/ZAKOPANE_KUFEL_DO_PIWA_MIODZIO_500_ML_HARNAS_2D-250x300.jpg\" alt=\"\" width=\"250\" height=\"300\" srcset=\"https:\/\/violmax.pl\/wp-content\/uploads\/2020\/05\/ZAKOPANE_KUFEL_DO_PIWA_MIODZIO_500_ML_HARNAS_2D-250x300.jpg 250w, https:\/\/violmax.pl\/wp-content\/uploads\/2020\/05\/ZAKOPANE_KUFEL_DO_PIWA_MIODZIO_500_ML_HARNAS_2D-680x816.jpg 680w, https:\/\/violmax.pl\/wp-content\/uploads\/2020\/05\/ZAKOPANE_KUFEL_DO_PIWA_MIODZIO_500_ML_HARNAS_2D.jpg 750w\" sizes=\"(max-width: 250px) 100vw, 250px\" \/><\/p>\n<p>Kufel do piwa &#8221;Miodzio&#8221; o litra\u017cu 0,5 litra. Na kuflu s\u0105 wy\u017c\u0142obione charakterystyczne dla &#8221;miodzia&#8221; p\u0142aty w szkle.Na \u015brodku kufla umieszczony zosta\u0142 motyw g\u00f3rala z metalu w tzw formie 2D (jest nieco wypuk\u0142y). Genialna pami\u0105tka z Zakopanego. G\u00f3ral na szkle jest w kolorze starego z\u0142ota &#8211; robi wra\u017cenie.<\/p>\n","protected":false},"excerpt":{"rendered":"<p><img loading=\"lazy\" class=\"alignnone size-medium wp-image-3851\" src=\"http:\/\/violmax.pl\/wp-content\/uploads\/2020\/05\/VIOLMAX_POLSKA-7-300x28.jpg\" alt=\"\" width=\"300\" height=\"28\" \/><\/p>\n<p>&nbsp;<\/p>\n<p>Kufel do piwa &#8221;Miodzio&#8221; o litra\u017cu 0,5 litra. Na kuflu s\u0105 wy\u017c\u0142obione charakterystyczne dla &#8221;miodzia&#8221; p\u0142aty w szkle.Na \u015brodku kufla umieszczony zosta\u0142 motyw g\u00f3rala z metalu w tzw formie 2D (jest nieco wypuk\u0142y). Genialna pami\u0105tka z Zakopanego. G\u00f3ral na szkle jest w kolorze starego z\u0142ota &#8211; robi wra\u017cenie.<\/p>\n<p><strong><em>Minimalna ilo\u015b\u0107 zam\u00f3wienia &#8211; 6 sztuk (1 opakowanie)<\/em><br \/>\n<\/strong><\/p>\n<p><strong><em>Towar sprzedawany na opakowania<\/em><\/strong><\/p>\n<h3><span style=\"color: #ff0000;\">PRZY DODAWANIU DO KOSZYKA, NALE\u017bY DODAWA\u0106 KROTNO\u015a\u0106\u00a0 LICZBY 6 &#8211; (1 opak)\u00a0 np: 6 ; 12 ; 18 itd<\/span><\/h3>\n<h3><strong>CENA ZA SZTUK\u0118.<\/strong><\/h3>\n","protected":false},"featured_media":3864,"comment_status":"open","ping_status":"closed","template":"","meta":[],"_links":{"self":[{"href":"https:\/\/violmax.pl\/index.php\/wp-json\/wp\/v2\/product\/284"}],"collection":[{"href":"https:\/\/violmax.pl\/index.php\/wp-json\/wp\/v2\/product"}],"about":[{"href":"https:\/\/violmax.pl\/index.php\/wp-json\/wp\/v2\/types\/product"}],"replies":[{"embeddable":true,"href":"https:\/\/violmax.pl\/index.php\/wp-json\/wp\/v2\/comments?post=284"}],"wp:featuredmedia":[{"embeddable":true,"href":"https:\/\/violmax.pl\/index.php\/wp-json\/wp\/v2\/media\/3864"}],"wp:attachment":[{"href":"https:\/\/violmax.pl\/index.php\/wp-json\/wp\/v2\/media?parent=284"}],"curies":[{"name":"wp","href":"https:\/\/api.w.org\/{rel}","templated":true}]}}