{"id":2740,"date":"2020-04-11T13:23:47","date_gmt":"2020-04-11T11:23:47","guid":{"rendered":"http:\/\/violmax.pl\/?post_type=product&#038;p=2740"},"modified":"2025-12-02T13:27:40","modified_gmt":"2025-12-02T12:27:40","slug":"zakopane-kubek-kubas-400-ml-szron-chata-3","status":"publish","type":"product","link":"https:\/\/violmax.pl\/index.php\/produkt\/zakopane-kubek-kubas-400-ml-szron-chata-3\/","title":{"rendered":"ZAKOPANE, KUBEK \u201dKUBAS\u201d 400 ML, SZRON CHATA 3"},"content":{"rendered":"<p><img loading=\"lazy\" class=\"alignnone size-medium wp-image-2618\" src=\"http:\/\/violmax.pl\/wp-content\/uploads\/2020\/04\/ZAKOPANE_KUBEK_KUBAS_400_ML_SZRON_CHATA_3_2SZT-300x200.jpg\" alt=\"\" width=\"300\" height=\"200\" srcset=\"https:\/\/violmax.pl\/wp-content\/uploads\/2020\/04\/ZAKOPANE_KUBEK_KUBAS_400_ML_SZRON_CHATA_3_2SZT-300x200.jpg 300w, https:\/\/violmax.pl\/wp-content\/uploads\/2020\/04\/ZAKOPANE_KUBEK_KUBAS_400_ML_SZRON_CHATA_3_2SZT-768x512.jpg 768w, https:\/\/violmax.pl\/wp-content\/uploads\/2020\/04\/ZAKOPANE_KUBEK_KUBAS_400_ML_SZRON_CHATA_3_2SZT-1024x683.jpg 1024w, https:\/\/violmax.pl\/wp-content\/uploads\/2020\/04\/ZAKOPANE_KUBEK_KUBAS_400_ML_SZRON_CHATA_3_2SZT-680x453.jpg 680w, https:\/\/violmax.pl\/wp-content\/uploads\/2020\/04\/ZAKOPANE_KUBEK_KUBAS_400_ML_SZRON_CHATA_3_2SZT.jpg 1500w\" sizes=\"(max-width: 300px) 100vw, 300px\" \/><\/p>\n<p>Kubek \u201dKubas\u201d to kubek w oryginalnym kszta\u0142cie o pojemno\u015bci 400 ml z uchem. Zosta\u0142 precyzyjnie wypiaskowany. Bardzo wygodny, pojemny kubek, kt\u00f3ry nada si\u0119 praktycznie do ka\u017cdego rodzaju napoj\u00f3w\/trunk\u00f3w.Idealna pami\u0105tka z Zakopanego. Nadaje si\u0119 do mycia w zmywarce.<\/p>\n","protected":false},"excerpt":{"rendered":"<div class=\"woocommerce-product-details__short-description\">\n<div class=\"woocommerce-product-details__short-description\">\n<div class=\"woocommerce-product-details__short-description\">\n<p><img loading=\"lazy\" class=\"alignnone size-medium wp-image-4222\" src=\"http:\/\/violmax.pl\/wp-content\/uploads\/2020\/05\/VIOLMAX_POLSKA-5-300x28.jpg\" alt=\"\" width=\"300\" height=\"28\" \/><\/p>\n<p>&nbsp;<\/p>\n<p>Kubek \u201dKubas\u201d to kubek w oryginalnym kszta\u0142cie o pojemno\u015bci 400 ml z uchem. Zosta\u0142 precyzyjnie wypiaskowany. Bardzo wygodny, pojemny kubek, kt\u00f3ry nada si\u0119 praktycznie do ka\u017cdego rodzaju napoj\u00f3w\/trunk\u00f3w. Idealna pami\u0105tka z Zakopanego. Nadaje si\u0119 do mycia w zmywarce.<\/p>\n<p><strong><em>Minimalna ilo\u015b\u0107 zam\u00f3wienia \u2013 6 sztuk (1 opakowanie)<\/em><br \/>\n<\/strong><\/p>\n<p><strong><em>Towar sprzedawany na opakowania<\/em><\/strong><\/p>\n<h3><span style=\"color: #ff0000;\">PRZY DODAWANIU DO KOSZYKA, NALE\u017bY DODAWA\u0106 KROTNO\u015a\u0106\u00a0 LICZBY 6 &#8211; (1 opak)\u00a0 np: 6 ; 12 ; 18 itd<\/span><\/h3>\n<h3><strong>CENA ZA SZTUK\u0118.<\/strong><\/h3>\n<\/div>\n<\/div>\n<\/div>\n","protected":false},"featured_media":2618,"comment_status":"open","ping_status":"closed","template":"","meta":[],"_links":{"self":[{"href":"https:\/\/violmax.pl\/index.php\/wp-json\/wp\/v2\/product\/2740"}],"collection":[{"href":"https:\/\/violmax.pl\/index.php\/wp-json\/wp\/v2\/product"}],"about":[{"href":"https:\/\/violmax.pl\/index.php\/wp-json\/wp\/v2\/types\/product"}],"replies":[{"embeddable":true,"href":"https:\/\/violmax.pl\/index.php\/wp-json\/wp\/v2\/comments?post=2740"}],"wp:featuredmedia":[{"embeddable":true,"href":"https:\/\/violmax.pl\/index.php\/wp-json\/wp\/v2\/media\/2618"}],"wp:attachment":[{"href":"https:\/\/violmax.pl\/index.php\/wp-json\/wp\/v2\/media?parent=2740"}],"curies":[{"name":"wp","href":"https:\/\/api.w.org\/{rel}","templated":true}]}}