{"id":2697,"date":"2020-04-11T12:04:50","date_gmt":"2020-04-11T10:04:50","guid":{"rendered":"http:\/\/violmax.pl\/?post_type=product&#038;p=2697"},"modified":"2025-12-02T13:27:43","modified_gmt":"2025-12-02T12:27:43","slug":"zakopane-szklanka-do-wina-580-ml-szron-chata-2","status":"publish","type":"product","link":"https:\/\/violmax.pl\/index.php\/produkt\/zakopane-szklanka-do-wina-580-ml-szron-chata-2\/","title":{"rendered":"ZAKOPANE, SZKLANKA DO WINA 580 ML, SZRON CHATA 2"},"content":{"rendered":"<p><img loading=\"lazy\" class=\"alignnone size-medium wp-image-2664\" src=\"http:\/\/violmax.pl\/wp-content\/uploads\/2020\/04\/ZAKOPANE_SZKLANKA_DO_WINA_580_ML_SZRON_CHATA2_2SZT-300x200.jpg\" alt=\"\" width=\"300\" height=\"200\" srcset=\"https:\/\/violmax.pl\/wp-content\/uploads\/2020\/04\/ZAKOPANE_SZKLANKA_DO_WINA_580_ML_SZRON_CHATA2_2SZT-300x200.jpg 300w, https:\/\/violmax.pl\/wp-content\/uploads\/2020\/04\/ZAKOPANE_SZKLANKA_DO_WINA_580_ML_SZRON_CHATA2_2SZT-768x512.jpg 768w, https:\/\/violmax.pl\/wp-content\/uploads\/2020\/04\/ZAKOPANE_SZKLANKA_DO_WINA_580_ML_SZRON_CHATA2_2SZT-1024x683.jpg 1024w, https:\/\/violmax.pl\/wp-content\/uploads\/2020\/04\/ZAKOPANE_SZKLANKA_DO_WINA_580_ML_SZRON_CHATA2_2SZT-680x453.jpg 680w, https:\/\/violmax.pl\/wp-content\/uploads\/2020\/04\/ZAKOPANE_SZKLANKA_DO_WINA_580_ML_SZRON_CHATA2_2SZT.jpg 1500w\" sizes=\"(max-width: 300px) 100vw, 300px\" \/><img loading=\"lazy\" class=\"alignnone size-medium wp-image-2662\" src=\"http:\/\/violmax.pl\/wp-content\/uploads\/2020\/04\/ZAKOPANE_SZKLANKA_DO_WINA_580_ML_SZRON_CHATA2_1-300x300.jpg\" alt=\"\" width=\"300\" height=\"300\" srcset=\"https:\/\/violmax.pl\/wp-content\/uploads\/2020\/04\/ZAKOPANE_SZKLANKA_DO_WINA_580_ML_SZRON_CHATA2_1-300x300.jpg 300w, https:\/\/violmax.pl\/wp-content\/uploads\/2020\/04\/ZAKOPANE_SZKLANKA_DO_WINA_580_ML_SZRON_CHATA2_1-150x150.jpg 150w, https:\/\/violmax.pl\/wp-content\/uploads\/2020\/04\/ZAKOPANE_SZKLANKA_DO_WINA_580_ML_SZRON_CHATA2_1-768x768.jpg 768w, https:\/\/violmax.pl\/wp-content\/uploads\/2020\/04\/ZAKOPANE_SZKLANKA_DO_WINA_580_ML_SZRON_CHATA2_1-680x680.jpg 680w, https:\/\/violmax.pl\/wp-content\/uploads\/2020\/04\/ZAKOPANE_SZKLANKA_DO_WINA_580_ML_SZRON_CHATA2_1-100x100.jpg 100w, https:\/\/violmax.pl\/wp-content\/uploads\/2020\/04\/ZAKOPANE_SZKLANKA_DO_WINA_580_ML_SZRON_CHATA2_1.jpg 1000w\" sizes=\"(max-width: 300px) 100vw, 300px\" \/><img loading=\"lazy\" class=\"alignnone size-medium wp-image-2663\" src=\"http:\/\/violmax.pl\/wp-content\/uploads\/2020\/04\/ZAKOPANE_SZKLANKA_DO_WINA_580_ML_SZRON_CHATA2_2-300x300.jpg\" alt=\"\" width=\"300\" height=\"300\" srcset=\"https:\/\/violmax.pl\/wp-content\/uploads\/2020\/04\/ZAKOPANE_SZKLANKA_DO_WINA_580_ML_SZRON_CHATA2_2-300x300.jpg 300w, https:\/\/violmax.pl\/wp-content\/uploads\/2020\/04\/ZAKOPANE_SZKLANKA_DO_WINA_580_ML_SZRON_CHATA2_2-150x150.jpg 150w, https:\/\/violmax.pl\/wp-content\/uploads\/2020\/04\/ZAKOPANE_SZKLANKA_DO_WINA_580_ML_SZRON_CHATA2_2-768x768.jpg 768w, https:\/\/violmax.pl\/wp-content\/uploads\/2020\/04\/ZAKOPANE_SZKLANKA_DO_WINA_580_ML_SZRON_CHATA2_2-680x680.jpg 680w, https:\/\/violmax.pl\/wp-content\/uploads\/2020\/04\/ZAKOPANE_SZKLANKA_DO_WINA_580_ML_SZRON_CHATA2_2-100x100.jpg 100w, https:\/\/violmax.pl\/wp-content\/uploads\/2020\/04\/ZAKOPANE_SZKLANKA_DO_WINA_580_ML_SZRON_CHATA2_2.jpg 1000w\" sizes=\"(max-width: 300px) 100vw, 300px\" \/><\/p>\n<p>Szklanka do wina o poj. 580 ml do po\u0142owy w szronie, zdobiona na r\u00f3\u017cne g\u00f3ralskie wzory na Zakopane, tj Krup\u00f3wki, Guba\u0142\u00f3wka, schronisko, g\u00f3ral itp. Z ty\u0142u szklanki jest napis z nazw\u0105 miejscowo\u015bci &#8211; Zakopane. Bardzo wygodna szklanka, idealna pami\u0105tka. Pr\u00f3cz tego, \u017ce wygl\u0105da naprawd\u0119 okazale mo\u017ce s\u0142u\u017cy\u0107 przez d\u0142ugie lata do picia ulubionych drink\u00f3w. Nadaje si\u0119 do mycia w zmywarce.<\/p>\n","protected":false},"excerpt":{"rendered":"<p><img loading=\"lazy\" class=\"alignnone size-full wp-image-5364\" src=\"http:\/\/violmax.pl\/wp-content\/uploads\/2020\/10\/VIOLMAX_POLSKA-3.jpg\" alt=\"\" width=\"300\" height=\"28\" \/><\/p>\n<p>&nbsp;<\/p>\n<p>Szklanka do wina o poj. 580 ml do po\u0142owy w szronie, zdobiona na r\u00f3\u017cne g\u00f3ralskie wzory na Zakopane, tj Krup\u00f3wki, Guba\u0142\u00f3wka, schronisko, g\u00f3ral itp. Z ty\u0142u szklanki jest napis z nazw\u0105 miejscowo\u015bci &#8211; Zakopane. Bardzo wygodna szklanka, idealna pami\u0105tka. Pr\u00f3cz tego, \u017ce wygl\u0105da naprawd\u0119 okazale mo\u017ce s\u0142u\u017cy\u0107 przez d\u0142ugie lata do picia ulubionych drink\u00f3w. Nadaje si\u0119 do mycia w zmywarce.<\/p>\n<p><strong><em>Minimalna ilo\u015b\u0107 zam\u00f3wienia &#8211; 6 sztuk (1 opakowanie)<\/em><br \/>\n<\/strong><\/p>\n<p><strong><em>Towar sprzedawany na opakowania<\/em><\/strong><\/p>\n<h3><span style=\"color: #ff0000;\">PRZY DODAWANIU DO KOSZYKA, NALE\u017bY DODAWA\u0106 KROTNO\u015a\u0106\u00a0 LICZBY 6 &#8211; (1 opak)\u00a0 np: 6 ; 12 ; 18 itd<\/span><\/h3>\n<h3><strong>CENA ZA SZTUK\u0118.<\/strong><\/h3>\n","protected":false},"featured_media":2664,"comment_status":"open","ping_status":"closed","template":"","meta":[],"_links":{"self":[{"href":"https:\/\/violmax.pl\/index.php\/wp-json\/wp\/v2\/product\/2697"}],"collection":[{"href":"https:\/\/violmax.pl\/index.php\/wp-json\/wp\/v2\/product"}],"about":[{"href":"https:\/\/violmax.pl\/index.php\/wp-json\/wp\/v2\/types\/product"}],"replies":[{"embeddable":true,"href":"https:\/\/violmax.pl\/index.php\/wp-json\/wp\/v2\/comments?post=2697"}],"wp:featuredmedia":[{"embeddable":true,"href":"https:\/\/violmax.pl\/index.php\/wp-json\/wp\/v2\/media\/2664"}],"wp:attachment":[{"href":"https:\/\/violmax.pl\/index.php\/wp-json\/wp\/v2\/media?parent=2697"}],"curies":[{"name":"wp","href":"https:\/\/api.w.org\/{rel}","templated":true}]}}