{"id":2692,"date":"2020-04-11T11:51:31","date_gmt":"2020-04-11T09:51:31","guid":{"rendered":"http:\/\/violmax.pl\/?post_type=product&#038;p=2692"},"modified":"2025-12-02T13:27:43","modified_gmt":"2025-12-02T12:27:43","slug":"zakopane-szklanka-do-wina-580-ml-schronisko-szron","status":"publish","type":"product","link":"https:\/\/violmax.pl\/index.php\/produkt\/zakopane-szklanka-do-wina-580-ml-schronisko-szron\/","title":{"rendered":"ZAKOPANE, SZKLANKA DO WINA 580 ML, SZRON SCHRONISKO NAD MORSKIM OKIEM"},"content":{"rendered":"<p><img loading=\"lazy\" class=\"alignnone size-medium wp-image-5779\" src=\"http:\/\/violmax.pl\/wp-content\/uploads\/2020\/11\/Zakopane_szklanka_do_wina_580_ml_schronisko_szron-300x240.png\" alt=\"\" width=\"300\" height=\"240\" srcset=\"https:\/\/violmax.pl\/wp-content\/uploads\/2020\/11\/Zakopane_szklanka_do_wina_580_ml_schronisko_szron-300x240.png 300w, https:\/\/violmax.pl\/wp-content\/uploads\/2020\/11\/Zakopane_szklanka_do_wina_580_ml_schronisko_szron-768x614.png 768w, https:\/\/violmax.pl\/wp-content\/uploads\/2020\/11\/Zakopane_szklanka_do_wina_580_ml_schronisko_szron-320x256.png 320w, https:\/\/violmax.pl\/wp-content\/uploads\/2020\/11\/Zakopane_szklanka_do_wina_580_ml_schronisko_szron-680x544.png 680w, https:\/\/violmax.pl\/wp-content\/uploads\/2020\/11\/Zakopane_szklanka_do_wina_580_ml_schronisko_szron.png 900w\" sizes=\"(max-width: 300px) 100vw, 300px\" \/><\/p>\n<p>&nbsp;<\/p>\n<p>Szklanka do wina o pojemno\u015bci 580 ml do po\u0142owy w szronie, zdobiona na r\u00f3\u017cne g\u00f3ralskie wzory na Zakopane, tj Krup\u00f3wki, Guba\u0142\u00f3wka, schronisko, g\u00f3ral itp. Z ty\u0142u szklanki jest napis z nazw\u0105 miejscowo\u015bci &#8211; Zakopane. Dzi\u0119ki piaskowaniu sprawia wra\u017cenie jak by by\u0142a zmro\u017cona. Bardzo wygodna szklanka, idealna pami\u0105tka. Pr\u00f3cz tego, \u017ce wygl\u0105da naprawd\u0119 okazale mo\u017ce s\u0142u\u017cy\u0107 przez d\u0142ugie lata do picia ulubionego wina. Nadaje si\u0119 do mycia w zmywarce.<\/p>\n<p>&nbsp;<\/p>\n","protected":false},"excerpt":{"rendered":"<p><img loading=\"lazy\" class=\"alignnone size-full wp-image-5364\" src=\"http:\/\/violmax.pl\/wp-content\/uploads\/2020\/10\/VIOLMAX_POLSKA-3.jpg\" alt=\"\" width=\"300\" height=\"28\" \/><\/p>\n<p>&nbsp;<\/p>\n<p>Szklanka do wina o pojemno\u015bci 580 ml do po\u0142owy w szronie, zdobiona na r\u00f3\u017cne g\u00f3ralskie wzory na Zakopane, tj Krup\u00f3wki, Guba\u0142\u00f3wka, schronisko, g\u00f3ral itp. Z ty\u0142u szklanki jest napis z nazw\u0105 miejscowo\u015bci &#8211; Zakopane. Dzi\u0119ki piaskowaniu sprawia wra\u017cenie jak by by\u0142a zmro\u017cona. Bardzo wygodna szklanka, idealna pami\u0105tka. Pr\u00f3cz tego, \u017ce wygl\u0105da naprawd\u0119 okazale mo\u017ce s\u0142u\u017cy\u0107 przez d\u0142ugie lata do picia ulubionego wina. Nadaje si\u0119 do mycia w zmywarce.<\/p>\n<p><strong><em>Minimalna ilo\u015b\u0107 zam\u00f3wienia &#8211; 6 sztuk (1 opakowanie)<\/em><br \/>\n<\/strong><\/p>\n<p><strong><em>Towar sprzedawany na opakowania<\/em><\/strong><\/p>\n<h3><span style=\"color: #ff0000;\">PRZY DODAWANIU DO KOSZYKA, NALE\u017bY DODAWA\u0106 KROTNO\u015a\u0106\u00a0 LICZBY 6 &#8211; (1 opak)\u00a0 np: 6 ; 12 ; 18 itd<\/span><\/h3>\n<h3><strong>CENA ZA SZTUK\u0118.<\/strong><\/h3>\n","protected":false},"featured_media":5779,"comment_status":"open","ping_status":"closed","template":"","meta":[],"_links":{"self":[{"href":"https:\/\/violmax.pl\/index.php\/wp-json\/wp\/v2\/product\/2692"}],"collection":[{"href":"https:\/\/violmax.pl\/index.php\/wp-json\/wp\/v2\/product"}],"about":[{"href":"https:\/\/violmax.pl\/index.php\/wp-json\/wp\/v2\/types\/product"}],"replies":[{"embeddable":true,"href":"https:\/\/violmax.pl\/index.php\/wp-json\/wp\/v2\/comments?post=2692"}],"wp:featuredmedia":[{"embeddable":true,"href":"https:\/\/violmax.pl\/index.php\/wp-json\/wp\/v2\/media\/5779"}],"wp:attachment":[{"href":"https:\/\/violmax.pl\/index.php\/wp-json\/wp\/v2\/media?parent=2692"}],"curies":[{"name":"wp","href":"https:\/\/api.w.org\/{rel}","templated":true}]}}